{"id":228,"date":"2020-11-27T11:55:10","date_gmt":"2020-11-27T14:55:10","guid":{"rendered":"https:\/\/hugoribeiro.com.br\/?page_id=228"},"modified":"2021-02-08T20:45:04","modified_gmt":"2021-02-08T23:45:04","slug":"etnomusicologia","status":"publish","type":"page","link":"https:\/\/hugoribeiro.com.br\/index.php\/etnomusicologia\/","title":{"rendered":"Etnomusicologia"},"content":{"rendered":"\n<p>Nesta se\u00e7\u00e3o est\u00e3o dispon\u00edveis arquivos e links de interesse da \u00e1rea e de pesquisa em m\u00fasica em geral<\/p>\n","protected":false},"excerpt":{"rendered":"<p>Nesta se\u00e7\u00e3o est\u00e3o dispon\u00edveis arquivos e links de interesse da \u00e1rea e de pesquisa em m\u00fasica em geral<\/p>\n","protected":false},"author":1,"featured_media":0,"parent":0,"menu_order":0,"comment_status":"closed","ping_status":"closed","template":"","meta":{"_monsterinsights_skip_tracking":false,"_monsterinsights_sitenote_active":false,"_monsterinsights_sitenote_note":"","_monsterinsights_sitenote_category":0,"footnotes":""},"class_list":["post-228","page","type-page","status-publish","hentry"],"_links":{"self":[{"href":"https:\/\/hugoribeiro.com.br\/index.php\/wp-json\/wp\/v2\/pages\/228","targetHints":{"allow":["GET"]}}],"collection":[{"href":"https:\/\/hugoribeiro.com.br\/index.php\/wp-json\/wp\/v2\/pages"}],"about":[{"href":"https:\/\/hugoribeiro.com.br\/index.php\/wp-json\/wp\/v2\/types\/page"}],"author":[{"embeddable":true,"href":"https:\/\/hugoribeiro.com.br\/index.php\/wp-json\/wp\/v2\/users\/1"}],"replies":[{"embeddable":true,"href":"https:\/\/hugoribeiro.com.br\/index.php\/wp-json\/wp\/v2\/comments?post=228"}],"version-history":[{"count":4,"href":"https:\/\/hugoribeiro.com.br\/index.php\/wp-json\/wp\/v2\/pages\/228\/revisions"}],"predecessor-version":[{"id":395,"href":"https:\/\/hugoribeiro.com.br\/index.php\/wp-json\/wp\/v2\/pages\/228\/revisions\/395"}],"wp:attachment":[{"href":"https:\/\/hugoribeiro.com.br\/index.php\/wp-json\/wp\/v2\/media?parent=228"}],"curies":[{"name":"wp","href":"https:\/\/api.w.org\/{rel}","templated":true}]}}