{"id":230,"date":"2020-11-27T11:57:41","date_gmt":"2020-11-27T14:57:41","guid":{"rendered":"https:\/\/hugoribeiro.com.br\/?page_id=230"},"modified":"2020-11-27T12:14:55","modified_gmt":"2020-11-27T15:14:55","slug":"curso-online-de-musica","status":"publish","type":"page","link":"https:\/\/hugoribeiro.com.br\/index.php\/curso-online-de-musica\/","title":{"rendered":"Curso Online de M\u00fasica"},"content":{"rendered":"\n<h3 class=\"wp-block-heading\">P\u00e1gina Inicial<\/h3>\n\n\n\n<p>Neste site est\u00e3o algumas p\u00e1ginas referentes a conte\u00fados sobre m\u00fasica. A inten\u00e7\u00e3o \u00e9 criar um portal que possibilite a autoaprendizagem de diversos conte\u00fados musicais, desde contraponto, harmonia \u00e0 hist\u00f3ria da m\u00fasica, entre outros. Estar\u00e1 sempre em crescimento.<\/p>\n\n\n\n<p>No menu acima voc\u00ea poder\u00e1 escolher o assunto espec\u00edfico que pretende estudar, ou ir direto para a p\u00e1gina dos conceitos. Ambas est\u00e3o, de certa forma relacionadas. Seria quase uma p\u00e1gina WIKI, com links cruzados. Por exemplo: ao clicar no link do menu para o curso de&nbsp;<a href=\"https:\/\/hugoribeiro.com.br\/antiga\/COM\/Harmonia-2.php\">Harmonia 2<\/a>, voc\u00ea ser\u00e1 direcionado para a p\u00e1gina principal desse curso. Nessa p\u00e1gina haver\u00e1 textos com links (tipo uma p\u00e1gina wiki) para conceitos diversos, tais como&nbsp;<a href=\"https:\/\/hugoribeiro.com.br\/antiga\/COM\/modulacao.php\">modula\u00e7\u00e3o<\/a>. Ao clicar nesse link, voc\u00ea ir\u00e1 para uma p\u00e1gina espec\u00edfica para discutir esse conceito.<\/p>\n\n\n\n<p>A ideia principal \u00e9 ter pouco texto direto e mais links para fontes diversas sobre o assunto. Na p\u00e1gina modula\u00e7\u00e3o, por exemplo, haver\u00e1 uma breve explica\u00e7\u00e3o sobre o conceito, seguido de diversos links para textos que versem sobre o assunto. Desde verbetes do&nbsp;<a target=\"_blank\" href=\"http:\/\/www.oxfordmusiconline.com\/subscriber\/book\/omo_gmo\" rel=\"noreferrer noopener\"><em>Grove Music Online<\/em><\/a>, verbetes da&nbsp;<a target=\"_blank\" href=\"http:\/\/pt.wikipedia.org\/\" rel=\"noreferrer noopener\">Wikipedia<\/a>, artigos acad\u00eamicos (dissertativos, did\u00e1ticos, filos\u00f3ficos ou acad\u00eamicos) exemplos musicais completos ou recortados, partituras completas ou recortadas, arquivos multim\u00eddias (e.g., Mov ou Flash), etc.<\/p>\n\n\n\n<p>Existem alguns t\u00f3picos mais desenvolvidos, que foram criados h\u00e1 dez anos atr\u00e1s e eu os aproveitei. Assim como o in\u00edcio da tradu\u00e7\u00e3o de um site sobre m\u00fasica, que tamb\u00e9m parou pela metade. Mas estou aproveitando-os aqui tamb\u00e9m. Por isso, quando clicarem em&nbsp;<a target=\"_blank\" href=\"https:\/\/hugoribeiro.com.br\/antiga\/guia\/index.htm\" rel=\"noreferrer noopener\">Intro M\u00fasica<\/a>, ser\u00e3o levados para outro site intitulado &#8220;Introdu\u00e7\u00e3o \u00e0 M\u00fasica: um guia pr\u00e1tico para o iniciante&#8221;, escrito por Gary Daum e baseado no livro &#8220;Music: A User&#8217;s Guide for the Beginner&#8221;.<\/p>\n\n\n\n<p>As divis\u00f5es e nomes esquisitos das disciplinas ocorrem pois esse site foi criado enquanto eu ainda estou lecionando essas disciplinas na Universidade de Bras\u00edlia. Para se ter uma ideia, o nome completo da disciplina \u00e9 &#8220;Harmonia Superior 1&#8221;. Ningu\u00e9m merece um nome desse, n\u00e3o \u00e9? Por isso eu resumi para simplesmente&nbsp;<a href=\"https:\/\/hugoribeiro.com.br\/antiga\/COM\/Harmonia-1.php\">Harmonia 1<\/a>. Nessa p\u00e1gina estar\u00e1 todo o conte\u00fado referente \u00e0 essa disciplina na UnB. Outra sigla estranha \u00e9&nbsp;<a href=\"https:\/\/hugoribeiro.com.br\/antiga\/COM\/TCM-1.php\">TCM 1<\/a>, que se refere \u00e0 &#8220;Teorias Contempor\u00e2neas da M\u00fasica 1&#8221;. Ela aborda, basicamente, ideias composicionais utilizadas pelos compositores do final do S\u00e9culo IXX e in\u00edcio do S\u00e9culo XX. Est\u00e1, de certa forma, ligada \u00e0&nbsp;<a href=\"https:\/\/hugoribeiro.com.br\/antiga\/COM\/Historia_Musica.php\">Hist\u00f3ria da M\u00fasica<\/a>.<\/p>\n\n\n\n<p>Sabemos que a internet \u00e9 um espa\u00e7o democr\u00e1tico e de livre circula\u00e7\u00e3o de conhecimento diverso. Todavia, nem toda informa\u00e7\u00e3o disponibilizada na internet est\u00e1 em acordo com o que estudiosos sobre o assunto aceitam como &#8220;verdade&#8221; ou &#8220;correta&#8221; em nossa \u00e9poca atual. Um leigo ou um iniciante pode acabar encontrando um texto com informa\u00e7\u00f5es incorretas ou incompletas sobre determinado assunto e acreditar que ler tal texto ir\u00e1 suprir todo o conhecimento necess\u00e1rio. Eu tenho encontrado muito isso nos cursos de m\u00fasica a dist\u00e2ncia. Quando pe\u00e7o para um estudante gravar uma aula sobre, digamos, nacionalismo musical no s\u00e9culo XX, muitas vezes esse estudante escreve no google algumas palavras chaves e chega a textos com informa\u00e7\u00f5es que pouco tem a ver com o que eu desejava que ele tivesse estudado (compositores como Bela B\u00e1rtok e Britten, por exemplo).<\/p>\n\n\n\n<p>Assim sendo, esse site pode ser entendido como um local de refer\u00eancia para acessar um conte\u00fado que, em geral, j\u00e1 est\u00e1 dispon\u00edvel na internet. A diferen\u00e7a \u00e9 que toda informa\u00e7\u00e3o indexada por esse site ter\u00e1 sido revisada por especialistas no assunto, legitimando o conte\u00fado aqui disponibilizado.<\/p>\n\n\n\n<p>Espero que voc\u00eas aprendam bastante. Se quiserem ajudar nesse projeto, indicando novos sites, textos, exemplos, v\u00eddeos, etc., basta enviar um email para&nbsp;<a href=\"mailto:hugoleo75@gmail.com\">hugoleo75@gmail.com<\/a>&nbsp;Seu nome ser\u00e1 referenciado sempre que houver uma contribui\u00e7\u00e3o v\u00e1lida e efetiva.<\/p>\n","protected":false},"excerpt":{"rendered":"<p>P\u00e1gina Inicial Neste site est\u00e3o algumas p\u00e1ginas referentes a conte\u00fados sobre m\u00fasica. A inten\u00e7\u00e3o \u00e9 criar um portal que possibilite a autoaprendizagem de diversos conte\u00fados musicais, desde contraponto, harmonia \u00e0 hist\u00f3ria da m\u00fasica, entre outros. Estar\u00e1 sempre em crescimento. No menu acima voc\u00ea poder\u00e1 escolher o assunto espec\u00edfico que pretende estudar, ou ir direto para &hellip; <\/p>\n<p class=\"link-more\"><a href=\"https:\/\/hugoribeiro.com.br\/index.php\/curso-online-de-musica\/\" class=\"more-link\">Continue lendo<span class=\"screen-reader-text\"> &#8220;Curso Online de M\u00fasica&#8221;<\/span><\/a><\/p>\n","protected":false},"author":1,"featured_media":0,"parent":0,"menu_order":0,"comment_status":"closed","ping_status":"closed","template":"","meta":{"_monsterinsights_skip_tracking":false,"_monsterinsights_sitenote_active":false,"_monsterinsights_sitenote_note":"","_monsterinsights_sitenote_category":0,"footnotes":""},"class_list":["post-230","page","type-page","status-publish","hentry"],"_links":{"self":[{"href":"https:\/\/hugoribeiro.com.br\/index.php\/wp-json\/wp\/v2\/pages\/230","targetHints":{"allow":["GET"]}}],"collection":[{"href":"https:\/\/hugoribeiro.com.br\/index.php\/wp-json\/wp\/v2\/pages"}],"about":[{"href":"https:\/\/hugoribeiro.com.br\/index.php\/wp-json\/wp\/v2\/types\/page"}],"author":[{"embeddable":true,"href":"https:\/\/hugoribeiro.com.br\/index.php\/wp-json\/wp\/v2\/users\/1"}],"replies":[{"embeddable":true,"href":"https:\/\/hugoribeiro.com.br\/index.php\/wp-json\/wp\/v2\/comments?post=230"}],"version-history":[{"count":3,"href":"https:\/\/hugoribeiro.com.br\/index.php\/wp-json\/wp\/v2\/pages\/230\/revisions"}],"predecessor-version":[{"id":660,"href":"https:\/\/hugoribeiro.com.br\/index.php\/wp-json\/wp\/v2\/pages\/230\/revisions\/660"}],"wp:attachment":[{"href":"https:\/\/hugoribeiro.com.br\/index.php\/wp-json\/wp\/v2\/media?parent=230"}],"curies":[{"name":"wp","href":"https:\/\/api.w.org\/{rel}","templated":true}]}}