{"id":232,"date":"2020-11-27T11:59:04","date_gmt":"2020-11-27T14:59:04","guid":{"rendered":"https:\/\/hugoribeiro.com.br\/?page_id=232"},"modified":"2021-02-12T20:19:44","modified_gmt":"2021-02-12T23:19:44","slug":"etnomusicologo","status":"publish","type":"page","link":"https:\/\/hugoribeiro.com.br\/index.php\/etnomusicologo\/","title":{"rendered":"Etnomusic\u00f3logo"},"content":{"rendered":"\n<p>Posso dizer que iniciei na etnomusicologia por acaso. Talvez at\u00e9 tenha trope\u00e7ado nela. \u00c9 que durante meu \u00faltimo ano de gradua\u00e7\u00e3o em composi\u00e7\u00e3o na UFBA, entrei no grupo de pesquisa NEMUS (N\u00facleo de Estudos Musicais) coordenado por Manuel Veiga. Nessa \u00e9poca est\u00e1vamos trabalhando no projeto &#8220;Impress\u00e3o Musical na Bahia&#8221; e eu ficava respons\u00e1vel em ir \u00e0s bibliotecas e arquivos p\u00fablicos digitalizar, ou melhor, fotografar com c\u00e2mera digital todo o acervo de partituras impressas na Bahia ou que tivessem rela\u00e7\u00e3o com a Bahia (editadas na Bahia, compositores bahianos, publicadas por revistas ou peri\u00f3dicos bahianos, etc&#8230;). Para maiores informa\u00e7\u00f5es sobre esse grupo de pesquisa e seus projetos, visitem a homepage www.nemus.ufba.br. Quando estava no \u00faltimo semestre, e decidido a encarar uma p\u00f3s-gradua\u00e7\u00e3o logo de cara, fiquei indeciso sobre as possibilidades: Composi\u00e7\u00e3o ou Educa\u00e7\u00e3o Musical. Etnomusicologia sequer tinha passado pela minha cabe\u00e7a, quando Manuel Veiga me aconselhou: &#8220;Etnomusicologia n\u00e3o faz mal \u00e0 ningu\u00e9m&#8230;.&#8221; (risos).<\/p>\n\n\n\n<p>Pois \u00e9, acabei entrando no mestrado em etnomusicologia, em janeiro de 2001, sob a orienta\u00e7\u00e3o de Manuel Veiga, e fiz uma disserta\u00e7\u00e3o sobre as Taieiras intitulada: &#8220;Taieiras de Sergipe: uma tradi\u00e7\u00e3o revista&#8221;. N\u00e3o vou entra em detalhes sobre o conte\u00fado da disserta\u00e7\u00e3o, at\u00e9 mesmo porque ela est\u00e1 dispon\u00edvel para baixar na se\u00e7\u00e3o de downloads.<\/p>\n\n\n\n<p>Mas eu criei <a href=\"https:\/\/hugoribeiro.com.br\/index.php\/taieiras-de-sergipe\/\">essa p\u00e1gina<\/a> para disponibilizar os arquivos da pesquisa de campo, como grava\u00e7\u00f5es, fotos, v\u00eddeos, etc.<\/p>\n\n\n\n<p><\/p>\n","protected":false},"excerpt":{"rendered":"<p>Posso dizer que iniciei na etnomusicologia por acaso. Talvez at\u00e9 tenha trope\u00e7ado nela. \u00c9 que durante meu \u00faltimo ano de gradua\u00e7\u00e3o em composi\u00e7\u00e3o na UFBA, entrei no grupo de pesquisa NEMUS (N\u00facleo de Estudos Musicais) coordenado por Manuel Veiga. Nessa \u00e9poca est\u00e1vamos trabalhando no projeto &#8220;Impress\u00e3o Musical na Bahia&#8221; e eu ficava respons\u00e1vel em ir &hellip; <\/p>\n<p class=\"link-more\"><a href=\"https:\/\/hugoribeiro.com.br\/index.php\/etnomusicologo\/\" class=\"more-link\">Continue lendo<span class=\"screen-reader-text\"> &#8220;Etnomusic\u00f3logo&#8221;<\/span><\/a><\/p>\n","protected":false},"author":1,"featured_media":0,"parent":0,"menu_order":0,"comment_status":"closed","ping_status":"closed","template":"","meta":{"_monsterinsights_skip_tracking":false,"_monsterinsights_sitenote_active":false,"_monsterinsights_sitenote_note":"","_monsterinsights_sitenote_category":0,"footnotes":""},"class_list":["post-232","page","type-page","status-publish","hentry"],"_links":{"self":[{"href":"https:\/\/hugoribeiro.com.br\/index.php\/wp-json\/wp\/v2\/pages\/232","targetHints":{"allow":["GET"]}}],"collection":[{"href":"https:\/\/hugoribeiro.com.br\/index.php\/wp-json\/wp\/v2\/pages"}],"about":[{"href":"https:\/\/hugoribeiro.com.br\/index.php\/wp-json\/wp\/v2\/types\/page"}],"author":[{"embeddable":true,"href":"https:\/\/hugoribeiro.com.br\/index.php\/wp-json\/wp\/v2\/users\/1"}],"replies":[{"embeddable":true,"href":"https:\/\/hugoribeiro.com.br\/index.php\/wp-json\/wp\/v2\/comments?post=232"}],"version-history":[{"count":2,"href":"https:\/\/hugoribeiro.com.br\/index.php\/wp-json\/wp\/v2\/pages\/232\/revisions"}],"predecessor-version":[{"id":426,"href":"https:\/\/hugoribeiro.com.br\/index.php\/wp-json\/wp\/v2\/pages\/232\/revisions\/426"}],"wp:attachment":[{"href":"https:\/\/hugoribeiro.com.br\/index.php\/wp-json\/wp\/v2\/media?parent=232"}],"curies":[{"name":"wp","href":"https:\/\/api.w.org\/{rel}","templated":true}]}}