{"id":241,"date":"2020-11-27T12:01:58","date_gmt":"2020-11-27T15:01:58","guid":{"rendered":"https:\/\/hugoribeiro.com.br\/?page_id=241"},"modified":"2020-11-27T12:01:58","modified_gmt":"2020-11-27T15:01:58","slug":"regente-2","status":"publish","type":"page","link":"https:\/\/hugoribeiro.com.br\/index.php\/regente-2\/","title":{"rendered":"Regente"},"content":{"rendered":"\n<p>Estudei reg\u00eancia durante o curso de Composi\u00e7\u00e3o na UFBA com os professores Ernesto Reis, Jos\u00e9 Maur\u00edcio Brand\u00e3o e Angelo Rafael. Tamb\u00e9m participei dos I Cursos de F\u00e9rias do Conservat\u00f3rio de M\u00fasica de Sergipe como aluno do curso de reg\u00eancia ministrado por Angelo Rafael em julho de 1999. Nesse ano regi o Coral Jovem do CMS, com o qual fiz quatro apresenta\u00e7\u00f5es, a primeira durante a I Semana Nacional da Voz, nos corredores do Shopping Jardins; a segunda durante o Encontro Sergipano de Coros; a terceira no Encontro Nacional de Coros de Sergipe; e por \u00faltimo no encerramento das aulas do CMS. No repert\u00f3rio inclui o &#8220;Forrobod\u00f3 da Saparia&#8221; e a &#8220;Missa Nordestina&#8221; de Lindemberg Cardoso, &#8220;A Banda&#8221; de Chico Buarque arranjada por Eduardo D. Carvalho, entre outras.<\/p>\n","protected":false},"excerpt":{"rendered":"<p>Estudei reg\u00eancia durante o curso de Composi\u00e7\u00e3o na UFBA com os professores Ernesto Reis, Jos\u00e9 Maur\u00edcio Brand\u00e3o e Angelo Rafael. Tamb\u00e9m participei dos I Cursos de F\u00e9rias do Conservat\u00f3rio de M\u00fasica de Sergipe como aluno do curso de reg\u00eancia ministrado por Angelo Rafael em julho de 1999. Nesse ano regi o Coral Jovem do CMS, &hellip; <\/p>\n<p class=\"link-more\"><a href=\"https:\/\/hugoribeiro.com.br\/index.php\/regente-2\/\" class=\"more-link\">Continue lendo<span class=\"screen-reader-text\"> &#8220;Regente&#8221;<\/span><\/a><\/p>\n","protected":false},"author":1,"featured_media":0,"parent":0,"menu_order":0,"comment_status":"closed","ping_status":"closed","template":"","meta":{"_monsterinsights_skip_tracking":false,"_monsterinsights_sitenote_active":false,"_monsterinsights_sitenote_note":"","_monsterinsights_sitenote_category":0,"footnotes":""},"class_list":["post-241","page","type-page","status-publish","hentry"],"_links":{"self":[{"href":"https:\/\/hugoribeiro.com.br\/index.php\/wp-json\/wp\/v2\/pages\/241","targetHints":{"allow":["GET"]}}],"collection":[{"href":"https:\/\/hugoribeiro.com.br\/index.php\/wp-json\/wp\/v2\/pages"}],"about":[{"href":"https:\/\/hugoribeiro.com.br\/index.php\/wp-json\/wp\/v2\/types\/page"}],"author":[{"embeddable":true,"href":"https:\/\/hugoribeiro.com.br\/index.php\/wp-json\/wp\/v2\/users\/1"}],"replies":[{"embeddable":true,"href":"https:\/\/hugoribeiro.com.br\/index.php\/wp-json\/wp\/v2\/comments?post=241"}],"version-history":[{"count":1,"href":"https:\/\/hugoribeiro.com.br\/index.php\/wp-json\/wp\/v2\/pages\/241\/revisions"}],"predecessor-version":[{"id":242,"href":"https:\/\/hugoribeiro.com.br\/index.php\/wp-json\/wp\/v2\/pages\/241\/revisions\/242"}],"wp:attachment":[{"href":"https:\/\/hugoribeiro.com.br\/index.php\/wp-json\/wp\/v2\/media?parent=241"}],"curies":[{"name":"wp","href":"https:\/\/api.w.org\/{rel}","templated":true}]}}