{"id":243,"date":"2020-11-27T12:02:27","date_gmt":"2020-11-27T15:02:27","guid":{"rendered":"https:\/\/hugoribeiro.com.br\/?page_id=243"},"modified":"2020-12-22T18:54:31","modified_gmt":"2020-12-22T21:54:31","slug":"professor","status":"publish","type":"page","link":"https:\/\/hugoribeiro.com.br\/index.php\/professor\/","title":{"rendered":"Professor"},"content":{"rendered":"\n<h3 class=\"wp-block-heading\">Universidade Federal da Bahia<\/h3>\n\n\n\n<p>No ano de 2001 lecionei a disciplina Percep\u00e7\u00e3o II como bolsista PROCES (Programa de Capacita\u00e7\u00e3o ao Ensino Superior) oferecida aos alunos da p\u00f3s-gradua\u00e7\u00e3o da UFBA<\/p>\n\n\n\n<h3 class=\"wp-block-heading\">Conservat\u00f3rio de M\u00fasica de Sergipe (1999-2003)<\/h3>\n\n\n\n<p>Durante o ano de 1999 fui contratado para lecionar viol\u00e3o, m\u00fasica popular brasileira, e reger o Coral Jovem do CMS. Em 2001 voltei a lecionar na mesma institui\u00e7\u00e3o, dessa vez somente aulas de guitarra.<\/p>\n\n\n\n<h3 class=\"wp-block-heading\">Projeto Novos Sons<\/h3>\n\n\n\n<p>No ano de 2000 ministrei um workshop sobre improvisa\u00e7\u00e3o baseada somente em pentat\u00f4nicas, utilizando todos os cinco modos, com uma abordagem individual para cada acorde.<\/p>\n\n\n\n<h3 class=\"wp-block-heading\">Cursos de F\u00e9rias<\/h3>\n\n\n\n<p>Em 1999 participei dos Cursos de F\u00e9rias do Conservat\u00f3rio de M\u00fasica de Sergipe ministrando os cursos de Harmonia e Arranjo, e Improvisa\u00e7\u00e3o. As outras oficinas foram Reg\u00eancia (Angelo Rafael), Bateria (Thomas Stalder) e Canto (Francisco Bento).<\/p>\n\n\n\n<p>Em 2000 organizei os Cursos de F\u00e9rias de M\u00fasica Popular de 17 a 22 de julho, que contou com os cursos de Guitarra (Marcus Vin\u00edcius), Baixo (Emanuel Jorge), Bateria (Rafael Jr.), e Harmonia e Arranjo (Hugo L. Ribeiro).Al\u00e9m do curso superior em m\u00fasica, participei de diversos cursos e workshops que realmente fizeram diferen\u00e7a na minha forma\u00e7\u00e3o como m\u00fasico. Destaco os seguintes:&nbsp;&nbsp; &nbsp;<\/p>\n\n\n\n<h3 class=\"wp-block-heading\">Alvino Argollo (1993)<\/h3>\n\n\n\n<div class=\"wp-block-image\"><figure class=\"aligncenter\"><img decoding=\"async\" src=\"http:\/\/localhost\/hugoribeiro\/fotos\/argollo.jpg\" alt=\"argollo\"\/><\/figure><\/div>\n\n\n\n<p>Curso de viol\u00e3o popular ministrado por Alvino Argollo no Cultart\/UFS no ano de 1993.<\/p>\n\n\n\n<h3 class=\"wp-block-heading\">Jason Rebello (1995)<\/h3>\n\n\n\n<p>Ocorreu na Escola de M\u00fasica da UFBA, quando o pianista explanou sobre a abordagem jazz\u00edstica sobre temas instrumentais, e din\u00e2mica em grupo Jazz.<\/p>\n\n\n\n<h3 class=\"wp-block-heading\">Alcides Lisboa (1996)<\/h3>\n\n\n\n<p>Curso no qual Alcides Lisboa, que posteriormente viria a ser meu professor de piano durante a gradua\u00e7\u00e3o, discursou sobre o piano como instrumento de acompanhamento no Jazz. Escola de M\u00fasica da UFBA. &nbsp;<\/p>\n\n\n\n<h3 class=\"wp-block-heading\">Scott Henderson (1998)<\/h3>\n\n\n\n<div class=\"wp-block-image\"><figure class=\"aligncenter\"><img decoding=\"async\" src=\"http:\/\/localhost\/hugoribeiro\/fotos\/henderson.jpg\" alt=\"henderson\"\/><\/figure><\/div>\n\n\n\n<p>Workshop sobre improvisa\u00e7\u00e3o para guitarristas, abordando principalmente a utiliza\u00e7\u00e3o de escalas sobre acordes, ministrado no audit\u00f3rio do Solar do Unh\u00e3o, Salvador &#8211; BA.<\/p>\n\n\n\n<h3 class=\"wp-block-heading\">Dori Caymmi (1998)<\/h3>\n\n\n\n<div class=\"wp-block-image\"><figure class=\"aligncenter\"><img decoding=\"async\" src=\"http:\/\/localhost\/hugoribeiro\/fotos\/dori.jpg\" alt=\"Dori\"\/><\/figure><\/div>\n\n\n\n<p>Curso sobre arranjo de m\u00fasica popular, na Escola de M\u00fasica da UFBA. Na verdade foi um grande bate papo. Foi divertido, hehehe.<\/p>\n\n\n\n<h3 class=\"wp-block-heading\">Ian Guest (1999)<\/h3>\n\n\n\n<p>Curso sobre harmonia na m\u00fasica popular, na Escola de M\u00fasica da UFBA. Muito interessante, me ajudou muito no entendimento das dominantes e sens\u00edveis secund\u00e1rias&#8230;<\/p>\n","protected":false},"excerpt":{"rendered":"<p>Universidade Federal da Bahia No ano de 2001 lecionei a disciplina Percep\u00e7\u00e3o II como bolsista PROCES (Programa de Capacita\u00e7\u00e3o ao Ensino Superior) oferecida aos alunos da p\u00f3s-gradua\u00e7\u00e3o da UFBA Conservat\u00f3rio de M\u00fasica de Sergipe (1999-2003) Durante o ano de 1999 fui contratado para lecionar viol\u00e3o, m\u00fasica popular brasileira, e reger o Coral Jovem do CMS. &hellip; <\/p>\n<p class=\"link-more\"><a href=\"https:\/\/hugoribeiro.com.br\/index.php\/professor\/\" class=\"more-link\">Continue lendo<span class=\"screen-reader-text\"> &#8220;Professor&#8221;<\/span><\/a><\/p>\n","protected":false},"author":1,"featured_media":0,"parent":0,"menu_order":0,"comment_status":"closed","ping_status":"closed","template":"","meta":{"_monsterinsights_skip_tracking":false,"_monsterinsights_sitenote_active":false,"_monsterinsights_sitenote_note":"","_monsterinsights_sitenote_category":0,"footnotes":""},"class_list":["post-243","page","type-page","status-publish","hentry"],"_links":{"self":[{"href":"https:\/\/hugoribeiro.com.br\/index.php\/wp-json\/wp\/v2\/pages\/243","targetHints":{"allow":["GET"]}}],"collection":[{"href":"https:\/\/hugoribeiro.com.br\/index.php\/wp-json\/wp\/v2\/pages"}],"about":[{"href":"https:\/\/hugoribeiro.com.br\/index.php\/wp-json\/wp\/v2\/types\/page"}],"author":[{"embeddable":true,"href":"https:\/\/hugoribeiro.com.br\/index.php\/wp-json\/wp\/v2\/users\/1"}],"replies":[{"embeddable":true,"href":"https:\/\/hugoribeiro.com.br\/index.php\/wp-json\/wp\/v2\/comments?post=243"}],"version-history":[{"count":3,"href":"https:\/\/hugoribeiro.com.br\/index.php\/wp-json\/wp\/v2\/pages\/243\/revisions"}],"predecessor-version":[{"id":338,"href":"https:\/\/hugoribeiro.com.br\/index.php\/wp-json\/wp\/v2\/pages\/243\/revisions\/338"}],"wp:attachment":[{"href":"https:\/\/hugoribeiro.com.br\/index.php\/wp-json\/wp\/v2\/media?parent=243"}],"curies":[{"name":"wp","href":"https:\/\/api.w.org\/{rel}","templated":true}]}}