{"id":247,"date":"2020-11-27T12:03:48","date_gmt":"2020-11-27T15:03:48","guid":{"rendered":"https:\/\/hugoribeiro.com.br\/?page_id=247"},"modified":"2021-09-28T19:16:51","modified_gmt":"2021-09-28T22:16:51","slug":"composicoes","status":"publish","type":"page","link":"https:\/\/hugoribeiro.com.br\/index.php\/composicoes\/","title":{"rendered":"Composi\u00e7\u00f5es"},"content":{"rendered":"\n<p>Nessa p\u00e1gina voc\u00ea ir\u00e1 encontrar partituras de m\u00fasicas que eu compus desde o per\u00edodo que era estudante do curso de composi\u00e7\u00e3o da UFBA at\u00e9 os dias atuais. Est\u00e3o em ordem cronol\u00f3gica inversa (do mais recente para o mais antigo).<\/p>\n\n\n\n<p><strong>Citamorhc<\/strong><br>Pe\u00e7a para teclado percussivo (marimba ou vibrafone), 2 trompetes, 2 guitarras, baixo e bateria.<br><a href=\"https:\/\/hugoribeiro.com.br\/antiga\/biblioteca-digital\/Citamorhc.pdf\" target=\"_blank\" rel=\"noreferrer noopener\">Download do arquivo PDF<\/a><br><a href=\"https:\/\/hugoribeiro.com.br\/antiga\/biblioteca-digital\/Citamorhc.mp3\" target=\"_blank\" rel=\"noreferrer noopener\">Download do arquivo MP3<\/a><\/p>\n\n\n\n<p><strong>Apocalipse<\/strong><br>Pe\u00e7a para orquestra sinf\u00f4nica, c\u00f4ro e solistas.<br><a href=\"https:\/\/hugoribeiro.com.br\/antiga\/biblioteca-digital\/apocalipse.pdf\" target=\"_blank\" rel=\"noreferrer noopener\">Download do arquivo PDF<\/a><\/p>\n\n\n\n<p><strong>Pateta e a F\u00e1brica de Rel\u00f3gios<\/strong><br>Pe\u00e7a para orquestra sinf\u00f4nica.<br><a href=\"https:\/\/hugoribeiro.com.br\/antiga\/biblioteca-digital\/pateta.pdf\" target=\"_blank\" rel=\"noreferrer noopener\">Download do arquivo PDF<\/a><br><a href=\"https:\/\/hugoribeiro.com.br\/antiga\/biblioteca-digital\/pateta.jpg\" target=\"_blank\" rel=\"noreferrer noopener\">Download do arquivo JPG (hist\u00f3ria em quadrinho)<\/a><br><a href=\"https:\/\/hugoribeiro.com.br\/antiga\/biblioteca-digital\/pateta.mp3\" target=\"_blank\" rel=\"noreferrer noopener\">Download do arquivo MP3<\/a><br><a href=\"https:\/\/youtu.be\/BtGR7EZ2pnY\" target=\"_blank\" rel=\"noreferrer noopener\">V\u00eddeo de Youtube&nbsp;<\/a>da execu\u00e7\u00e3o dessa pe\u00e7a pela Orquestra Sinf\u00f4nica da Bahia (OSBA), no Teatro Castro Alves, em 17 de maio de 2006, regida por Erick Vasconcleos<\/p>\n\n\n\n<p><strong>Can\u00e7\u00e3o para ti (About you)<\/strong><br>Melodia e harmonia.<br><a href=\"https:\/\/hugoribeiro.com.br\/antiga\/biblioteca-digital\/cancao_para_ti-About_you.pdf\" target=\"_blank\" rel=\"noreferrer noopener\">Download do arquivo PDF<\/a><br><a href=\"https:\/\/hugoribeiro.com.br\/antiga\/biblioteca-digital\/about_you.mp3\" target=\"_blank\" rel=\"noreferrer noopener\">Download do arquivo MP3 1<\/a><br><a href=\"https:\/\/hugoribeiro.com.br\/antiga\/biblioteca-digital\/about.mp3\" target=\"_blank\" rel=\"noreferrer noopener\">Download do arquivo MP3 2<\/a><\/p>\n\n\n\n<p><strong>Estudo 1<\/strong><br>Viol\u00e3o solo.<br><a href=\"https:\/\/hugoribeiro.com.br\/antiga\/biblioteca-digital\/estudo1.pdf\" target=\"_blank\" rel=\"noreferrer noopener\">Download do arquivo PDF<\/a><br><a href=\"https:\/\/hugoribeiro.com.br\/antiga\/biblioteca-digital\/estudo_1.mp3\" target=\"_blank\" rel=\"noreferrer noopener\">Download do arquivo MP3<\/a><\/p>\n\n\n\n<p><strong>Estudo 2<\/strong><br>Viol\u00e3o solo.<br><a href=\"https:\/\/hugoribeiro.com.br\/antiga\/biblioteca-digital\/estudo2.pdf\" target=\"_blank\" rel=\"noreferrer noopener\">Download do arquivo PDF<\/a><br><a href=\"https:\/\/hugoribeiro.com.br\/antiga\/biblioteca-digital\/estudo_2.mp3\" target=\"_blank\" rel=\"noreferrer noopener\">Download do arquivo MP3<\/a><\/p>\n\n\n\n<p><strong>Estudo 3<\/strong><br>Viol\u00e3o solo.<br><a href=\"https:\/\/hugoribeiro.com.br\/antiga\/biblioteca-digital\/estudo3.pdf\" target=\"_blank\" rel=\"noreferrer noopener\">Download do arquivo PDF<\/a><br><a href=\"https:\/\/hugoribeiro.com.br\/antiga\/biblioteca-digital\/estudo_3.mp3\" target=\"_blank\" rel=\"noreferrer noopener\">Download do arquivo MP3<\/a><\/p>\n\n\n\n<p><strong>Estudo 4<\/strong><br>Viol\u00e3o solo.<br><a href=\"https:\/\/hugoribeiro.com.br\/antiga\/biblioteca-digital\/estudo4.pdf\" target=\"_blank\" rel=\"noreferrer noopener\">Download do arquivo PDF<\/a><\/p>\n\n\n\n<p><strong>Duo<\/strong><br>Viol\u00f5es.<br><a href=\"https:\/\/hugoribeiro.com.br\/antiga\/biblioteca-digital\/duo.pdf\" target=\"_blank\" rel=\"noreferrer noopener\">Download do arquivo PDF<\/a><\/p>\n\n\n\n<p><strong>Fugue for a giant (Viol\u00e3o)<\/strong><br>Quarteto de viol\u00f5es.<br><a href=\"https:\/\/hugoribeiro.com.br\/antiga\/biblioteca-digital\/fugue_for_a_giant_violao.pdf\" target=\"_blank\" rel=\"noreferrer noopener\">Download do arquivo PDF<\/a><\/p>\n\n\n\n<p><strong>Fugue for a giant (Violoncello)<\/strong><br>Octeto de violoncelos.<br><a href=\"https:\/\/hugoribeiro.com.br\/antiga\/biblioteca-digital\/fugue_for_a_giant.pdf\" target=\"_blank\" rel=\"noreferrer noopener\">Download do arquivo PDF<\/a><br><a href=\"https:\/\/hugoribeiro.com.br\/antiga\/biblioteca-digital\/fugue_for_a_giant.mp3\" target=\"_blank\" rel=\"noreferrer noopener\">Download do arquivo MP3<\/a><\/p>\n\n\n\n<p><strong>Rond\u00f3<\/strong><br>Piano solo.<br><a href=\"https:\/\/hugoribeiro.com.br\/antiga\/biblioteca-digital\/rondo.pdf\" target=\"_blank\" rel=\"noreferrer noopener\">Download do arquivo PDF<\/a><br><a href=\"https:\/\/hugoribeiro.com.br\/antiga\/biblioteca-digital\/rondo.mp3\" target=\"_blank\" rel=\"noreferrer noopener\">Download do arquivo MP3<\/a><\/p>\n\n\n\n<p><strong>Fugato<\/strong><br>Piano solo.<br><a href=\"https:\/\/hugoribeiro.com.br\/antiga\/biblioteca-digital\/fugato.pdf\" target=\"_blank\" rel=\"noreferrer noopener\">Download do arquivo PDF<\/a><br><a href=\"https:\/\/hugoribeiro.com.br\/antiga\/biblioteca-digital\/fugato.mp3\" target=\"_blank\" rel=\"noreferrer noopener\">Download do arquivo MP3<\/a><\/p>\n\n\n\n<p><strong>Imita\u00e7\u00f5es<\/strong><br>Quarteto de viol\u00f5es.<br><a href=\"https:\/\/hugoribeiro.com.br\/antiga\/biblioteca-digital\/imitacoes.pdf\" target=\"_blank\" rel=\"noreferrer noopener\">Download do arquivo PDF<\/a><\/p>\n\n\n\n<p><strong>Musica 2001<\/strong><br>Quarteto de saxofones.<br><a href=\"https:\/\/hugoribeiro.com.br\/antiga\/biblioteca-digital\/musica_2001.pdf\" target=\"_blank\" rel=\"noreferrer noopener\">Download do arquivo PDF<\/a><\/p>\n\n\n\n<p><strong>Sonhos e vis\u00f5es<\/strong><br>Melodia e harmonia.<br><a href=\"https:\/\/hugoribeiro.com.br\/antiga\/biblioteca-digital\/sonhos_e_visoes.pdf\" target=\"_blank\" rel=\"noreferrer noopener\">Download do arquivo PDF<\/a><\/p>\n\n\n\n<p><strong>Taieiras 1<\/strong><br>Coro a capela.<br><a href=\"https:\/\/hugoribeiro.com.br\/biblioteca-digital\/taieiras1.pdf\" target=\"_blank\" rel=\"noreferrer noopener\">Download do arquivo PDF<\/a><br><a href=\"https:\/\/hugoribeiro.com.br\/biblioteca-digital\/taieiras1.mp3\" target=\"_blank\" rel=\"noreferrer noopener\">Download do arquivo MP3 (som de piano a partir do arquivo MIDI)<\/a><\/p>\n\n\n\n<p><strong>Taieiras 2<\/strong><br>Coro a capela.<br><a rel=\"noreferrer noopener\" href=\"https:\/\/hugoribeiro.com.br\/biblioteca-digital\/taieiras2.pdf\" target=\"_blank\">Download do arquivo PDF<\/a><br><a href=\"https:\/\/hugoribeiro.com.br\/biblioteca-digital\/taieiras2.mp3\" target=\"_blank\" rel=\"noreferrer noopener\">Download do arquivo MP3 (som de piano a partir do arquivo MIDI)<\/a><\/p>\n","protected":false},"excerpt":{"rendered":"<p>Nessa p\u00e1gina voc\u00ea ir\u00e1 encontrar partituras de m\u00fasicas que eu compus desde o per\u00edodo que era estudante do curso de composi\u00e7\u00e3o da UFBA at\u00e9 os dias atuais. Est\u00e3o em ordem cronol\u00f3gica inversa (do mais recente para o mais antigo). CitamorhcPe\u00e7a para teclado percussivo (marimba ou vibrafone), 2 trompetes, 2 guitarras, baixo e bateria.Download do arquivo &hellip; <\/p>\n<p class=\"link-more\"><a href=\"https:\/\/hugoribeiro.com.br\/index.php\/composicoes\/\" class=\"more-link\">Continue lendo<span class=\"screen-reader-text\"> &#8220;Composi\u00e7\u00f5es&#8221;<\/span><\/a><\/p>\n","protected":false},"author":1,"featured_media":0,"parent":0,"menu_order":0,"comment_status":"closed","ping_status":"closed","template":"","meta":{"_monsterinsights_skip_tracking":false,"_monsterinsights_sitenote_active":false,"_monsterinsights_sitenote_note":"","_monsterinsights_sitenote_category":0,"footnotes":""},"class_list":["post-247","page","type-page","status-publish","hentry"],"_links":{"self":[{"href":"https:\/\/hugoribeiro.com.br\/index.php\/wp-json\/wp\/v2\/pages\/247","targetHints":{"allow":["GET"]}}],"collection":[{"href":"https:\/\/hugoribeiro.com.br\/index.php\/wp-json\/wp\/v2\/pages"}],"about":[{"href":"https:\/\/hugoribeiro.com.br\/index.php\/wp-json\/wp\/v2\/types\/page"}],"author":[{"embeddable":true,"href":"https:\/\/hugoribeiro.com.br\/index.php\/wp-json\/wp\/v2\/users\/1"}],"replies":[{"embeddable":true,"href":"https:\/\/hugoribeiro.com.br\/index.php\/wp-json\/wp\/v2\/comments?post=247"}],"version-history":[{"count":3,"href":"https:\/\/hugoribeiro.com.br\/index.php\/wp-json\/wp\/v2\/pages\/247\/revisions"}],"predecessor-version":[{"id":557,"href":"https:\/\/hugoribeiro.com.br\/index.php\/wp-json\/wp\/v2\/pages\/247\/revisions\/557"}],"wp:attachment":[{"href":"https:\/\/hugoribeiro.com.br\/index.php\/wp-json\/wp\/v2\/media?parent=247"}],"curies":[{"name":"wp","href":"https:\/\/api.w.org\/{rel}","templated":true}]}}