{"id":251,"date":"2020-11-27T12:05:45","date_gmt":"2020-11-27T15:05:45","guid":{"rendered":"https:\/\/hugoribeiro.com.br\/?page_id=251"},"modified":"2021-04-05T18:10:07","modified_gmt":"2021-04-05T21:10:07","slug":"exercicios-para-guitarra","status":"publish","type":"page","link":"https:\/\/hugoribeiro.com.br\/index.php\/exercicios-para-guitarra\/","title":{"rendered":"Exerc\u00edcios para guitarra"},"content":{"rendered":"\n<p>Nessa p\u00e1gina voc\u00ea ir\u00e1 encontrar o material did\u00e1tico que eu escrevi para o estudo da guitarra el\u00e9trica. H\u00e1 desde apostilas para se pensar a t\u00e9cnica da guitarra, compila\u00e7\u00f5es de partituras para treinar a leitura \u00e0 primeira vista, compila\u00e7\u00f5es de partituras para viol\u00e3o, e playbacks para executar os estudos e exerc\u00edcios diversos.<\/p>\n\n\n\n<h3 class=\"wp-block-heading\">Estudos sobre 1 corda<\/h3>\n\n\n\n<h2 class=\"wp-block-heading\">Estudo 1 sobre a corda Mi (primeira corda)<\/h2>\n\n\n\n<p>Esse estudo utiliza somente a primeira corda da guitarra. S\u00e3o pequenos trechos, cada um repetido cerca de 8 vezes. A mudan\u00e7a entre um trecho e outro \u00e9 &#8220;avisado&#8221; pela mudan\u00e7a na bateria, seja uma virada ou uma mudan\u00e7a no padr\u00e3o r\u00edtmico. Baixe o arquivo PDF com a partitura desse estudo, e depois baixe os arquivos de playback. Inicie sempre no andamento mais lento e depois tente tocar num andamento mais r\u00e1pido.<\/p>\n\n\n\n<p><a href=\"https:\/\/hugoribeiro.com.br\/Guitarra\/Guitarra-Estudo_1_sobre_1_corda.pdf\" target=\"_blank\" rel=\"noreferrer noopener\">Estudo 1 sobre a corda Mi (PDF)<\/a><br><a href=\"https:\/\/hugoribeiro.com.br\/Guitarra\/Guitarra-Estudo_1_sobre_1_corda-100Bpm.mp3\" target=\"_blank\" rel=\"noreferrer noopener\">Estudo 1 sobre a corda Mi &#8211; 100 Bpm (MP3)<\/a><br><a href=\"https:\/\/hugoribeiro.com.br\/Guitarra\/Guitarra-Estudo_1_sobre_1_corda-110Bpm.mp3\" target=\"_blank\" rel=\"noreferrer noopener\">Estudo 1 sobre a corda Mi &#8211; 110 Bpm (MP3)<\/a><br><a href=\"https:\/\/hugoribeiro.com.br\/Guitarra\/Guitarra-Estudo_1_sobre_1_corda-120Bpm.mp3\" target=\"_blank\" rel=\"noreferrer noopener\">Estudo 1 sobre a corda Mi &#8211; 120 Bpm (MP3)<\/a><br><a href=\"https:\/\/hugoribeiro.com.br\/Guitarra\/Guitarra-Estudo_1_sobre_1_corda-130Bpm.mp3\" target=\"_blank\" rel=\"noreferrer noopener\">Estudo 1 sobre a corda Mi &#8211; 130 Bpm (MP3)<\/a><br><a href=\"https:\/\/hugoribeiro.com.br\/Guitarra\/Guitarra-Estudo_1_sobre_1_corda-140Bpm.mp3\" target=\"_blank\" rel=\"noreferrer noopener\">Estudo 1 sobre a corda Mi &#8211; 140 Bpm (MP3)<\/a><br><a href=\"https:\/\/hugoribeiro.com.br\/Guitarra\/Guitarra-Estudo_1_sobre_1_corda-150Bpm.mp3\" target=\"_blank\" rel=\"noreferrer noopener\">Estudo 1 sobre a corda Mi &#8211; 150 Bpm (MP3)<\/a><br><a href=\"https:\/\/hugoribeiro.com.br\/Guitarra\/Guitarra-Estudo_1_sobre_1_corda-160Bpm.mp3\" target=\"_blank\" rel=\"noreferrer noopener\">Estudo 1 sobre a corda Mi &#8211; 160 Bpm (MP3)<\/a><br><a href=\"https:\/\/hugoribeiro.com.br\/Guitarra\/Guitarra-Estudo_1_sobre_1_corda-180Bpm.mp3\" target=\"_blank\" rel=\"noreferrer noopener\">Estudo 1 sobre a corda Mi &#8211; 180 Bpm (MP3)<\/a><\/p>\n\n\n\n<p>H\u00e1 um v\u00eddeo no Youtube, no qual voc\u00ea poder\u00e1 aprender todo esse estudo, padr\u00e3o por padr\u00e3o, tocado individualmente e bem lento. Depois, nesse mesmo v\u00eddeo, h\u00e1 o estudo tocado no andamento mais lento (100 Bpm), depois ele tocado no andamento mais r\u00e1pido (180 Bpm). Para assistir, clique no link abaixo:<\/p>\n\n\n\n<p><a href=\"https:\/\/www.youtube.com\/watch?v=Slx2sIFm1l8\" target=\"_blank\" rel=\"noreferrer noopener\">V\u00eddeo de Youtube<\/a>&nbsp;a respeito do Estudo 1 sobre a corda Mi<\/p>\n\n\n\n<h2 class=\"wp-block-heading\">Estudo 2 sobre a corda Si (segunda corda)<\/h2>\n\n\n\n<p>Esse estudo utiliza somente a segunda corda da guitarra. Baixe o arquivo PDF com a partitura desse estudo, e depois baixe os arquivos de playback. Inicie sempre no andamento mais lento e depois tente tocar num andamento mais r\u00e1pido.<\/p>\n\n\n\n<p><a href=\"https:\/\/hugoribeiro.com.br\/Guitarra\/Guitarra-Estudo_2_sobre_1_corda.pdf\" target=\"_blank\" rel=\"noreferrer noopener\">Estudo 2 sobre a corda Si (PDF)<\/a><br><a href=\"https:\/\/hugoribeiro.com.br\/Guitarra\/Guitarra-Estudo_2_sobre_1_corda-60Bpm.mp3\" target=\"_blank\" rel=\"noreferrer noopener\">Estudo 2 sobre a corda Si &#8211; 60 Bpm (MP3)<\/a><br><a href=\"https:\/\/hugoribeiro.com.br\/Guitarra\/Guitarra-Estudo_2_sobre_1_corda-80Bpm.mp3\" target=\"_blank\" rel=\"noreferrer noopener\">Estudo 2 sobre a corda Si &#8211; 80 Bpm (MP3)<\/a><br><a href=\"https:\/\/hugoribeiro.com.br\/Guitarra\/Guitarra-Estudo_2_sobre_1_corda-90Bpm.mp3\" target=\"_blank\" rel=\"noreferrer noopener\">Estudo 2 sobre a corda Si &#8211; 90 Bpm (MP3)<\/a><br><a href=\"https:\/\/hugoribeiro.com.br\/Guitarra\/Guitarra-Estudo_2_sobre_1_corda-100Bpm.mp3\" target=\"_blank\" rel=\"noreferrer noopener\">Estudo 2 sobre a corda Si &#8211; 100 Bpm (MP3)<\/a><br><a href=\"https:\/\/hugoribeiro.com.br\/Guitarra\/Guitarra-Estudo_2_sobre_1_corda-110Bpm.mp3\" target=\"_blank\" rel=\"noreferrer noopener\">Estudo 2 sobre a corda Si &#8211; 110 Bpm (MP3)<\/a><br><a href=\"https:\/\/hugoribeiro.com.br\/Guitarra\/Guitarra-Estudo_2_sobre_1_corda-120Bpm.mp3\" target=\"_blank\" rel=\"noreferrer noopener\">Estudo 2 sobre a corda Si &#8211; 120 Bpm (MP3)<\/a><\/p>\n\n\n\n<p>H\u00e1 um v\u00eddeo no Youtube, no qual voc\u00ea poder\u00e1 aprender todo esse estudo, padr\u00e3o por padr\u00e3o, tocado individualmente e bem lento. Depois, nesse mesmo v\u00eddeo, h\u00e1 o estudo tocado no andamento mais lento (100 Bpm), depois ele tocado no andamento mais r\u00e1pido (180 Bpm). Para assistir, clique no link abaixo:<\/p>\n\n\n\n<p><a href=\"https:\/\/youtu.be\/jaW2O_kpTg0?list=PLR4r17U79Cr0n8gl5nUgFpavh6oFtOyeL\" target=\"_blank\" rel=\"noreferrer noopener\">V\u00eddeo de Youtube<\/a>&nbsp;a respeito do Estudo 2 sobre a corda Si<\/p>\n\n\n\n<h2 class=\"wp-block-heading\">Estudo 3 sobre a corda Sol (terceira corda)<\/h2>\n\n\n\n<p>Esse estudo utiliza somente a terceira corda da guitarra. Baixe o arquivo PDF com a partitura desse estudo, e depois baixe os arquivos de playback. Inicie sempre no andamento mais lento e depois tente tocar num andamento mais r\u00e1pido.<\/p>\n\n\n\n<p><a href=\"https:\/\/hugoribeiro.com.br\/Guitarra\/Guitarra-Estudo_3_sobre_1_corda.pdf\" target=\"_blank\" rel=\"noreferrer noopener\">Estudo 3 sobre a corda Sol (PDF)<\/a><br><a href=\"https:\/\/hugoribeiro.com.br\/Guitarra\/Guitarra-Estudo_3_sobre_1_corda-60Bpm.mp3\" target=\"_blank\" rel=\"noreferrer noopener\">Estudo 3 sobre a corda Sol &#8211; 60 Bpm (MP3)<\/a><br><a href=\"https:\/\/hugoribeiro.com.br\/Guitarra\/Guitarra-Estudo_3_sobre_1_corda-80Bpm.mp3\" target=\"_blank\" rel=\"noreferrer noopener\">Estudo 3 sobre a corda Sol &#8211; 80 Bpm (MP3)<\/a><br><a href=\"https:\/\/hugoribeiro.com.br\/Guitarra\/Guitarra-Estudo_3_sobre_1_corda-90Bpm.mp3\" target=\"_blank\" rel=\"noreferrer noopener\">Estudo 3 sobre a corda Sol &#8211; 90 Bpm (MP3)<\/a><br><a href=\"https:\/\/hugoribeiro.com.br\/Guitarra\/Guitarra-Estudo_3_sobre_1_corda-100Bpm.mp3\" target=\"_blank\" rel=\"noreferrer noopener\">Estudo 3 sobre a corda Sol &#8211; 100 Bpm (MP3)<\/a><br><a href=\"https:\/\/hugoribeiro.com.br\/Guitarra\/Guitarra-Estudo_3_sobre_1_corda-110Bpm.mp3\" target=\"_blank\" rel=\"noreferrer noopener\">Estudo 3 sobre a corda Sol &#8211; 110 Bpm (MP3)<\/a><br><a href=\"https:\/\/hugoribeiro.com.br\/Guitarra\/Guitarra-Estudo_3_sobre_1_corda-120Bpm.mp3\" target=\"_blank\" rel=\"noreferrer noopener\">Estudo 3 sobre a corda Sol &#8211; 120 Bpm (MP3)<\/a><\/p>\n\n\n\n<p>H\u00e1 um v\u00eddeo no Youtube, no qual voc\u00ea poder\u00e1 aprender todo esse estudo, padr\u00e3o por padr\u00e3o, tocado individualmente e bem lento. Depois, nesse mesmo v\u00eddeo, h\u00e1 o estudo tocado no andamento mais lento (100 Bpm), depois ele tocado no andamento mais r\u00e1pido (180 Bpm). Para assistir, clique no link abaixo:<\/p>\n\n\n\n<p><a href=\"https:\/\/youtu.be\/DbooAp9ac_0\" target=\"_blank\" rel=\"noreferrer noopener\">V\u00eddeo de Youtube<\/a>&nbsp;a respeito do Estudo 3 sobre a corda Sol<\/p>\n\n\n\n<h2 class=\"wp-block-heading\">Playbacks para exerc\u00edcio com escala crom\u00e1tica<\/h2>\n\n\n\n<p>Esses playbacks foram criados para o exerc\u00edcio sobre a escala crom\u00e1tica no modelo executado por Frank Gambale em sua v\u00eddeo aula intitulada &#8220;Chop Builder &#8211; Round 6&#8221;. Todavia, nessa v\u00eddeo aula ele inicia o exerc\u00edcio com o metr\u00f4nomo a 94 bpm. Em seguida ele repete somente o \u00faltimo exemplo a 120 bpm (sempre oito vezes), aumenta para 150 bpm (oito vezes novamente). Todavia, nessa v\u00eddeo aula ele d\u00e1 esses &#8220;pulos&#8221; no andamento, deixando subentendido que o estudante dever\u00e1 aumentar aos poucos o andamento de cada &#8220;round&#8221;. Como eu acho o uso do metr\u00f4nomo muito chato para repeti\u00e7\u00e3o cont\u00ednua, eu criei esses playbacks para ir aumentando aos poucos o andamento. Abaixo est\u00e1 dispon\u00edvel o PDF com todos os rounds. Esse round crom\u00e1tico \u00e9 o sexto (\u00faltima p\u00e1gina). Em seguida est\u00e3o os playbacks progressivos. Assim como na v\u00eddeo aula, eu criei playbacks progressivos para o exerc\u00edcio completo at\u00e9 o andamento de 125 bpm. A partir de 130 bpm o playback \u00e9 somente da parte final do exerc\u00edcio. Bom treino.<\/p>\n\n\n\n<p><a href=\"https:\/\/hugoribeiro.com.br\/Guitarra\/Guitarra-Gambale-ChopBuilder-1-ao-6.pdf\" target=\"_blank\" rel=\"noreferrer noopener\">Chop Builder &#8211; Exerc\u00edcio de 1 a 6 (PDF)<\/a><br><a href=\"https:\/\/hugoribeiro.com.br\/Guitarra\/Guitarra-Gambale-ChopBuilder-Cromatico-070-completo.mp3\" target=\"_blank\" rel=\"noreferrer noopener\">Chop Builder, Round 6 (crom\u00e1tico) &#8211; 70 Bpm (MP3)<\/a><br><a href=\"https:\/\/hugoribeiro.com.br\/Guitarra\/Guitarra-Gambale-ChopBuilder-Cromatico-080-completo.mp3\" target=\"_blank\" rel=\"noreferrer noopener\">Chop Builder, Round 6 (crom\u00e1tico) &#8211; 80 Bpm (MP3)<\/a><br><a href=\"https:\/\/hugoribeiro.com.br\/Guitarra\/Guitarra-Gambale-ChopBuilder-Cromatico-095-completo.mp3\" target=\"_blank\" rel=\"noreferrer noopener\">Chop Builder, Round 6 (crom\u00e1tico) &#8211; 95 Bpm (MP3)<\/a><br><a href=\"https:\/\/hugoribeiro.com.br\/Guitarra\/Guitarra-Gambale-ChopBuilder-Cromatico-110-completo.mp3\" target=\"_blank\" rel=\"noreferrer noopener\">Chop Builder, Round 6 (crom\u00e1tico) &#8211; 110 Bpm (MP3)<\/a><br><a href=\"https:\/\/hugoribeiro.com.br\/Guitarra\/Guitarra-Gambale-ChopBuilder-Cromatico-125-completo.mp3\" target=\"_blank\" rel=\"noreferrer noopener\">Chop Builder, Round 6 (crom\u00e1tico) &#8211; 1250 Bpm (MP3)<\/a><br><a href=\"https:\/\/hugoribeiro.com.br\/Guitarra\/Guitarra-Gambale-ChopBuilder-Cromatico-130-final.mp3\" target=\"_blank\" rel=\"noreferrer noopener\">Chop Builder, Round 6 (crom\u00e1tico) &#8211; 130 Bpm (MP3)<\/a><br><a href=\"https:\/\/hugoribeiro.com.br\/Guitarra\/Guitarra-Gambale-ChopBuilder-Cromatico-135-final.mp3\" target=\"_blank\" rel=\"noreferrer noopener\">Chop Builder, Round 6 (crom\u00e1tico) &#8211; 135 Bpm (MP3)<\/a><br><a href=\"https:\/\/hugoribeiro.com.br\/Guitarra\/Guitarra-Gambale-ChopBuilder-Cromatico-140-final.mp3\" target=\"_blank\" rel=\"noreferrer noopener\">Chop Builder, Round 6 (crom\u00e1tico) &#8211; 140 Bpm (MP3)<\/a><br><a href=\"https:\/\/hugoribeiro.com.br\/Guitarra\/Guitarra-Gambale-ChopBuilder-Cromatico-145-final.mp3\" target=\"_blank\" rel=\"noreferrer noopener\">Chop Builder, Round 6 (crom\u00e1tico) &#8211; 145 Bpm (MP3)<\/a><br><a href=\"https:\/\/hugoribeiro.com.br\/Guitarra\/Guitarra-Gambale-ChopBuilder-Cromatico-150-final.mp3\" target=\"_blank\" rel=\"noreferrer noopener\">Chop Builder, Round 6 (crom\u00e1tico) &#8211; 150 Bpm (MP3)<\/a><br><a href=\"https:\/\/hugoribeiro.com.br\/Guitarra\/Guitarra-Gambale-ChopBuilder-Cromatico-155-final.mp3\" target=\"_blank\" rel=\"noreferrer noopener\">Chop Builder, Round 6 (crom\u00e1tico) &#8211; 155 Bpm (MP3)<\/a><br><a href=\"https:\/\/hugoribeiro.com.br\/Guitarra\/Guitarra-Gambale-ChopBuilder-Cromatico-160-final.mp3\" target=\"_blank\" rel=\"noreferrer noopener\">Chop Builder, Round 6 (crom\u00e1tico) &#8211; 160 Bpm (MP3)<\/a><br><a href=\"https:\/\/hugoribeiro.com.br\/Guitarra\/Guitarra-Gambale-ChopBuilder-Cromatico-165-final.mp3\" target=\"_blank\" rel=\"noreferrer noopener\">Chop Builder, Round 6 (crom\u00e1tico) &#8211; 165 Bpm (MP3)<\/a><br><a href=\"https:\/\/hugoribeiro.com.br\/Guitarra\/Guitarra-Gambale-ChopBuilder-Cromatico-170-final.mp3\" target=\"_blank\" rel=\"noreferrer noopener\">Chop Builder, Round 6 (crom\u00e1tico) &#8211; 170 Bpm (MP3)<\/a><br><a href=\"https:\/\/hugoribeiro.com.br\/Guitarra\/Guitarra-Gambale-ChopBuilder-Cromatico-175-final.mp3\" target=\"_blank\" rel=\"noreferrer noopener\">Chop Builder, Round 6 (crom\u00e1tico) &#8211; 175 Bpm (MP3)<\/a><\/p>\n\n\n\n<p>V\u00eddeo do&nbsp;<a href=\"https:\/\/youtu.be\/fYhr2FqAvJk\" target=\"_blank\" rel=\"noreferrer noopener\">Round 6<\/a>&nbsp;da v\u00eddeo aula &#8220;Chop Builder&#8221; de Frank Gambale. H\u00e1 um outro v\u00eddeo com toda a aula e as&nbsp;<a href=\"https:\/\/youtu.be\/GurndhHhLos?list=RDI1GlzKY0Q0U\" target=\"_blank\" rel=\"noreferrer noopener\">partituras com tablaturas<\/a>, sendo que o round 6 inicia aos 31&#8217;30&#8221;<\/p>\n\n\n\n<h2 class=\"wp-block-heading\">Estudo de escalas com tr\u00eamolo<\/h2>\n\n\n\n<p>Esses playbacks foram criados para o estudo de escala. A inten\u00e7\u00e3o por tr\u00e1s desse exerc\u00edcio \u00e9 que voc\u00ea deve sempre saber qual nota est\u00e1 tocando. Ou seja, n\u00e3o deve decorar um padr\u00e3o de escala, mas procurar a nota da escala. Como o c\u00e9rebro precisa de um tempo para se acostumar com o grupo de notas pertencente a determinada tonalidade, e onde essas notas est\u00e3o localizadas no bra\u00e7o do instrumento, a ideia \u00e9 utilizar o tr\u00eamolo da m\u00e3o direita para iniciar com uma troca de notas lenta e ir aumentando aos poucos a troca das notas, sem mudar a velocidade da palhetada. Explicando melhor. Digamos que voc\u00ea queira estudar a escala de L\u00e1 bemol maior. O primeiro passo \u00e9 saber quais s\u00e3o as notas dessa escala: Ab &#8211; Bb &#8211; C &#8211; Db &#8211; Eb &#8211; F &#8211; G. Depois voc\u00ea vai tocar essa escala em duas oitavas, repetindo quatro vezes cada nota (tr\u00eamolo de quatro notas). Quando fizer essa escala inteira, ascendente e descendente, voc\u00ea troca o tr\u00eamolo de quatro notas para tr\u00eas notas, e repete a escala em duas oitavas novamente. Depois troca para o tr\u00eamolo de duas notas at\u00e9, por \u00faltimo, fazer a escala sem tr\u00eamolo. Dessa forma, na primeira vez que fizer a escala, voc\u00ea ter\u00e1 algum tempo para lembrar qual a pr\u00f3xima nota que tem que tocar, e tentar localiz\u00e1-la no bra\u00e7o do instrumento. A cada repeti\u00e7\u00e3o, o tempo para pensar diminui. Aos poucos voc\u00ea ser\u00e1 capaz de, rapidamente, identificar as notas de qualquer escala no bra\u00e7o do seu instrumento.Esse playback foi feito somente com a bateria para poder ser utilizado em qualquer escala. Todavia, para dar certo \u00e9 preciso que sejam exatamente vinte e oito notas diferentes at\u00e9 a mudan\u00e7a de tr\u00eamolo. Dessa forma, \u00e9 poss\u00edvel utilizar at\u00e9 mesmo em escalas hexat\u00f4nicas, octat\u00f4nicas ou pentat\u00f4nicas, contanto que voc\u00ea conte quatorze notas ascendentes e quatorze descedentes. Ver exemplo em PDF e v\u00eddeo abaixo.<\/p>\n\n\n\n<p><a href=\"https:\/\/hugoribeiro.com.br\/Guitarra\/Guitarra-Escala-Tremolo.pdf\" target=\"_blank\" rel=\"noreferrer noopener\">Exemplo de escala com tr\u00eamolo em duas oitavas (PDF)<\/a><br><a href=\"https:\/\/hugoribeiro.com.br\/Guitarra\/Guitarra-Escala-Tremolo_80.mp3\" target=\"_blank\" rel=\"noreferrer noopener\">Playback exerc\u00edcio escala tr\u00eamolo &#8211; 80 Bpm (MP3)<\/a><br><a href=\"https:\/\/hugoribeiro.com.br\/Guitarra\/Guitarra-Escala-Tremolo_88.mp3\" target=\"_blank\" rel=\"noreferrer noopener\">Playback exerc\u00edcio escala tr\u00eamolo &#8211; 88 Bpm (MP3)<\/a><br><a href=\"https:\/\/hugoribeiro.com.br\/Guitarra\/Guitarra-Escala-Tremolo_96.mp3\" target=\"_blank\" rel=\"noreferrer noopener\">Playback exerc\u00edcio escala tr\u00eamolo &#8211; 96 Bpm (MP3)<\/a><br><a href=\"https:\/\/hugoribeiro.com.br\/Guitarra\/Guitarra-Escala-Tremolo_104.mp3\" target=\"_blank\" rel=\"noreferrer noopener\">Playback exerc\u00edcio escala tr\u00eamolo &#8211; 104 Bpm (MP3)<\/a><br><a href=\"https:\/\/hugoribeiro.com.br\/Guitarra\/Guitarra-Escala-Tremolo_108.mp3\" target=\"_blank\" rel=\"noreferrer noopener\">Playback exerc\u00edcio escala tr\u00eamolo &#8211; 108 Bpm (MP3)<\/a><br><a href=\"https:\/\/hugoribeiro.com.br\/Guitarra\/Guitarra-Escala-Tremolo_112.mp3\" target=\"_blank\" rel=\"noreferrer noopener\">Playback exerc\u00edcio escala tr\u00eamolo &#8211; 112 Bpm (MP3)<\/a><br><a href=\"https:\/\/hugoribeiro.com.br\/Guitarra\/Guitarra-Escala-Tremolo_116.mp3\" target=\"_blank\" rel=\"noreferrer noopener\">Playback exerc\u00edcio escala tr\u00eamolo &#8211; 116 Bpm (MP3)<\/a><br><a href=\"https:\/\/hugoribeiro.com.br\/Guitarra\/Guitarra-Escala-Tremolo_120.mp3\" target=\"_blank\" rel=\"noreferrer noopener\">Playback exerc\u00edcio escala tr\u00eamolo &#8211; 120 Bpm (MP3)<\/a><br><a href=\"https:\/\/hugoribeiro.com.br\/Guitarra\/Guitarra-Escala-Tremolo_124.mp3\" target=\"_blank\" rel=\"noreferrer noopener\">Playback exerc\u00edcio escala tr\u00eamolo &#8211; 124 Bpm (MP3)<\/a><br><a href=\"https:\/\/hugoribeiro.com.br\/Guitarra\/Guitarra-Escala-Tremolo_128.mp3\" target=\"_blank\" rel=\"noreferrer noopener\">Playback exerc\u00edcio escala tr\u00eamolo &#8211; 128 Bpm (MP3)<\/a><br><a href=\"https:\/\/hugoribeiro.com.br\/Guitarra\/Guitarra-Escala-Tremolo_132.mp3\" target=\"_blank\" rel=\"noreferrer noopener\">Playback exerc\u00edcio escala tr\u00eamolo &#8211; 132 Bpm (MP3)<\/a><br><a href=\"https:\/\/hugoribeiro.com.br\/Guitarra\/Guitarra-Escala-Tremolo_136.mp3\" target=\"_blank\" rel=\"noreferrer noopener\">Playback exerc\u00edcio escala tr\u00eamolo &#8211; 136 Bpm (MP3)<\/a><br><a href=\"https:\/\/hugoribeiro.com.br\/Guitarra\/Guitarra-Escala-Tremolo_140.mp3\" target=\"_blank\" rel=\"noreferrer noopener\">Playback exerc\u00edcio escala tr\u00eamolo &#8211; 140 Bpm (MP3)<\/a><\/p>\n\n\n\n<p><a href=\"https:\/\/youtu.be\/PL95wUxTtt8\" target=\"_blank\" rel=\"noreferrer noopener\">V\u00eddeo explicativo<\/a>&nbsp;de como aplicar esses playbacks \u00e0 diversas escalas ou padr\u00f5es livres.<\/p>\n","protected":false},"excerpt":{"rendered":"<p>Nessa p\u00e1gina voc\u00ea ir\u00e1 encontrar o material did\u00e1tico que eu escrevi para o estudo da guitarra el\u00e9trica. H\u00e1 desde apostilas para se pensar a t\u00e9cnica da guitarra, compila\u00e7\u00f5es de partituras para treinar a leitura \u00e0 primeira vista, compila\u00e7\u00f5es de partituras para viol\u00e3o, e playbacks para executar os estudos e exerc\u00edcios diversos. Estudos sobre 1 corda &hellip; <\/p>\n<p class=\"link-more\"><a href=\"https:\/\/hugoribeiro.com.br\/index.php\/exercicios-para-guitarra\/\" class=\"more-link\">Continue lendo<span class=\"screen-reader-text\"> &#8220;Exerc\u00edcios para guitarra&#8221;<\/span><\/a><\/p>\n","protected":false},"author":1,"featured_media":0,"parent":0,"menu_order":0,"comment_status":"closed","ping_status":"closed","template":"","meta":{"_monsterinsights_skip_tracking":false,"_monsterinsights_sitenote_active":false,"_monsterinsights_sitenote_note":"","_monsterinsights_sitenote_category":0,"footnotes":""},"class_list":["post-251","page","type-page","status-publish","hentry"],"_links":{"self":[{"href":"https:\/\/hugoribeiro.com.br\/index.php\/wp-json\/wp\/v2\/pages\/251","targetHints":{"allow":["GET"]}}],"collection":[{"href":"https:\/\/hugoribeiro.com.br\/index.php\/wp-json\/wp\/v2\/pages"}],"about":[{"href":"https:\/\/hugoribeiro.com.br\/index.php\/wp-json\/wp\/v2\/types\/page"}],"author":[{"embeddable":true,"href":"https:\/\/hugoribeiro.com.br\/index.php\/wp-json\/wp\/v2\/users\/1"}],"replies":[{"embeddable":true,"href":"https:\/\/hugoribeiro.com.br\/index.php\/wp-json\/wp\/v2\/comments?post=251"}],"version-history":[{"count":2,"href":"https:\/\/hugoribeiro.com.br\/index.php\/wp-json\/wp\/v2\/pages\/251\/revisions"}],"predecessor-version":[{"id":451,"href":"https:\/\/hugoribeiro.com.br\/index.php\/wp-json\/wp\/v2\/pages\/251\/revisions\/451"}],"wp:attachment":[{"href":"https:\/\/hugoribeiro.com.br\/index.php\/wp-json\/wp\/v2\/media?parent=251"}],"curies":[{"name":"wp","href":"https:\/\/api.w.org\/{rel}","templated":true}]}}