{"id":255,"date":"2020-11-27T12:08:14","date_gmt":"2020-11-27T15:08:14","guid":{"rendered":"https:\/\/hugoribeiro.com.br\/?page_id=255"},"modified":"2025-01-08T18:18:13","modified_gmt":"2025-01-08T21:18:13","slug":"pesquisa-em-musica","status":"publish","type":"page","link":"https:\/\/hugoribeiro.com.br\/index.php\/pesquisa-em-musica\/","title":{"rendered":"Pesquisa em m\u00fasica"},"content":{"rendered":"\n<p>Links para sites relacionados \u00e0 pesquisa em m\u00fasica<\/p>\n\n\n\n<h3 class=\"wp-block-heading\">Sites de Associa\u00e7\u00f5es e Peri\u00f3dicos acad\u00eamicos nacionais relaciondos \u00e0 arte ou m\u00fasica<\/h3>\n\n\n\n<p><a href=\"http:\/\/www.anppom.com.br\/\" target=\"_blank\" rel=\"noreferrer noopener\">ANPPOM<\/a><\/p>\n\n\n\n<p><a href=\"http:\/\/abemeducacaomusical.com.br\/\" target=\"_blank\" rel=\"noreferrer noopener\">ABEM<\/a><\/p>\n\n\n\n<p><a href=\"http:\/\/abetmusica.org.br\/conteudo.php?\" target=\"_blank\" rel=\"noreferrer noopener\">ABET<\/a><\/p>\n\n\n\n<p><a href=\"http:\/\/www.musica.ufmg.br\/permusi\/\" target=\"_blank\" rel=\"noreferrer noopener\">PER MUSI-UFMG<\/a><\/p>\n\n\n\n<p><a href=\"http:\/\/www.revistas.ufg.br\/index.php\/musica\/index\" target=\"_blank\" rel=\"noreferrer noopener\">M\u00daSICA HODIE-UFG<\/a><\/p>\n\n\n\n<p><a href=\"http:\/\/seer.ufrgs.br\/EmPauta\" target=\"_blank\" rel=\"noreferrer noopener\">EM PAUTA-UFRGS<\/a><\/p>\n\n\n\n<p><a href=\"http:\/\/www.artcultura.inhis.ufu.br\/\" target=\"_blank\" rel=\"noreferrer noopener\">ARTCULTURA-UFU<\/a><\/p>\n\n\n\n<p><a href=\"http:\/\/conservatorio.ufpel.edu.br\/revista\/\" target=\"_blank\" rel=\"noreferrer noopener\">REVISTA DO CONSERVAT\u00d3RIO DA UFPEL<\/a><\/p>\n\n\n\n<p><a href=\"http:\/\/convergencias.esart.ipcb.pt\/main\" target=\"_blank\" rel=\"noreferrer noopener\">CONVERG\u00caNCIAS : REVISTA DE INVESTIGA\u00c7\u00c3O E ENSINO DAS ARTES<\/a><\/p>\n\n\n\n<p><a href=\"http:\/\/proxy.furb.br\/ojs\/index.php\/linguagens\/index\" target=\"_blank\" rel=\"noreferrer noopener\">LINGUAGENS : REVISTA DE LETRAS, ARTES E COMUNICA\u00c7\u00c3O<\/a><\/p>\n\n\n\n<p><a href=\"http:\/\/www.rem.ufpr.br\/\" target=\"_blank\" rel=\"noreferrer noopener\">REVISTA ELETR\u00d4NICA DE MUSICOLOGIA<\/a><\/p>\n\n\n\n<p><a href=\"http:\/\/www.musitec.com.br\/\" target=\"_blank\" rel=\"noreferrer noopener\">\u00c1UDIO M\u00daSICA &amp; TECNOLOGIA<\/a><\/p>\n\n\n\n<p><a href=\"http:\/\/www.abmusica.org.br\/\" target=\"_blank\" rel=\"noreferrer noopener\">Academia Brasileira de M\u00fasica<\/a><\/p>\n\n\n\n<p><a href=\"http:\/\/ojs.statsbiblioteket.dk\/index.php\/bras\" target=\"_blank\" rel=\"noreferrer noopener\">Revista Brasiliana &#8211; Journal for brazillian studies<\/a><\/p>\n\n\n\n<p><a href=\"http:\/\/periodicos.ufpb.br\/ojs2\/index.php\/claves\/index\" target=\"_blank\" rel=\"noreferrer noopener\">Revista CLAVES<\/a><\/p>\n\n\n\n<p><a href=\"http:\/\/www.revistas.usp.br\/revistamusica\" target=\"_blank\" rel=\"noreferrer noopener\">Revista M\u00fasica &#8211; PPG da ECA\/USP<\/a><\/p>\n\n\n\n<p><a href=\"https:\/\/hugoribeiro.com.br\/antiga\/pesquisa_musica.php\" target=\"_blank\" rel=\"noreferrer noopener\">Revista Debates<\/a><\/p>\n\n\n\n<p><a href=\"https:\/\/www.revista-art.com\/\" target=\"_blank\" rel=\"noreferrer noopener\">Revista ART Salvador \u2013 Bahia \u2013 Brazil &#8211; ISSN 2317-6059<\/a><\/p>\n\n\n\n<p><a href=\"http:\/\/periodicos.unb.br\/index.php\/Musica\" target=\"_blank\" rel=\"noreferrer noopener\">Revista M\u00fasica em Contexto &#8211; PPG em M\u00fasica da UnB<\/a><\/p>\n\n\n\n<p><a href=\"http:\/\/www.revistavortex.com\/\" target=\"_blank\" rel=\"noreferrer noopener\">Revista Vortex &#8211; PPG Universidade Estadual do Paran\u00e1 &#8211; ISSN 2317\u20139937<\/a><\/p>\n\n\n\n<p><a href=\"http:\/\/www.ictus.ufba.br\/index.php\/ictus\" target=\"_blank\" rel=\"noreferrer noopener\">Revista ICTUS &#8211; PPG em M\u00fasica da UFBA &#8211; ISSN: 2238-6599<\/a><\/p>\n\n\n\n<p><a href=\"http:\/\/www.publionline.iar.unicamp.br\/index.php\/muspop\" target=\"_blank\" rel=\"noreferrer noopener\">M\u00fasica Popular em Revista &#8211; PPG em M\u00fasica do Instituto de Artes da UNICAMP e do Centro de Letras e Artes da UNIRIO.<\/a><\/p>\n\n\n\n<p><a href=\"http:\/\/www.publionline.iar.unicamp.br\/\" target=\"_blank\" rel=\"noreferrer noopener\">Portal PubliOnline &#8211; Instituto de Artes &#8211; Unicamp<\/a><\/p>\n\n\n\n<p><a href=\"https:\/\/hugoribeiro.com.br\/antiga\/pesquisa_musica.php\" target=\"_blank\" rel=\"noreferrer noopener\">OuvirOUver<\/a><\/p>\n\n\n\n<p><a href=\"http:\/\/eduemg.uemg.br\/periodico_detalhe.php?idarq=58\" target=\"_blank\" rel=\"noreferrer noopener\">Revista MODUS &#8211; UEMG<\/a><\/p>\n\n\n\n<p><a href=\"http:\/\/rbm.musica.ufrj.br\/\" target=\"_blank\" rel=\"noreferrer noopener\">Revista Brasileira de M\u00fasica &#8211; PPG UFRJ<\/a><\/p>\n\n\n\n<p><a href=\"http:\/\/www.abcm.ufpr.br\/revista.htm\" target=\"_blank\" rel=\"noreferrer noopener\">Revista Cogni\u00e7\u00e3o &amp; Artes Musicais<\/a><\/p>\n\n\n\n<p><a href=\"http:\/\/periodicos.ufes.br\/musicaelinguagem\" target=\"_blank\" rel=\"noreferrer noopener\">Revista M\u00fasica e Linguagem &#8211; Revista do Curso de M\u00fasica da Universidade Federal do Esp\u00edrito Santo<\/a><\/p>\n\n\n\n<p><a href=\"http:\/\/revistas.ufpr.br\/musica\" target=\"_blank\" rel=\"noreferrer noopener\">Revista M\u00fasica em Perspectiva &#8211; PPG em M\u00fasica da UFPR<\/a><\/p>\n\n\n\n<p><a href=\"https:\/\/musmat.org\/musmat-%E2%80%A2-brazilian-journal-of-music-and-mathematics\/\" target=\"_blank\" rel=\"noreferrer noopener\">MusMat \u2022 Revista Brasileira de M\u00fasica e Matem\u00e1tica \u2022 Brazilian Journal of Music and Mathematics<\/a><\/p>\n\n\n\n<p><a href=\"http:\/\/www.iar.unicamp.br\/musicapopular\/links.html\" target=\"_blank\" rel=\"noreferrer noopener\">M\u00daSICA POPULAR:HIST\u00d3RIA, PRODU\u00c7\u00c3O E LINGUAGEM<\/a>&nbsp;(Prof.Marcos Napolitano)<\/p>\n\n\n\n<p><a href=\"http:\/\/www.midiaemusica.ufba.br\/bibliografia.html\" target=\"_blank\" rel=\"noreferrer noopener\">GRUPO DE ESTUDOS M\u00cdDIA POPULAR E M\u00daSICA MASSIVA<\/a><\/p>\n\n\n\n<p><a href=\"http:\/\/www.discosdobrasil.com.br\/\" target=\"_blank\" rel=\"noreferrer noopener\">DISCOS DO BRASIL<\/a><\/p>\n\n\n\n<p><a href=\"https:\/\/www.revistas.usp.br\/pontourbe\/issue\/view\/13455\">Revista Ponto.Urbe<\/a><\/p>\n\n\n\n<h1 class=\"wp-block-heading\">Revistas para revisar e procurar site<\/h1>\n\n\n\n<p>A Tempo: Revista de Pesquisa em M\u00fasica<\/p>\n\n\n\n<p>Brasiliana<\/p>\n\n\n\n<p>Claves<\/p>\n\n\n\n<p>Correspond\u00eancia Musicol\u00f3gica Euro-Brasileira<\/p>\n\n\n\n<p>Debates<\/p>\n\n\n\n<p>Em Pauta<\/p>\n\n\n\n<p>Ictus<\/p>\n\n\n\n<p>Interl\u00fadio: Revista do Departamento de Educa\u00e7\u00e3o Musical do Col\u00e9gio Pedro II<\/p>\n\n\n\n<p>M\u00fasica e Cultura<\/p>\n\n\n\n<p>M\u00fasica e Linguagem: Revista do Curso de M\u00fasica da Universidade Federal do Esp\u00edrito Santo,<\/p>\n\n\n\n<p>M\u00fasica em Contexto<\/p>\n\n\n\n<p>M\u00fasica em Perspectiva<\/p>\n\n\n\n<p>M\u00fasica Hoje<\/p>\n\n\n\n<p>M\u00fasica na Educa\u00e7\u00e3o B\u00e1sica<\/p>\n\n\n\n<p>M\u00fasica Popular em Revista<\/p>\n\n\n\n<p>Musica Theorica<\/p>\n\n\n\n<p>MUSIFAL: Revista Eletr\u00f4nica de M\u00fasica da Universidade Federal de Alagoas<\/p>\n\n\n\n<p>MusiMid: Revista Brasileira de Estudos em M\u00fasica e M\u00eddia<\/p>\n\n\n\n<p>Orfeu<\/p>\n\n\n\n<p>Per Musi<\/p>\n\n\n\n<p>Percepta: Revista de Cogni\u00e7\u00e3o Musical e a Revista V\u00f3rtex<\/p>\n\n\n\n<p>Pesquisa e M\u00fasica<\/p>\n\n\n\n<p>Revista do Conservat\u00f3rio de M\u00fasica da UFPel<\/p>\n\n\n\n<p>Revista Cogni\u00e7\u00e3o &amp; Artes Musicais<\/p>\n\n\n\n<p>Revista da ABEM<\/p>\n\n\n\n<p>Revista da Sociedade Brasileira de M\u00fasica Contempor\u00e2nea<\/p>\n\n\n\n<p>Revista da Sociedade Brasileira de Musicologia<\/p>\n\n\n\n<p>Revista do Conservat\u00f3rio de M\u00fasica da UFPel<\/p>\n\n\n\n<p>Revista do N\u00facleo de Estudos e Pesquisas Interdisciplinares em Musicoterapia<\/p>\n\n\n\n<p>Revista InCantare<\/p>\n\n\n\n<p>Revista M\u00fasica em Foco<\/p>\n\n\n\n<p>Revista Brasileira de Estudos da Can\u00e7\u00e3o<\/p>\n\n\n\n<p>Revista Brasileira de M\u00fasica<\/p>\n\n\n\n<p>Revista Brasileira de Musicoterapia<\/p>\n\n\n\n<p>Revista Cogni\u00e7\u00e3o &amp; Artes Musicais<\/p>\n\n\n\n<p>Revista da Academia Nacional de M\u00fasica<\/p>\n\n\n\n<p>Revista da Tulha<\/p>\n\n\n\n<p>Revista Eletr\u00f4nica de Musicologia<\/p>\n\n\n\n<p>Revista M\u00fasica<\/p>\n\n\n\n<p>Revista V\u00f3rtex<\/p>\n\n\n\n<p>Revista Sonora<\/p>\n\n\n\n<p>Revista Modus<\/p>\n\n\n\n<h3 class=\"wp-block-heading\">Sites Internacionais<\/h3>\n\n\n\n<p><a href=\"http:\/\/www.iaspm.net\/\" target=\"_blank\" rel=\"noreferrer noopener\">IASPM<\/a><\/p>\n\n\n\n<p><a href=\"http:\/\/www.iaspmal.com\/\" target=\"_blank\" rel=\"noreferrer noopener\">IASPM LATINOAMERICA<\/a><\/p>\n\n\n\n<p><a href=\"http:\/\/www.isme.org\/\" target=\"_blank\" rel=\"noreferrer noopener\">ISME<\/a><\/p>\n\n\n\n<p><a href=\"http:\/\/www.ethnomusicology.org\/\" target=\"_blank\" rel=\"noreferrer noopener\">The Society for Ethnomusicology<\/a><\/p>\n\n\n\n<p><a href=\"http:\/\/www.sibetrans.com\/\" target=\"_blank\" rel=\"noreferrer noopener\">SIBETRANS<\/a><\/p>\n\n\n\n<p><a href=\"http:\/\/www.umbc.edu\/MA\/\" target=\"_blank\" rel=\"noreferrer noopener\">MUSIC &amp; ANTHROPOLOGY<\/a><\/p>\n\n\n\n<p><a href=\"http:\/\/quod.lib.umich.edu\/m\/mp\/\" target=\"_blank\" rel=\"noreferrer noopener\">MUSIC &amp; POLITICS<\/a><\/p>\n\n\n\n<p><a href=\"http:\/\/mto.societymusictheory.org\/index.html\" target=\"_blank\" rel=\"noreferrer noopener\">MUSIC THEORY ONLINE &#8211; MTO<\/a><\/p>\n\n\n\n<p><a href=\"http:\/\/www.popular-musicology-online.com\/\" target=\"_blank\" rel=\"noreferrer noopener\">POPULAR MUSICOLOGY ONLINE<\/a><\/p>\n\n\n\n<p><a href=\"http:\/\/musica.rediris.es\/leeme\/index.html\" target=\"_blank\" rel=\"noreferrer noopener\">REVISTA DE LA LISTA ELETR\u00d3NICA EUROPEA DE M\u00daSICA EN LA EDUCACI\u00d3N<\/a><\/p>\n\n\n\n<p><a href=\"http:\/\/www.sibetrans.com\/trans\/\" target=\"_blank\" rel=\"noreferrer noopener\">REVISTA TRANSCULTURAL DE M\u00daSICA<\/a><\/p>\n\n\n\n<p><a href=\"http:\/\/www.crj-online.org\/\" target=\"_blank\" rel=\"noreferrer noopener\">CURRENT RESEARCH IN JAZZ<\/a><\/p>\n\n\n\n<p><a href=\"http:\/\/philomusica.unipv.it\/\" target=\"_blank\" rel=\"noreferrer noopener\">PHILOMUSICA ON-LINE<\/a><\/p>\n\n\n\n<p><a href=\"http:\/\/act.maydaygroup.org\/\" target=\"_blank\" rel=\"noreferrer noopener\">ACTION, CRITICISM, AND THEORY FOR MUSIC EDUCATION<\/a><\/p>\n\n\n\n<p><a href=\"http:\/\/www.classicalarchives.com\/\" target=\"_blank\" rel=\"noreferrer noopener\">CLASSICAL MIDI<\/a><\/p>\n\n\n\n<p><a href=\"http:\/\/cuadernosmusicayartes.javeriana.edu.co\/\" target=\"_blank\" rel=\"noreferrer noopener\">CUADERNOS DE M\u00daSICA, ARTES VISUALES Y ARTES ESC\u00c9NICAS<\/a><\/p>\n","protected":false},"excerpt":{"rendered":"<p>Links para sites relacionados \u00e0 pesquisa em m\u00fasica Sites de Associa\u00e7\u00f5es e Peri\u00f3dicos acad\u00eamicos nacionais relaciondos \u00e0 arte ou m\u00fasica ANPPOM ABEM ABET PER MUSI-UFMG M\u00daSICA HODIE-UFG EM PAUTA-UFRGS ARTCULTURA-UFU REVISTA DO CONSERVAT\u00d3RIO DA UFPEL CONVERG\u00caNCIAS : REVISTA DE INVESTIGA\u00c7\u00c3O E ENSINO DAS ARTES LINGUAGENS : REVISTA DE LETRAS, ARTES E COMUNICA\u00c7\u00c3O REVISTA ELETR\u00d4NICA DE &hellip; <\/p>\n<p class=\"link-more\"><a href=\"https:\/\/hugoribeiro.com.br\/index.php\/pesquisa-em-musica\/\" class=\"more-link\">Continue lendo<span class=\"screen-reader-text\"> &#8220;Pesquisa em m\u00fasica&#8221;<\/span><\/a><\/p>\n","protected":false},"author":1,"featured_media":0,"parent":0,"menu_order":0,"comment_status":"closed","ping_status":"closed","template":"","meta":{"_monsterinsights_skip_tracking":false,"_monsterinsights_sitenote_active":false,"_monsterinsights_sitenote_note":"","_monsterinsights_sitenote_category":0,"footnotes":""},"class_list":["post-255","page","type-page","status-publish","hentry"],"_links":{"self":[{"href":"https:\/\/hugoribeiro.com.br\/index.php\/wp-json\/wp\/v2\/pages\/255","targetHints":{"allow":["GET"]}}],"collection":[{"href":"https:\/\/hugoribeiro.com.br\/index.php\/wp-json\/wp\/v2\/pages"}],"about":[{"href":"https:\/\/hugoribeiro.com.br\/index.php\/wp-json\/wp\/v2\/types\/page"}],"author":[{"embeddable":true,"href":"https:\/\/hugoribeiro.com.br\/index.php\/wp-json\/wp\/v2\/users\/1"}],"replies":[{"embeddable":true,"href":"https:\/\/hugoribeiro.com.br\/index.php\/wp-json\/wp\/v2\/comments?post=255"}],"version-history":[{"count":3,"href":"https:\/\/hugoribeiro.com.br\/index.php\/wp-json\/wp\/v2\/pages\/255\/revisions"}],"predecessor-version":[{"id":770,"href":"https:\/\/hugoribeiro.com.br\/index.php\/wp-json\/wp\/v2\/pages\/255\/revisions\/770"}],"wp:attachment":[{"href":"https:\/\/hugoribeiro.com.br\/index.php\/wp-json\/wp\/v2\/media?parent=255"}],"curies":[{"name":"wp","href":"https:\/\/api.w.org\/{rel}","templated":true}]}}