{"id":316,"date":"2020-11-27T17:00:49","date_gmt":"2020-11-27T20:00:49","guid":{"rendered":"https:\/\/hugoribeiro.com.br\/?page_id=316"},"modified":"2020-11-27T17:08:16","modified_gmt":"2020-11-27T20:08:16","slug":"unb-2020-1-tcm1","status":"publish","type":"page","link":"https:\/\/hugoribeiro.com.br\/index.php\/unb-2020-1-tcm1\/","title":{"rendered":"Teorias Contempor\u00e2neas da M\u00fasica 1 (2020\/1)"},"content":{"rendered":"\n<h3 class=\"wp-block-heading\">Universidade de Bras\u00edlia &#8211; Departamento de M\u00fasica<\/h3>\n\n\n\n<h5 class=\"wp-block-heading\">PLANO DE CURSO<\/h5>\n\n\n\n<p><strong>Disciplina:<\/strong>144134 &#8211; Teorias Contempor\u00e2neas da M\u00fasica 1<br><strong>Semestre:<\/strong>&nbsp;2020\/1&nbsp;<strong>Hor\u00e1rio:<\/strong>&nbsp;Sexta, das 08:00 \u00e0s 10:00<br><strong>Cr:<\/strong>&nbsp;02&nbsp;<strong>CH:<\/strong>&nbsp;30&nbsp;<strong>T-P-E-E:<\/strong>&nbsp;2.0.0.2&nbsp;<strong>Pr\u00e9-requisito:<\/strong>&nbsp;&#8211;<br><strong>Professor:<\/strong>&nbsp;Prof. Dr. Hugo L. Ribeiro &lt;hugoleo75@gmail.com&gt;<\/p>\n\n\n\n<h5 class=\"wp-block-heading\">1 Ementa<\/h5>\n\n\n\n<p>Estudo de t\u00e9cnicas composicionais diversas, caracter\u00edsticas do repert\u00f3rio produzido durante o S\u00e9culo XX.<\/p>\n\n\n\n<h5 class=\"wp-block-heading\">2 Objetivos<\/h5>\n\n\n\n<p>Proporcionar contato com as diversas correntes composicionais da m\u00fasica do s\u00e9culo XX;<br>Desenvolver a capacidade de reconhecer elementos caracter\u00edsticos de m\u00fasicas p\u00f3s-tonais;<br>Desenvolver a capacidade de compor pequenos trechos musicais utilizando elementos caracter\u00edsticos de m\u00fasicas p\u00f3s-tonais.<\/p>\n\n\n\n<h5 class=\"wp-block-heading\">3 Metodologia<\/h5>\n\n\n\n<p>Essa disciplina ser\u00e1 baseada na viv\u00eancia pr\u00e1tica de t\u00e9cnicas composicionais caracter\u00edsticas do S\u00e9culo XX. A cada semana ser\u00e1 definida uma t\u00e9cnica composicional relacionada ao contexto estudado, sobre o qual o estudante dever\u00e1 pesquisar e compor uma pequena pe\u00e7a de cerca de vinte compassos a ser executada em sala de aula. Antes da aula o estudante dever\u00e1 enviar a partitura em formato PDF, assim como um arquivo MIDI para audi\u00e7\u00e3o da pe\u00e7a. Se preferir a m\u00fasica pode ser executada ao vivo pelo pr\u00f3prio compositor ou algum colega de sala.<\/p>\n\n\n\n<p>O foco dessa metodologia est\u00e1 no desenvolvimento da autonomia de aprendizagem, incentivando a pesquisa em material did\u00e1tico diverso (livros, sites, artigos, arquivos multim\u00eddia, v\u00eddeos, audios, etc.), e da aprendizagem em grupo por meio de discuss\u00f5es e realiza\u00e7\u00e3o de tarefas.<\/p>\n\n\n\n<p>Por exemplo, digamos que na Aula 02 o assunto abordado ser\u00e1 &#8220;modula\u00e7\u00e3o m\u00e9trica&#8221;. Durante a semana que antecede essa aula o estudante ir\u00e1 pesquisar sobre o assunto nos textos e sites indicados, al\u00e9m de outros materiais did\u00e1ticos que ele tiver contato. Em seguida ir\u00e1 compor uma pe\u00e7a utilizando o conceito estudado. Antes da aula o estudante dever\u00e1 enviar por email a partitura (editada em software de partitura ou scaneada a partir do original a m\u00e3o). No in\u00edcio da aula o professor ir\u00e1 executar m\u00fasicas que utilizem o conceito de modula\u00e7\u00e3o m\u00e9trica. Segue-se uma discuss\u00e3o em grupo sobre o que cada um leu e aprendeu sobre o assunto. Juntos, tentaremos chegar a uma defini\u00e7\u00e3o satisfat\u00f3ria para todos. Por fim, ao ouvir os exemplos de cada discente, o grupo ir\u00e1 discutir se o exemplo executado atingiu o objetivo de exemplificar uma modula\u00e7\u00e3o m\u00e9trica.<\/p>\n\n\n\n<p>Ser\u00e3o utilizados os seguintes recursos did\u00e1ticos:<\/p>\n\n\n\n<p>Discuss\u00e3o de textos;<br>An\u00e1lises musicais;<br>Audi\u00e7\u00e3o de exemplos musicais;<br>Composi\u00e7\u00e3o de pequenos trechos musicais para execu\u00e7\u00e3o em sala de aula.<\/p>\n\n\n\n<h5 class=\"wp-block-heading\">4 Avalia\u00e7\u00e3o<\/h5>\n\n\n\n<p>A nota final dos alunos ser\u00e1 baseada na participa\u00e7\u00e3o em sala de aula, por meio da realiza\u00e7\u00e3o das tarefas semanais e participa\u00e7\u00e3o nas discuss\u00f5es coletivas.<\/p>\n\n\n\n<h5 class=\"wp-block-heading\">5 Instrumental dispon\u00edvel em sala para composi\u00e7\u00f5es para duos, trios ou m\u00fasica de c\u00e2mera:<\/h5>\n\n\n\n<p>Guitarra\/Viol\u00e3o<br>Guitarra\/Viol\u00e3o\/Cavaquinho<br>Piano<\/p>\n\n\n\n<h5 class=\"wp-block-heading\">6 Conte\u00fado Program\u00e1tico<\/h5>\n\n\n\n<p>Novos procedimentos r\u00edtmicos<br>Novas estrutura\u00e7\u00f5es harm\u00f4nicas;<br>Uso de modos e escalas artificiais;<br>Bitonalidade;<br>Politonalidade;<br>Dodecafonismo;<br>Minimalismo;<br>Aleatoriedade.<\/p>\n\n\n\n<h3 class=\"wp-block-heading\">6 Cronograma e bibliografia para 2020\/1<\/h3>\n\n\n\n<h5 class=\"wp-block-heading\">Encontro 1 &#8211; 13 de Mar\u00e7o &#8211; Atonalismo livre<\/h5>\n\n\n\n<p>Apresenta\u00e7\u00e3o da disciplina, leitura do plano de curso, metodologia, e forma de avalia\u00e7\u00e3o. Audi\u00e7\u00e3o de exemplos diversos de m\u00fasicas que utilizam t\u00e9cnicas composicionais caracter\u00edsticas da m\u00fasica cl\u00e1ssica do in\u00edcio do S\u00e9culo XX at\u00e9 os dias atuais.<br>Aula expositiva sobre o Atonalismo livre.<br>Para pr\u00f3xima aula: Composi\u00e7\u00e3o atonal livre para computador &#8211; Finale, Sibelius, etc&#8230; (enviar arquivo MP3 e PDF)<\/p>\n\n\n\n<h5 class=\"wp-block-heading\">Encontro 2 &#8211; 20 de Mar\u00e7o &#8211; Atonalismo livre<\/h5>\n\n\n\n<p>Discuss\u00e3o sobre as composi\u00e7\u00f5es e audi\u00e7\u00e3o de exemplos do c\u00e2none musical.<br>Audi\u00e7\u00e3o das composi\u00e7\u00f5es dos estudantes.<br>Continua\u00e7\u00e3o de discuss\u00e3o sobre atonalismo livre.<br>Para pr\u00f3xima aula: Composi\u00e7\u00e3o atonal livre para instrumento solo (executar em sala de aula)<\/p>\n\n\n\n<h5 class=\"wp-block-heading\">Encontro 3 &#8211; 27 de Mar\u00e7o &#8211; Atonalismo livre\/Dodecafonismo<\/h5>\n\n\n\n<p>Audi\u00e7\u00e3o das composi\u00e7\u00f5es sobre atonalismo livre dos estudantes.<br>Aula expositiva sobre o Dodecafonismo. Como fazer a matriz dodecaf\u00f4nica.<br>Para pr\u00f3xima aula: Composi\u00e7\u00e3o dodecaf\u00f4nica para computador &#8211; Finale, Sibelius, etc&#8230; (enviar arquivo MP3 e PDF)<\/p>\n\n\n\n<h5 class=\"wp-block-heading\">Encontro 4 &#8211; 03 de Abril &#8211; Audi\u00e7\u00e3o<\/h5>\n\n\n\n<p>Audi\u00e7\u00e3o de pe\u00e7as dodecaf\u00f4nicas e exemplos dos estudantes.<br>Para pr\u00f3xima aula: Composi\u00e7\u00e3o minimalista para quarteto (executar em sala de aula)<\/p>\n\n\n\n<h5 class=\"wp-block-heading\">Encontro 5 &#8211; 10 de Abril &#8211; Feriado (Sexta-feira santa)<\/h5>\n\n\n\n<h5 class=\"wp-block-heading\">Encontro 6 &#8211; 17 de Abril &#8211; Minimalismo<\/h5>\n\n\n\n<p>Audi\u00e7\u00e3o das composi\u00e7\u00f5es sobre minimalismo dos estudantes.<br>Para pr\u00f3xima aula: Composi\u00e7\u00e3o para quarteto com harmonias em segundas (executar em sala de aula)<\/p>\n\n\n\n<h5 class=\"wp-block-heading\">Encontro 7 &#8211; 24 de Abril &#8211; Harmonia em segundas<\/h5>\n\n\n\n<p>Audi\u00e7\u00e3o das composi\u00e7\u00f5es com harmonias em segundas dos estudantes.<br>Para pr\u00f3xima aula: Composi\u00e7\u00e3o solo com escalas n\u00e3o tonais (executar em sala de aula)<\/p>\n\n\n\n<h5 class=\"wp-block-heading\">Encontro 8 &#8211; 01 de Maio &#8211; Feriado (dia mundial do trabalho)<\/h5>\n\n\n\n<h5 class=\"wp-block-heading\">Encontro 9 &#8211; 08 de Maio &#8211; Escalas n\u00e3o tonais<\/h5>\n\n\n\n<p>Escalas n\u00e3o tonais (hexat\u00f4nicas, octat\u00f4nicas e artificiais)<br>Audi\u00e7\u00e3o das composi\u00e7\u00f5es com escalas atonais dos estudantes.<\/p>\n\n\n\n<h5 class=\"wp-block-heading\">Encontro 10 &#8211; 15 de Maio &#8211; Aula expositiva sobre Ritmo<\/h5>\n\n\n\n<p>RIBEIRO, Hugo. Aula sobre ritmo no s\u00e9culo XX.&nbsp;<a href=\"https:\/\/hugoribeiro.com.br\/antiga\/biblioteca-digital\/Ribeiro-Aula_ritmo_sec_XX.pdf\" target=\"_blank\" rel=\"noreferrer noopener\">PDF<\/a><br>Para pr\u00f3xima aula: Composi\u00e7\u00e3o para computador (Ritmo 1) &#8211; Finale, Sibelius, etc&#8230; (enviar arquivo MP3 e PDF)<\/p>\n\n\n\n<h5 class=\"wp-block-heading\">Encontro 11 &#8211; 22 de Maio &#8211; Procedimentos R\u00edtmicos e M\u00e9tricos 1<\/h5>\n\n\n\n<p>Audi\u00e7\u00e3o das composi\u00e7\u00f5es com um dos procedimentos r\u00edtmicos abaixo:<br>Modula\u00e7\u00e3o m\u00e9trica<br>Deslocamento m\u00e9trico<br>Poliritmo<br>Polimetria<br>Politempo<br>Consson\u00e2ncia e disson\u00e2ncia r\u00edtmica<br>M\u00e9trica irregular<br>M\u00e9trica mista<br>M\u00e9trica complexa (assim\u00e9trica)<br>Para pr\u00f3xima aula: Composi\u00e7\u00e3o para piano solo com harmonia em quartas (executar em sala de aula ou para computador)<\/p>\n\n\n\n<h5 class=\"wp-block-heading\">Encontro 12 &#8211; 29 de Maio &#8211; Harmonia em quartas<\/h5>\n\n\n\n<p>Audi\u00e7\u00e3o das composi\u00e7\u00f5es dos estudantes com harmonias em quartas<br>Para pr\u00f3xima aula: Composi\u00e7\u00e3o de m\u00fasica baseada em aleatoriedade para trio (executar em sala de aula)<\/p>\n\n\n\n<h5 class=\"wp-block-heading\">Encontro 13 &#8211; 05 de Junho &#8211; Aleatoriedade<\/h5>\n\n\n\n<p>Audi\u00e7\u00e3o das composi\u00e7\u00f5es baseadas em aleatoriedade para trio<br>Para pr\u00f3xima aula: Composi\u00e7\u00e3o para computador (Ritmo 2) &#8211; Finale, Sibelius, etc&#8230; (enviar arquivo MP3 e PDF)<\/p>\n\n\n\n<h5 class=\"wp-block-heading\">Encontro 14 &#8211; 12 de Junho &#8211; Procedimentos R\u00edtmicos e M\u00e9tricos 2<\/h5>\n\n\n\n<p>Audi\u00e7\u00e3o das composi\u00e7\u00f5es com um dos procedimentos r\u00edtmicos abaixo:<br>Hem\u00edola<br>Issoritmo<br>Ritmo am\u00e9trico<br>Ritmo aditivo<br>Valor adicionado<br>Ritmos n\u00e3o retrograd\u00e1veis<br>Ostinato<\/p>\n\n\n\n<h5 class=\"wp-block-heading\">Encontro 15 &#8211; 19 de Junho &#8211; Ensaio<\/h5>\n\n\n\n<p>Ensaio para apresenta\u00e7\u00e3o final.<\/p>\n\n\n\n<h5 class=\"wp-block-heading\">Encontro 16 &#8211; 26 de Junho &#8211; Ensaio<\/h5>\n\n\n\n<p>Ensaio para apresenta\u00e7\u00e3o final.<\/p>\n\n\n\n<h5 class=\"wp-block-heading\">Encontro 17 &#8211; 03 de Julho &#8211; Apresenta\u00e7\u00e3o<\/h5>\n\n\n\n<p>Apresenta\u00e7\u00e3o P\u00fablica.<\/p>\n","protected":false},"excerpt":{"rendered":"<p>Universidade de Bras\u00edlia &#8211; Departamento de M\u00fasica PLANO DE CURSO Disciplina:144134 &#8211; Teorias Contempor\u00e2neas da M\u00fasica 1Semestre:&nbsp;2020\/1&nbsp;Hor\u00e1rio:&nbsp;Sexta, das 08:00 \u00e0s 10:00Cr:&nbsp;02&nbsp;CH:&nbsp;30&nbsp;T-P-E-E:&nbsp;2.0.0.2&nbsp;Pr\u00e9-requisito:&nbsp;&#8211;Professor:&nbsp;Prof. Dr. Hugo L. Ribeiro &lt;hugoleo75@gmail.com&gt; 1 Ementa Estudo de t\u00e9cnicas composicionais diversas, caracter\u00edsticas do repert\u00f3rio produzido durante o S\u00e9culo XX. 2 Objetivos Proporcionar contato com as diversas correntes composicionais da m\u00fasica do s\u00e9culo XX;Desenvolver &hellip; <\/p>\n<p class=\"link-more\"><a href=\"https:\/\/hugoribeiro.com.br\/index.php\/unb-2020-1-tcm1\/\" class=\"more-link\">Continue lendo<span class=\"screen-reader-text\"> &#8220;Teorias Contempor\u00e2neas da M\u00fasica 1 (2020\/1)&#8221;<\/span><\/a><\/p>\n","protected":false},"author":1,"featured_media":0,"parent":0,"menu_order":0,"comment_status":"closed","ping_status":"closed","template":"","meta":{"_monsterinsights_skip_tracking":false,"_monsterinsights_sitenote_active":false,"_monsterinsights_sitenote_note":"","_monsterinsights_sitenote_category":0,"footnotes":""},"class_list":["post-316","page","type-page","status-publish","hentry"],"_links":{"self":[{"href":"https:\/\/hugoribeiro.com.br\/index.php\/wp-json\/wp\/v2\/pages\/316","targetHints":{"allow":["GET"]}}],"collection":[{"href":"https:\/\/hugoribeiro.com.br\/index.php\/wp-json\/wp\/v2\/pages"}],"about":[{"href":"https:\/\/hugoribeiro.com.br\/index.php\/wp-json\/wp\/v2\/types\/page"}],"author":[{"embeddable":true,"href":"https:\/\/hugoribeiro.com.br\/index.php\/wp-json\/wp\/v2\/users\/1"}],"replies":[{"embeddable":true,"href":"https:\/\/hugoribeiro.com.br\/index.php\/wp-json\/wp\/v2\/comments?post=316"}],"version-history":[{"count":5,"href":"https:\/\/hugoribeiro.com.br\/index.php\/wp-json\/wp\/v2\/pages\/316\/revisions"}],"predecessor-version":[{"id":325,"href":"https:\/\/hugoribeiro.com.br\/index.php\/wp-json\/wp\/v2\/pages\/316\/revisions\/325"}],"wp:attachment":[{"href":"https:\/\/hugoribeiro.com.br\/index.php\/wp-json\/wp\/v2\/media?parent=316"}],"curies":[{"name":"wp","href":"https:\/\/api.w.org\/{rel}","templated":true}]}}