{"id":333,"date":"2020-12-22T18:37:34","date_gmt":"2020-12-22T21:37:34","guid":{"rendered":"https:\/\/hugoribeiro.com.br\/?page_id=333"},"modified":"2021-02-09T17:45:36","modified_gmt":"2021-02-09T20:45:36","slug":"unb-harmonia-superior-1-2020-1","status":"publish","type":"page","link":"https:\/\/hugoribeiro.com.br\/index.php\/unb-harmonia-superior-1-2020-1\/","title":{"rendered":"Harmonia Superior 1 2020\/1"},"content":{"rendered":"\n<h3 class=\"wp-block-heading\">Universidade de Bras\u00edlia &#8211; Departamento de M\u00fasica<\/h3>\n\n\n\n<h3 class=\"wp-block-heading\">PLANO DE CURSO<\/h3>\n\n\n\n<p><strong>Disciplina:<\/strong>144088 &#8211; Harmonia Superior I<br><strong>Semestre:<\/strong>&nbsp;2020\/1&nbsp;<strong>Hor\u00e1rio Diurno:<\/strong>&nbsp;Segunda e Quarta, das 10:00 \u00e0s 12:00<br><strong>Semestre:<\/strong>&nbsp;2020\/1&nbsp;<strong>Hor\u00e1rio Noturno:<\/strong>&nbsp;Segunda e Quarta, das 19:00 \u00e0s 20:50<br><strong>Cr:<\/strong>&nbsp;04&nbsp;<strong>CH:<\/strong>&nbsp;60&nbsp;<strong>T-P-E-E:<\/strong>&nbsp;4.0.0.4&nbsp;<strong>Pr\u00e9-requisito:<\/strong>&nbsp;&#8211;<br><strong>Professor:<\/strong>&nbsp;Prof. Dr. Hugo L. Ribeiro &lt;hugoleo75@gmail.com&gt;<\/p>\n\n\n\n<h3 class=\"wp-block-heading\">1 Ementa<\/h3>\n\n\n\n<p>O curso de Harmonia Superior I tem por objetivo o estudo da estrutura, organiza\u00e7\u00e3o e l\u00f3gica da harmonia tonal b\u00e1sica atrav\u00e9s da constru\u00e7\u00e3o e identifica\u00e7\u00e3o das tr\u00edades, t\u00e9trades e encadeamentos harm\u00f4nicos.<\/p>\n\n\n\n<h3 class=\"wp-block-heading\">2 Objetivos<\/h3>\n\n\n\n<p>Proporcionar contato em termos hist\u00f3ricos com a m\u00fasica europ\u00e9ia e o seu contexto cultural do in\u00edcio do Per\u00edodo da Pr\u00e1tica Comum;<br>Refletir sobre as semelhan\u00e7as e diferen\u00e7as entre a m\u00fasica tonal barroca e a m\u00fasica modal (ou pr\u00e9-tonal) renascentista;<br>Desenvolver a capacidade de analisar a harmonia de obras musicais utilizando a an\u00e1lise tradicional, funcional e cifras populares;<br>Reconhecer os diferentes tipos de movimentos mel\u00f3dicos entre as vozes;<br>Desenvolver a capacidade de identificar movimentos mel\u00f3dicos\/harm\u00f4nicos n\u00e3o caracter\u00edsticos da m\u00fasica tonal;<br>Compor e harmonizar pequenas melodias tonais;<br>Fazer arranjos para grupos vocais e\/ou instrumentais utilizando a t\u00e9cnica de encadeamento de vozes;<br>Desenvolver a capacidade de identificar e classificar notas mel\u00f3dicas;<br>Desenvolver a capacidade de fazer uma an\u00e1lise mel\u00f3dica e harm\u00f4nica de pequenos trechos de obras musicais.<\/p>\n\n\n\n<h3 class=\"wp-block-heading\">3 Conte\u00fado Program\u00e1tico<\/h3>\n\n\n\n<p>Diferencia\u00e7\u00e3o entre m\u00fasica polif\u00f4nica e homof\u00f4nica<br>Caracter\u00edsticas da m\u00fasica tonal Revis\u00e3o de tr\u00edades e t\u00e9trades<br>Campo harm\u00f4nico maior e menor<br>S\u00edmbolos anal\u00edticos<br>&nbsp; &nbsp; &nbsp; An\u00e1lise tradicional (graus e baixo cifrado)<br>&nbsp; &nbsp; &nbsp; An\u00e1lise funcional<br>&nbsp; &nbsp; &nbsp; Cifras populares<br>Invers\u00f5es de acordes<br>Motivos, frases e per\u00edodos mel\u00f3dicos<br>Cad\u00eancias harm\u00f4nicas, suas caracter\u00edsticas e classifica\u00e7\u00f5es<br>Cad\u00eancia aut\u00eantica perfeita ou imperfeita<br>&nbsp; &nbsp; &nbsp; Cad\u00eancia plagal<br>&nbsp; &nbsp; &nbsp; Cad\u00eancia de engano<br>&nbsp; &nbsp; &nbsp; Meia cad\u00eancia<br>Constru\u00e7\u00e3o da linha mel\u00f3dica sob uma base harm\u00f4nica<br>Tessitura vocal (SATB)<br>Distribui\u00e7\u00e3o de uma tr\u00edade num contexto a tr\u00eas e quatro vozes<br>Condu\u00e7\u00e3o de vozes<br>Movimentos entre as vozes<br>&nbsp; &nbsp; &nbsp; Paralelo<br>&nbsp; &nbsp; &nbsp; Obl\u00edquo<br>&nbsp; &nbsp; &nbsp; Semelhante<br>&nbsp; &nbsp; &nbsp; Est\u00e1tico<br>&nbsp; &nbsp; &nbsp; Contr\u00e1rio<br>Encadeamento de acordes a tr\u00eas e quatro vozes<br>&nbsp; &nbsp; &nbsp; Posi\u00e7\u00e3o fundamental<br>&nbsp; &nbsp; &nbsp; Acordes invertidos<br>Acordes de sexta paralelos<br>Acordes de sexta-quarta<br>&nbsp; &nbsp; &nbsp; Pedal<br>&nbsp; &nbsp; &nbsp; Cadencial<br>&nbsp; &nbsp; &nbsp; Passagem<br>Progress\u00e3o harm\u00f4nica<br>Dominantes secund\u00e1rias<\/p>\n\n\n\n<p>Informa\u00e7\u00f5es mais espec\u00edficas sobre cada um desses conte\u00fados ser\u00e1 disponiblizado, aos poucos na p\u00e1gina&nbsp;<a href=\"https:\/\/hugoribeiro.com.br\/antiga\/COM\/Harmonia-1.php\" target=\"_blank\" rel=\"noreferrer noopener\">Curso Online de M\u00fasica &#8211; Harmonia 1<\/a>.<\/p>\n\n\n\n<h3 class=\"wp-block-heading\">6 Cronograma e bibliografia para 2020\/1<\/h3>\n\n\n\n<h3 class=\"wp-block-heading\">Encontro 1<\/h3>\n\n\n\n<h4 class=\"wp-block-heading\">Introdu\u00e7\u00e3o<\/h4>\n\n\n\n<p>O curso de Harmonia Superior I tem por objetivo o estudo da estrutura, organiza\u00e7\u00e3o e l\u00f3gica da harmonia tonal b\u00e1sica atrav\u00e9s da constru\u00e7\u00e3o e identifica\u00e7\u00e3o das tr\u00edades, t\u00e9trades e encadeamentos harm\u00f4nicos.<\/p>\n\n\n\n<p>Para ficar por dentro dos objetivos e metodologia da disciplina, clique no link ao final da p\u00e1gina.<\/p>\n\n\n\n<p><strong>Video 01 -V\u00eddeo explicativo sobre objetivos, metodologia e avalia\u00e7\u00e3o.<\/strong><\/p>\n\n\n\n<p><a href=\"https:\/\/www.youtube.com\/5wEsPfhPODo\" target=\"_blank\" rel=\"noreferrer noopener\">https:\/\/www.youtube.com\/5wEsPfhPODo<\/a><\/p>\n\n\n\n<h4 class=\"wp-block-heading\">Livro e v\u00eddeos dos cap\u00edtulos<\/h4>\n\n\n\n<p>Esse primeiro encontro vai explicar muita coisa sobre a metodologia dessa disciplina. Portanto, ser\u00e3o diversos v\u00eddeos para explicar tudo da melhor forma poss\u00edvel.<\/p>\n\n\n\n<p><strong>Video 02 &#8211; Utiliza\u00e7\u00e3o dos recursos did\u00e1ticos nesse curso (Livro, CDs, V\u00eddeos, Chat, Question\u00e1rios, Sites externos, etc.)<\/strong> https:\/\/www.youtube.com\/XbUL_Gsd_5k <\/p>\n\n\n\n<p>Agora est\u00e1 na hora de acessar o principal recurso did\u00e1tico dessa disciplina, que \u00e9 o livro &#8220;Harmonia Tonal&#8221;, escrito por Stefan Kostka e Dorothy Payne, traduzido a partir da Sexta Edi\u00e7\u00e3o, de 2008 por Hugo L. Ribeiro, Jamary Oliveira e Ricardo Bordini. Para esse primeiro encontro foi disponibilizado os quatro primeiros cap\u00edtulos, precedidos por uma se\u00e7\u00e3o introdut\u00f3ria ao livro. O link para download desse livro em PDF est\u00e1 ao final dessa p\u00e1gina. Sugiro que, al\u00e9m de ler o livro e fazer os exerc\u00edcios por conta pr\u00f3pria (esse livro \u00e9 bem did\u00e1tico e f\u00e1cil de aprender sozinho), tamb\u00e9m acompanhe a leitura dos cap\u00edtulos nos v\u00eddeos disponibilizados, pois, para cada cap\u00edtulo eu vou gravar um v\u00eddeo lendo o texto, explicando os exemplos e chamando a aten\u00e7\u00e3o para detalhes. Nesses v\u00eddeos ser\u00e3o discutidos assuntos que podem n\u00e3o est\u00e3o t\u00e3o expl\u00edcitos no livro. Por isso vale a pena acompanhar os v\u00eddeos. Seguem os v\u00eddeos dessa semana:<\/p>\n\n\n\n<p><strong>V\u00eddeo 03 &#8211; Pref\u00e1cio do livro Harmonia Tonal.<\/strong> https:\/\/www.youtube.com\/ySDguAUN2aI <\/p>\n\n\n\n<p><strong>V\u00eddeo 04 &#8211; Cap\u00edtulo 01 do livro Harmonia Tonal<\/strong>. https:\/\/www.youtube.com\/bYqaNDjqQRg <\/p>\n\n\n\n<p><strong>V\u00eddeo 05 &#8211; Cap\u00edtulo 02 do livro Harmonia Tonal<\/strong> .https:\/\/www.youtube.com\/9fYYZoLakZ0 <\/p>\n\n\n\n<p><strong>V\u00eddeo 06 &#8211; Cap\u00edtulo 03 do livro Harmonia Tonal<\/strong>. https:\/\/www.youtube.com\/yVW_u1KgAkM <\/p>\n\n\n\n<h4 class=\"wp-block-heading\">Exerc\u00edcios sobre tr\u00edades e t\u00e9trades<\/h4>\n\n\n\n<p>Agora que voc\u00ea assistiu e leu os primeiros cap\u00edtulos do livro, est\u00e1 na hora de exercitar a leitura e reconhecimento de acordes. Para isso eu criei quatro exerc\u00edcios de tr\u00edades e quatro exerc\u00edcios de t\u00e9trades. Eles est\u00e3o dispon\u00edveis na pasta abaixo, juntamente com os arquivos de folha de resposta de cada um (tanto em formato ODT para Libreoffice\/Word, quanto em PDF) e o gabarito de cada exerc\u00edcio. Assista ao v\u00eddeo explicativo sobre como utilizar esses exerc\u00edcios.<\/p>\n\n\n\n<p><strong>V\u00eddeo 07 &#8211; Como utilizar os exerc\u00edcios de tr\u00edades e t\u00e9trades<\/strong>. https:\/\/www.youtube.com\/U_o6qKCNoxY <\/p>\n\n\n\n<h4 class=\"wp-block-heading\">F\u00f3rum<\/h4>\n\n\n\n<p>N\u00e3o utilizarei o f\u00f3rum da plataforma para tirar d\u00favidas ou responder questionamentos sobre o assunto ou metodologia. Para isso n\u00f3s utilizaremos o grupo do&nbsp;<strong>Telegram<\/strong>&nbsp;que pode ser acessado facilmente tanto pelo computador quanto pelo celular.<\/p>\n\n\n\n<h4 class=\"wp-block-heading\">Avalia\u00e7\u00e3o<\/h4>\n\n\n\n<p>Toda semana voc\u00ea precisar\u00e1 fazer uma pequena avalia\u00e7\u00e3o em forma de question\u00e1rio. Para essa semana eu disponibilizei uma avalia\u00e7\u00e3o de teste para voc\u00ea se habituar com o modelo. Esse question\u00e1rio n\u00e3o valer\u00e1 nota. Ele \u00e9 somente para voc\u00ea treinar o modelo. Tamb\u00e9m gravei um v\u00eddeo explicando como utilizar esse tipo de avalia\u00e7\u00e3o.<\/p>\n\n\n\n<p><strong>V\u00eddeo 08 &#8211; Sobre como fazer as avalia\u00e7\u00f5es<\/strong>. https:\/\/www.youtube.com\/fmDM6mQ0utk <\/p>\n\n\n\n<p>Bons estudos e nos vemos no pr\u00f3ximo encontro.<\/p>\n\n\n\n<p>KOSTKA, Stefan e PAYNE, Dorothy. Harmonia Tonal. Traduzido a partir da Sexta Edi\u00e7\u00e3o, de 2008 por Hugo L. Ribeiro, Jamary Oliveira e Ricardo Bordini. \u00daltima atualiza\u00e7\u00e3o: 19 mar\u00e7o 2020.<br>Pode ser baixado como um \u00fanico arquivo PDF, ou por partes.<br><a rel=\"noreferrer noopener\" href=\"https:\/\/hugoribeiro.com.br\/biblioteca-digital\/kostka_Payne-Harmonia_Tonal.pdf\" target=\"_blank\">Livro completo &#8211; 28 cap\u00edtulos e 490 p\u00e1ginas (240MB)<\/a><br><a rel=\"noreferrer noopener\" href=\"https:\/\/hugoribeiro.com.br\/biblioteca-digital\/kostka_Payne-Harmonia_Tonal-Cap-01-20.pdf\" target=\"_blank\">Livro completo do cap\u00edtulo 1 ao 20 (86 MB)<\/a><br><a rel=\"noreferrer noopener\" href=\"https:\/\/hugoribeiro.com.br\/biblioteca-digital\/kostka_Payne-Harmonia_Tonal-Cap-21.pdf\" target=\"_blank\">Parte Cinco &#8211; Cap\u00edtulo 21 (1,6 MB)<\/a><br><a rel=\"noreferrer noopener\" href=\"https:\/\/hugoribeiro.com.br\/biblioteca-digital\/kostka_Payne-Harmonia_Tonal-Cap-22.pdf\" target=\"_blank\">Parte Cinco &#8211; Cap\u00edtulo 22 (4,4 MB)<\/a><br><a rel=\"noreferrer noopener\" href=\"https:\/\/hugoribeiro.com.br\/biblioteca-digital\/kostka_Payne-Harmonia_Tonal-Cap-23.pdf\" target=\"_blank\">Parte Cinco &#8211; Cap\u00edtulo 23 (19,4 MB)<\/a><br><a rel=\"noreferrer noopener\" href=\"https:\/\/hugoribeiro.com.br\/biblioteca-digital\/kostka_Payne-Harmonia_Tonal-Cap-24.pdf\" target=\"_blank\">Parte Cinco &#8211; Cap\u00edtulo 24 (13,6 MB)<\/a><br><a rel=\"noreferrer noopener\" href=\"https:\/\/hugoribeiro.com.br\/biblioteca-digital\/kostka_Payne-Harmonia_Tonal-Cap-25.pdf\" target=\"_blank\">Parte Cinco &#8211; Cap\u00edtulo 25 (28,4 MB)<\/a><br><a rel=\"noreferrer noopener\" href=\"https:\/\/hugoribeiro.com.br\/biblioteca-digital\/kostka_Payne-Harmonia_Tonal-Cap-26.pdf\" target=\"_blank\">Parte Cinco &#8211; Cap\u00edtulo 26 (33,2 MB)<\/a><br><a rel=\"noreferrer noopener\" href=\"https:\/\/hugoribeiro.com.br\/biblioteca-digital\/kostka_Payne-Harmonia_Tonal-Cap-27.pdf\" target=\"_blank\">Parte Cinco &#8211; Cap\u00edtulo 27 (24,6 MB)<\/a><br><a rel=\"noreferrer noopener\" href=\"https:\/\/hugoribeiro.com.br\/biblioteca-digital\/kostka_Payne-Harmonia_Tonal-Cap-28.pdf\" target=\"_blank\">Parte Cinco &#8211; Cap\u00edtulo 28 (23,3 MB)<\/a><br><a rel=\"noreferrer noopener\" href=\"https:\/\/hugoribeiro.com.br\/biblioteca-digital\/kostka_Payne-Harmonia_Tonal-respostas_autotestes.pdf\" target=\"_blank\">Ap\u00eandice D &#8211; Respostas autotestes<\/a><\/p>\n\n\n\n<p><a href=\"https:\/\/hugoribeiro.com.br\/biblioteca-digital\/Exercicio_Triades-01.pdf\" target=\"_blank\" rel=\"noreferrer noopener\">Exerc\u00edcio de Tr\u00edades 01 &#8211; Posi\u00e7\u00e3o fundamental (PDF)<\/a><br><a href=\"https:\/\/hugoribeiro.com.br\/biblioteca-digital\/Exercicio_Triades-01-Folha_resposta.pdf\" target=\"_blank\" rel=\"noreferrer noopener\">Folha de resposta (PDF)<\/a><br><a href=\"https:\/\/hugoribeiro.com.br\/biblioteca-digital\/Exercicio_Triades-01-Folha_resposta.odt\" target=\"_blank\" rel=\"noreferrer noopener\">Folha de resposta (ODT &#8211; Libreoffice)<\/a><br><a href=\"https:\/\/hugoribeiro.com.br\/biblioteca-digital\/Exercicio_Triades-01-Gabarito.pdf\" target=\"_blank\" rel=\"noreferrer noopener\">Gabarito (PDF)<\/a><\/p>\n\n\n\n<p><a href=\"https:\/\/hugoribeiro.com.br\/biblioteca-digital\/Exercicio_Triades-02.pdf\" target=\"_blank\" rel=\"noreferrer noopener\">Exerc\u00edcio de Tr\u00edades 02 &#8211; Primeira invers\u00e3o (PDF)<\/a><br><a href=\"https:\/\/hugoribeiro.com.br\/biblioteca-digital\/Exercicio_Triades-02-Folha_resposta.pdf\" target=\"_blank\" rel=\"noreferrer noopener\">Folha de resposta (PDF)<\/a><br><a href=\"https:\/\/hugoribeiro.com.br\/biblioteca-digital\/Exercicio_Triades-02-Folha_resposta.odt\" target=\"_blank\" rel=\"noreferrer noopener\">Folha de resposta (ODT &#8211; Libreoffice)<\/a><br><a href=\"https:\/\/hugoribeiro.com.br\/biblioteca-digital\/Exercicio_Triades-02-Gabarito.pdf\" target=\"_blank\" rel=\"noreferrer noopener\">Gabarito (PDF)<\/a><\/p>\n\n\n\n<p><a href=\"https:\/\/hugoribeiro.com.br\/biblioteca-digital\/Exercicio_Triades-03.pdf\" target=\"_blank\" rel=\"noreferrer noopener\">Exerc\u00edcio de Tr\u00edades 03 &#8211; Segunda invers\u00e3o (PDF)<\/a><br><a href=\"https:\/\/hugoribeiro.com.br\/biblioteca-digital\/Exercicio_Triades-03-Folha_resposta.pdf\" target=\"_blank\" rel=\"noreferrer noopener\">Folha de resposta (PDF)<\/a><br><a href=\"https:\/\/hugoribeiro.com.br\/biblioteca-digital\/Exercicio_Triades-03-Folha_resposta.odt\" target=\"_blank\" rel=\"noreferrer noopener\">Folha de resposta (ODT &#8211; Libreoffice)<\/a><br><a href=\"https:\/\/hugoribeiro.com.br\/biblioteca-digital\/Exercicio_Triades-03-Gabarito.pdf\" target=\"_blank\" rel=\"noreferrer noopener\">Gabarito (PDF)<\/a><\/p>\n\n\n\n<p><a href=\"https:\/\/hugoribeiro.com.br\/biblioteca-digital\/Exercicio_Triades-04.pdf\" target=\"_blank\" rel=\"noreferrer noopener\">Exerc\u00edcio de Tr\u00edades 04 &#8211; Todas as invers\u00f5es (PDF)<\/a><br><a href=\"https:\/\/hugoribeiro.com.br\/biblioteca-digital\/Exercicio_Triades-04-Folha_resposta.pdf\" target=\"_blank\" rel=\"noreferrer noopener\">Folha de resposta (PDF)<\/a><br><a href=\"https:\/\/hugoribeiro.com.br\/biblioteca-digital\/Exercicio_Triades-04-Folha_resposta.odt\" target=\"_blank\" rel=\"noreferrer noopener\">Folha de resposta (ODT &#8211; Libreoffice)<\/a><br><a href=\"https:\/\/hugoribeiro.com.br\/biblioteca-digital\/Exercicio_Triades-04-Gabarito.pdf\" target=\"_blank\" rel=\"noreferrer noopener\">Gabarito (PDF)<\/a><\/p>\n\n\n\n<p><a href=\"https:\/\/hugoribeiro.com.br\/biblioteca-digital\/Exercicio_Tetrades-01.pdf\" target=\"_blank\" rel=\"noreferrer noopener\">Exerc\u00edcio de T\u00e9trades 01 &#8211; Posi\u00e7\u00e3o fundamental (PDF)<\/a><br><a href=\"https:\/\/hugoribeiro.com.br\/biblioteca-digital\/Exercicio_Tetrades-01-Folha_resposta.pdf\" target=\"_blank\" rel=\"noreferrer noopener\">Folha de resposta (PDF)<\/a><br><a href=\"https:\/\/hugoribeiro.com.br\/biblioteca-digital\/Exercicio_Tetrades-01-Folha_resposta.odt\" target=\"_blank\" rel=\"noreferrer noopener\">Folha de resposta (ODT &#8211; Libreoffice)<\/a><br><a href=\"https:\/\/hugoribeiro.com.br\/biblioteca-digital\/Exercicio_Tetrades-01-Gabarito.pdf\" target=\"_blank\" rel=\"noreferrer noopener\">Gabarito (PDF)<\/a><\/p>\n\n\n\n<p><a href=\"https:\/\/hugoribeiro.com.br\/biblioteca-digital\/Exercicio_Tetrades-02.pdf\" target=\"_blank\" rel=\"noreferrer noopener\">Exerc\u00edcio de T\u00e9trades 02 &#8211; Primeira invers\u00e3o (PDF)<\/a><br><a href=\"https:\/\/hugoribeiro.com.br\/biblioteca-digital\/Exercicio_Tetrades-02-Folha_resposta.pdf\" target=\"_blank\" rel=\"noreferrer noopener\">Folha de resposta (PDF)<\/a><br><a href=\"https:\/\/hugoribeiro.com.br\/biblioteca-digital\/Exercicio_Tetrades-02-Folha_resposta.odt\" target=\"_blank\" rel=\"noreferrer noopener\">Folha de resposta (ODT &#8211; Libreoffice)<\/a><br><a href=\"https:\/\/hugoribeiro.com.br\/biblioteca-digital\/Exercicio_Tetrades-02-Gabarito.pdf\" target=\"_blank\" rel=\"noreferrer noopener\">Gabarito (PDF)<\/a><\/p>\n\n\n\n<p><a href=\"https:\/\/hugoribeiro.com.br\/biblioteca-digital\/Exercicio_Tetrades-03.pdf\" target=\"_blank\" rel=\"noreferrer noopener\">Exerc\u00edcio de T\u00e9trades 03 &#8211; Segunda invers\u00e3o (PDF)<\/a><br><a href=\"https:\/\/hugoribeiro.com.br\/biblioteca-digital\/Exercicio_Tetrades-03-Folha_resposta.pdf\" target=\"_blank\" rel=\"noreferrer noopener\">Folha de resposta (PDF)<\/a><br><a href=\"https:\/\/hugoribeiro.com.br\/biblioteca-digital\/Exercicio_Tetrades-03-Folha_resposta.odt\" target=\"_blank\" rel=\"noreferrer noopener\">Folha de resposta (ODT &#8211; Libreoffice)<\/a><br><a href=\"https:\/\/hugoribeiro.com.br\/biblioteca-digital\/Exercicio_Tetrades-03-Gabarito.pdf\" target=\"_blank\" rel=\"noreferrer noopener\">Gabarito (PDF)<\/a><\/p>\n\n\n\n<p><a href=\"https:\/\/hugoribeiro.com.br\/biblioteca-digital\/Exercicio_Tetrades-04.pdf\" target=\"_blank\" rel=\"noreferrer noopener\">Exerc\u00edcio de T\u00e9trades 04 &#8211; Terceira invers\u00e3o (PDF)<\/a><br><a href=\"https:\/\/hugoribeiro.com.br\/biblioteca-digital\/Exercicio_Tetrades-04-Folha_resposta.pdf\" target=\"_blank\" rel=\"noreferrer noopener\">Folha de resposta (PDF)<\/a><br><a href=\"https:\/\/hugoribeiro.com.br\/biblioteca-digital\/Exercicio_Tetrades-04-Folha_resposta.odt\" target=\"_blank\" rel=\"noreferrer noopener\">Folha de resposta (ODT &#8211; Libreoffice)<\/a><br><a href=\"https:\/\/hugoribeiro.com.br\/biblioteca-digital\/Exercicio_Tetrades-04-Gabarito.pdf\" target=\"_blank\" rel=\"noreferrer noopener\">Gabarito (PDF)<\/a><\/p>\n\n\n\n<p><a rel=\"noreferrer noopener\" href=\"https:\/\/hugoribeiro.com.br\/biblioteca-digital\/Exercicio_Tetrades-05.pdf\" target=\"_blank\">Exerc\u00edcio de T\u00e9trades 05 &#8211; Todas as invers\u00f5es (PDF)<\/a><br><a rel=\"noreferrer noopener\" href=\"https:\/\/hugoribeiro.com.br\/biblioteca-digital\/Exercicio_Tetrades-05-Folha_resposta.pdf\" target=\"_blank\">Folha de resposta (PDF)<\/a><br><a rel=\"noreferrer noopener\" href=\"https:\/\/hugoribeiro.com.br\/biblioteca-digital\/Exercicio_Tetrades-05-Folha_resposta.odt\" target=\"_blank\">Folha de resposta (ODT &#8211; Libreoffice)<\/a><br><a rel=\"noreferrer noopener\" href=\"https:\/\/hugoribeiro.com.br\/biblioteca-digital\/Exercicio_Tetrades-05-Gabarito.pdf\" target=\"_blank\">Gabarito (PDF)<\/a><\/p>\n\n\n\n<h3 class=\"wp-block-heading\">Encontro 2<\/h3>\n\n\n\n<h4 class=\"wp-block-heading\">Introdu\u00e7\u00e3o<\/h4>\n\n\n\n<p>Essa semana iremos falar sobre campo harm\u00f4nico. De um modo simples e r\u00e1pido, campo harm\u00f4nico s\u00e3o as tr\u00edades ou t\u00e9trades resultantes da combina\u00e7\u00e3o de notas de uma determinada tonalidade.<\/p>\n\n\n\n<p>Digamos que estamos na tonalidade de Si bemol maior. Nessa tonalidade n\u00f3s temos as notas Si bemol, D\u00f3, R\u00e9, M\u00ed bemol, F\u00e1, Sol e L\u00e1. Dessa forma, o campo harm\u00f4nico de Si bemol ir\u00e1 utilizar somente essas notas para gerar as tr\u00edades e t\u00e9trades diat\u00f4nicas. Por exemplo, no campo harm\u00f4nico de Si bemol, o acorde sobre a nota D\u00f3 ser\u00e1 uma tr\u00edade menor pois, como na tonalidade temos a nota Mi bemol, o acorde sobre a fundamental D\u00f3 ter\u00e1 as notas: D\u00f3 &#8211; Mi bemol &#8211; Sol.<\/p>\n\n\n\n<p>Essa semana vamos estudar os campos harm\u00f4nicos nas tonalidades maiores, menores, e aprenderemos a utilizar os s\u00edmbolos anal\u00edticos a partir dos graus da escala.<\/p>\n\n\n\n<h4 class=\"wp-block-heading\">Livro e v\u00eddeos dos cap\u00edtulos<\/h4>\n\n\n\n<p>Esse assunto \u00e9 abordado no Cap\u00edtulo 4 do livro Harmonia Tonal. O v\u00eddeo abaixo ir\u00e1 mostrar o conte\u00fado desse cap\u00edtulo al\u00e9m de trazer outras formas de pensar e exercitar esse assunto. Nessa semana tamb\u00e9m disponibilizei um arquivo compactado com os \u00e1udios do livro, para auxiliar na hora de fazer os exerc\u00edcios.<\/p>\n\n\n\n<p>Lembrem de fazer todos os exerc\u00edcios que est\u00e3o no livro. Muitos deles ser\u00e3o utilizados nas avalia\u00e7\u00f5es semanais. Qualquer d\u00favida, vamos conversar pelo Telegram.<\/p>\n\n\n\n<p><strong>V\u00eddeo 09 &#8211; Cap\u00edtulo 4 do livro Harmonia Tonal.<\/strong>https:\/\/www.youtube.com\/PMaBaIPuSr8<\/p>\n\n\n\n<h4 class=\"wp-block-heading\">Avalia\u00e7\u00e3o<\/h4>\n\n\n\n<p>Essa semana voc\u00ea iniciar\u00e1 sua avalia\u00e7\u00e3o semanal que ir\u00e1 influenciar na sua nota final. A avalia\u00e7\u00e3o dessa semana ser\u00e1 sobre o conte\u00fado da semana passada: Tr\u00edades e T\u00e9trades.<\/p>\n\n\n\n<p>Bons estudos e nos vemos no pr\u00f3ximo encontro.<\/p>\n","protected":false},"excerpt":{"rendered":"<p>Universidade de Bras\u00edlia &#8211; Departamento de M\u00fasica PLANO DE CURSO Disciplina:144088 &#8211; Harmonia Superior ISemestre:&nbsp;2020\/1&nbsp;Hor\u00e1rio Diurno:&nbsp;Segunda e Quarta, das 10:00 \u00e0s 12:00Semestre:&nbsp;2020\/1&nbsp;Hor\u00e1rio Noturno:&nbsp;Segunda e Quarta, das 19:00 \u00e0s 20:50Cr:&nbsp;04&nbsp;CH:&nbsp;60&nbsp;T-P-E-E:&nbsp;4.0.0.4&nbsp;Pr\u00e9-requisito:&nbsp;&#8211;Professor:&nbsp;Prof. Dr. Hugo L. Ribeiro &lt;hugoleo75@gmail.com&gt; 1 Ementa O curso de Harmonia Superior I tem por objetivo o estudo da estrutura, organiza\u00e7\u00e3o e l\u00f3gica da harmonia tonal &hellip; <\/p>\n<p class=\"link-more\"><a href=\"https:\/\/hugoribeiro.com.br\/index.php\/unb-harmonia-superior-1-2020-1\/\" class=\"more-link\">Continue lendo<span class=\"screen-reader-text\"> &#8220;Harmonia Superior 1 2020\/1&#8221;<\/span><\/a><\/p>\n","protected":false},"author":1,"featured_media":0,"parent":0,"menu_order":0,"comment_status":"closed","ping_status":"closed","template":"","meta":{"_monsterinsights_skip_tracking":false,"_monsterinsights_sitenote_active":false,"_monsterinsights_sitenote_note":"","_monsterinsights_sitenote_category":0,"footnotes":""},"class_list":["post-333","page","type-page","status-publish","hentry"],"_links":{"self":[{"href":"https:\/\/hugoribeiro.com.br\/index.php\/wp-json\/wp\/v2\/pages\/333","targetHints":{"allow":["GET"]}}],"collection":[{"href":"https:\/\/hugoribeiro.com.br\/index.php\/wp-json\/wp\/v2\/pages"}],"about":[{"href":"https:\/\/hugoribeiro.com.br\/index.php\/wp-json\/wp\/v2\/types\/page"}],"author":[{"embeddable":true,"href":"https:\/\/hugoribeiro.com.br\/index.php\/wp-json\/wp\/v2\/users\/1"}],"replies":[{"embeddable":true,"href":"https:\/\/hugoribeiro.com.br\/index.php\/wp-json\/wp\/v2\/comments?post=333"}],"version-history":[{"count":2,"href":"https:\/\/hugoribeiro.com.br\/index.php\/wp-json\/wp\/v2\/pages\/333\/revisions"}],"predecessor-version":[{"id":335,"href":"https:\/\/hugoribeiro.com.br\/index.php\/wp-json\/wp\/v2\/pages\/333\/revisions\/335"}],"wp:attachment":[{"href":"https:\/\/hugoribeiro.com.br\/index.php\/wp-json\/wp\/v2\/media?parent=333"}],"curies":[{"name":"wp","href":"https:\/\/api.w.org\/{rel}","templated":true}]}}