{"id":345,"date":"2021-02-08T16:18:37","date_gmt":"2021-02-08T19:18:37","guid":{"rendered":"https:\/\/hugoribeiro.com.br\/?page_id=345"},"modified":"2023-02-01T09:02:43","modified_gmt":"2023-02-01T12:02:43","slug":"lytex","status":"publish","type":"page","link":"https:\/\/hugoribeiro.com.br\/index.php\/lytex\/","title":{"rendered":"Lilypond e Latex"},"content":{"rendered":"\n<p><strong>Site com informa\u00e7\u00f5es em portugu\u00eas sobre Latex, Lilypond, Lytex e OOoLilypond<\/strong><\/p>\n\n\n\n<p><a href=\"https:\/\/hugoribeiro.com.br\/index.php\/lilypond-para-deficientes-visuais\">Lilypond para deficientes visuais<\/a> &#8211; P\u00e1gina com indica\u00e7\u00f5es de boas pr\u00e1ticas para escrever c\u00f3digos de forma que sejam facilmente lidos por deficientes visuais.<\/p>\n\n\n\n<p><a href=\"http:\/\/www.lilypond.org\" target=\"_blank\" rel=\"noreferrer noopener\">www.lilypond.org<\/a> &#8211; Site do Lilypond. L\u00e1 voc\u00ea pode baixar os programas (para Linux, Windows ou Mac) e ler os manuais.<\/p>\n\n\n\n<p><a href=\"http:\/\/lilypond.org\/doc\/v2.10\/Documentation\/user\/lilypond-big-page\" target=\"_blank\" rel=\"noreferrer noopener\">Tutorial<\/a> &#8211; Tutorial do Lilypond em ingl\u00eas (One-big-page). Tudo sobre Lilypond.<\/p>\n\n\n\n<p><a href=\"http:\/\/erasmo.info\/lilypond\/tutorial\/\" target=\"_blank\" rel=\"noreferrer noopener\">Pequeno Tutorial sobre Lilypond<\/a> &#8211; Escrito por Erasmo Fernandes. Excelente para quem n\u00e3o l\u00ea ingl\u00eas. Agora n\u00e3o tem mais desculpa para n\u00e3o usar o Lilypond.<\/p>\n\n\n\n<p><a href=\"https:\/\/hugoribeiro.com.br\/intro_lilypond\/index.html\" target=\"_blank\" rel=\"noreferrer noopener\">Introdu\u00e7\u00e3o ao Lilypond<\/a> &#8211; Escrito por Hugo Ribeiro. Esse \u00e9 um verdadeiro passo-a-passo de como entender o funcionamento da sintaxe do Lilypond, e pequenos exemplos simples comentados. Sem falsa mod\u00e9stia :), \u00e9 excelente para iniciantes &#8220;do zero&#8221;. Quem quiser baixar e imprimir o arquivo em pdf, \u00e9 s\u00f3 clicar <a href=\"https:\/\/hugoribeiro.com.br\/biblioteca-digital\/intro_lilypond.pdf\">aqui<\/a><\/p>\n\n\n\n<p><a href=\"https:\/\/hugoribeiro.com.br\/index.php\/templates-de-lilypond\/\" target=\"_blank\" rel=\"noreferrer noopener\">Templates de Lilypond<\/a> &#8211; P\u00e1gina com alguns templates de c\u00f3digos de Lilypond para meus estudantes da UnB usarem em seus exerc\u00edcios.<\/p>\n\n\n\n<p><a rel=\"noreferrer noopener\" href=\"https:\/\/hugoribeiro.com.br\/index.php\/ooolilypond\/\" target=\"_blank\">OOoLilypond<\/a> &#8211; Tradu\u00e7\u00e3o do tutorial sobre como instalar a macro OOoLilypond (atualmente chamada de Oly) no LibreOffice.<\/p>\n","protected":false},"excerpt":{"rendered":"<p>Site com informa\u00e7\u00f5es em portugu\u00eas sobre Latex, Lilypond, Lytex e OOoLilypond Lilypond para deficientes visuais &#8211; P\u00e1gina com indica\u00e7\u00f5es de boas pr\u00e1ticas para escrever c\u00f3digos de forma que sejam facilmente lidos por deficientes visuais. www.lilypond.org &#8211; Site do Lilypond. L\u00e1 voc\u00ea pode baixar os programas (para Linux, Windows ou Mac) e ler os manuais. Tutorial &hellip; <\/p>\n<p class=\"link-more\"><a href=\"https:\/\/hugoribeiro.com.br\/index.php\/lytex\/\" class=\"more-link\">Continue lendo<span class=\"screen-reader-text\"> &#8220;Lilypond e Latex&#8221;<\/span><\/a><\/p>\n","protected":false},"author":1,"featured_media":0,"parent":0,"menu_order":0,"comment_status":"closed","ping_status":"closed","template":"","meta":{"_monsterinsights_skip_tracking":false,"_monsterinsights_sitenote_active":false,"_monsterinsights_sitenote_note":"","_monsterinsights_sitenote_category":0,"footnotes":""},"class_list":["post-345","page","type-page","status-publish","hentry"],"_links":{"self":[{"href":"https:\/\/hugoribeiro.com.br\/index.php\/wp-json\/wp\/v2\/pages\/345","targetHints":{"allow":["GET"]}}],"collection":[{"href":"https:\/\/hugoribeiro.com.br\/index.php\/wp-json\/wp\/v2\/pages"}],"about":[{"href":"https:\/\/hugoribeiro.com.br\/index.php\/wp-json\/wp\/v2\/types\/page"}],"author":[{"embeddable":true,"href":"https:\/\/hugoribeiro.com.br\/index.php\/wp-json\/wp\/v2\/users\/1"}],"replies":[{"embeddable":true,"href":"https:\/\/hugoribeiro.com.br\/index.php\/wp-json\/wp\/v2\/comments?post=345"}],"version-history":[{"count":9,"href":"https:\/\/hugoribeiro.com.br\/index.php\/wp-json\/wp\/v2\/pages\/345\/revisions"}],"predecessor-version":[{"id":646,"href":"https:\/\/hugoribeiro.com.br\/index.php\/wp-json\/wp\/v2\/pages\/345\/revisions\/646"}],"wp:attachment":[{"href":"https:\/\/hugoribeiro.com.br\/index.php\/wp-json\/wp\/v2\/media?parent=345"}],"curies":[{"name":"wp","href":"https:\/\/api.w.org\/{rel}","templated":true}]}}