{"id":357,"date":"2021-02-08T16:27:49","date_gmt":"2021-02-08T19:27:49","guid":{"rendered":"https:\/\/hugoribeiro.com.br\/?page_id=357"},"modified":"2021-02-08T16:28:15","modified_gmt":"2021-02-08T19:28:15","slug":"etnomusicologia-em-portugues","status":"publish","type":"page","link":"https:\/\/hugoribeiro.com.br\/index.php\/etnomusicologia-em-portugues\/","title":{"rendered":"Etnomusicologia em portugu\u00eas"},"content":{"rendered":"\n<p><em>Essa \u00e9 uma compila\u00e7\u00e3o de refer\u00eancias bibliogr\u00e1ficas de textos escritos na l\u00edngua portuguesa que possam ser utilizadas como textos introdut\u00f3rios \u00e0 \u00e1rea, preferencialmente em n\u00edvel de gradua\u00e7\u00e3o. Quem tiver novas indica\u00e7\u00f5es pode enviar para <a href=\"mailto:hugoleo75@gmail.com\">hugoleo75@gmail.com<\/a><\/em>.<\/p>\n\n\n\n<p>Blacking, John. 2007. &#8220;M\u00fasica, cultura e experi\u00eancia.&#8221; <em>Cadernos de Campo<\/em> 16: 201-218. Traduzido por Andr\u00e9 Kees de Moraes Schouten. <a href=\"https:\/\/www.revistas.usp.br\/cadernosdecampo\/article\/view\/50064\/55695\" target=\"_blank\" rel=\"noreferrer noopener\">https:\/\/www.revistas.usp.br\/cadernosdecampo\/article\/view\/50064\/55695.<br><\/a><a href=\"https:\/\/hugoribeiro.com.br\/antiga\/biblioteca-digital\/Blacking-Musica_Cultura_Experiencia.pdf\" target=\"_blank\" rel=\"noreferrer noopener\"> PDF<\/a><\/p>\n\n\n\n<p>Chada, S\u00f4nia. 2011. &#8220;Caminhos e fronteiras da etnomusicologia&#8221;. In <em>Cadernos do Grupo de Pesquisa: m\u00fasica e identidade na Amaz\u00f4nia<\/em>, organizado por L\u00edliam Cristina da Silva Barros e Paulo Murilo Guerreiro do Amaral, 9-22. Bel\u00e9m: Paka-Tatu; Progama de P\u00f3s-Gradua\u00e7\u00e3o em Artes.<br><a href=\"https:\/\/hugoribeiro.com.br\/antiga\/biblioteca-digital\/Chada-Sonia_Caminhos_Fronteiras_Etnomusicologia.pdf\" target=\"_blank\" rel=\"noreferrer noopener\">PDF<\/a><\/p>\n\n\n\n<p>Lucas, Glaura. 2000. &#8220;M\u00fasica religiosa dos Negros do Ros\u00e1rio na Am\u00e9rica portuguesa&#8221;. In <em>Anais do IV Encontro de Musicologia Hist\u00f3rica: M\u00fasica religiosa na Am\u00e9rica Portuguesa<\/em>. Juiz de Fora.<br><a href=\"https:\/\/hugoribeiro.com.br\/antiga\/biblioteca-digital\/Lucas_Glaura-2000-Musica_religiosa.pdf\" target=\"_blank\" rel=\"noreferrer noopener\">PDF<\/a><\/p>\n\n\n\n<p>Oliveira Pinto, Tiago de. 2001. &#8220;Som e m\u00fasica: quest\u00f5es de uma antropologia sonora.&#8221; <em>Revista de Antropologia<\/em> 44, no. 1. <a href=\"http:\/\/dx.doi.org\/10.1590\/S0034-77012001000100007\" target=\"_blank\" rel=\"noreferrer noopener\">http:\/\/dx.doi.org\/10.1590\/S0034-77012001000100007.<br><\/a><a href=\"https:\/\/hugoribeiro.com.br\/antiga\/biblioteca-digital\/Oliveira_Pinto-Som_e_musica.pdf\" target=\"_blank\" rel=\"noreferrer noopener\"> PDF<\/a><\/p>\n\n\n\n<p>Seeger, Anthony. 2008. &#8220;Etnografia da m\u00fasica&#8221;. Tradu\u00e7\u00e3o de Giovanni Cirino. Revis\u00e3o T\u00e9cnica de Andr\u00e9-Kees de Moraes Schouten e Jos\u00e9 Glebson Vieira. <em>Cadernos de campo<\/em> 17: 237-260. Dispon\u00edvel em <a href=\"http:\/\/www.revistas.usp.br\/cadernosdecampo\/issue\/view\/3213\" target=\"_blank\" rel=\"noreferrer noopener\">http:\/\/www.revistas.usp.br\/cadernosdecampo\/issue\/view\/3213<\/a>.<br><a href=\"https:\/\/hugoribeiro.com.br\/antiga\/biblioteca-digital\/Seeger-Etnografia_musica.pdf\" target=\"_blank\" rel=\"noreferrer noopener\">PDF<\/a><\/p>\n\n\n\n<p>Seeger, Anthony. 2009. &#8220;Uma hist\u00f3ria de dois arquivos: aquisi\u00e7\u00e3o, preserva\u00e7\u00e3o, digitaliza\u00e7\u00e3o e divulga\u00e7\u00e3o de acervos audiovisuais.&#8221; <em>Revista do Instituto de Estudos Brasileiros<\/em> 48: 31-52. Dispon\u00edvel em <a href=\"https:\/\/www.redalyc.org\/articulo.oa?id=405641270003\" target=\"_blank\" rel=\"noreferrer noopener\">https:\/\/www.redalyc.org\/articulo.oa?id=405641270003<\/a>.<br><a href=\"https:\/\/hugoribeiro.com.br\/antiga\/biblioteca-digital\/Seeger-2009-Historia_dois_arquivos.pdf\" target=\"_blank\" rel=\"noreferrer noopener\">PDF<\/a><\/p>\n\n\n\n<p>Travassos, Elizabeth. 1997. &#8220;A antropologia musical de Anthony Seeger: uma proposta para os estudos etnomusicol\u00f3gicos&#8221; <em>Debates<\/em> 1: 69-79. <a href=\"http:\/\/www.seer.unirio.br\/index.php\/revistadebates\/article\/view\/4214\" target=\"_blank\" rel=\"noreferrer noopener\">http:\/\/www.seer.unirio.br\/index.php\/revistadebates\/article\/view\/4214.<br><\/a><a href=\"https:\/\/hugoribeiro.com.br\/antiga\/biblioteca-digital\/Travassos-1997-Antropologia_musical_Anthony_Seeger.pdf\" target=\"_blank\" rel=\"noreferrer noopener\"> PDF<\/a><\/p>\n\n\n\n<p>Travassos, Elizabeth. 2007. &#8220;John Blacking ou uma humanidade sonora e saudavelmente organizada.&#8221; <em>Cadernos de Campo<\/em> 16: 191-200. <a href=\"https:\/\/www.revistas.usp.br\/cadernosdecampo\/article\/view\/50063\/54192\" target=\"_blank\" rel=\"noreferrer noopener\">https:\/\/www.revistas.usp.br\/cadernosdecampo\/article\/view\/50063\/54192.<br><\/a><a href=\"https:\/\/hugoribeiro.com.br\/antiga\/biblioteca-digital\/Travassos-2007-Blacking.pdf\" target=\"_blank\" rel=\"noreferrer noopener\"> PDF<\/a><\/p>\n\n\n\n<p>Nettl, Bruno. 2006. &#8220;O estudo comparativo da mudan\u00e7a musical: Estudos de caso de quatro culturas&#8221;. <em>Revista Anthropol\u00f3gicas<\/em> 17, no. 1: 11-34. <a href=\"https:\/\/periodicos.ufpe.br\/revistas\/revistaanthropologicas\/article\/view\/23638\" target=\"_blank\" rel=\"noreferrer noopener\">https:\/\/periodicos.ufpe.br\/revistas\/revistaanthropologicas\/article\/view\/23638.<br><\/a><a href=\"https:\/\/hugoribeiro.com.br\/antiga\/biblioteca-digital\/Nettl-2006-Estudo_comparativo_quatro_culturas.pdf\" target=\"_blank\" rel=\"noreferrer noopener\"> PDF<\/a><\/p>\n\n\n\n<p>Seeger, Anthony. 2013. &#8220;Fazendo parte: seq\u00fc\u00eancias musicais e bons sentimentos&#8221;. <em>Revista Anthropol\u00f3gicas<\/em> 24, no. 2: 7-42. <a href=\"https:\/\/periodicos.ufpe.br\/revistas\/revistaanthropologicas\/article\/view\/23801\" target=\"_blank\" rel=\"noreferrer noopener\">https:\/\/periodicos.ufpe.br\/revistas\/revistaanthropologicas\/article\/view\/23801.<br><\/a><a href=\"https:\/\/hugoribeiro.com.br\/antiga\/biblioteca-digital\/Seeger-2013-Fazendo_parte.pdf\" target=\"_blank\" rel=\"noreferrer noopener\"> PDF<\/a><\/p>\n\n\n\n<h1 class=\"wp-block-heading\">Refer\u00eancias bibliogr\u00e1ficas a serem traduzidas<\/h1>\n\n\n\n<p>Nattiez, Jean-Jacques, dir. 2005. <em>Musiques: Une encyclop\u00e9die pour le XXI e si\u00e8cle<\/em>. Vol. 3, Musiques et cultures. Arles: Actes Sud\/Paris;: Cit\u00e9 de la Musique, 2005.<br><a href=\"https:\/\/hugoribeiro.com.br\/antiga\/biblioteca-digital\/Nattiez_Jean-Jacques-Etnomusicologia.pdf\" target=\"_blank\" rel=\"noreferrer noopener\">PDF<\/a><\/p>\n","protected":false},"excerpt":{"rendered":"<p>Essa \u00e9 uma compila\u00e7\u00e3o de refer\u00eancias bibliogr\u00e1ficas de textos escritos na l\u00edngua portuguesa que possam ser utilizadas como textos introdut\u00f3rios \u00e0 \u00e1rea, preferencialmente em n\u00edvel de gradua\u00e7\u00e3o. Quem tiver novas indica\u00e7\u00f5es pode enviar para hugoleo75@gmail.com. Blacking, John. 2007. &#8220;M\u00fasica, cultura e experi\u00eancia.&#8221; Cadernos de Campo 16: 201-218. Traduzido por Andr\u00e9 Kees de Moraes Schouten. https:\/\/www.revistas.usp.br\/cadernosdecampo\/article\/view\/50064\/55695. &hellip; <\/p>\n<p class=\"link-more\"><a href=\"https:\/\/hugoribeiro.com.br\/index.php\/etnomusicologia-em-portugues\/\" class=\"more-link\">Continue lendo<span class=\"screen-reader-text\"> &#8220;Etnomusicologia em portugu\u00eas&#8221;<\/span><\/a><\/p>\n","protected":false},"author":1,"featured_media":0,"parent":0,"menu_order":0,"comment_status":"closed","ping_status":"closed","template":"","meta":{"_monsterinsights_skip_tracking":false,"_monsterinsights_sitenote_active":false,"_monsterinsights_sitenote_note":"","_monsterinsights_sitenote_category":0,"footnotes":""},"class_list":["post-357","page","type-page","status-publish","hentry"],"_links":{"self":[{"href":"https:\/\/hugoribeiro.com.br\/index.php\/wp-json\/wp\/v2\/pages\/357","targetHints":{"allow":["GET"]}}],"collection":[{"href":"https:\/\/hugoribeiro.com.br\/index.php\/wp-json\/wp\/v2\/pages"}],"about":[{"href":"https:\/\/hugoribeiro.com.br\/index.php\/wp-json\/wp\/v2\/types\/page"}],"author":[{"embeddable":true,"href":"https:\/\/hugoribeiro.com.br\/index.php\/wp-json\/wp\/v2\/users\/1"}],"replies":[{"embeddable":true,"href":"https:\/\/hugoribeiro.com.br\/index.php\/wp-json\/wp\/v2\/comments?post=357"}],"version-history":[{"count":2,"href":"https:\/\/hugoribeiro.com.br\/index.php\/wp-json\/wp\/v2\/pages\/357\/revisions"}],"predecessor-version":[{"id":359,"href":"https:\/\/hugoribeiro.com.br\/index.php\/wp-json\/wp\/v2\/pages\/357\/revisions\/359"}],"wp:attachment":[{"href":"https:\/\/hugoribeiro.com.br\/index.php\/wp-json\/wp\/v2\/media?parent=357"}],"curies":[{"name":"wp","href":"https:\/\/api.w.org\/{rel}","templated":true}]}}