{"id":378,"date":"2021-02-08T20:19:39","date_gmt":"2021-02-08T23:19:39","guid":{"rendered":"https:\/\/hugoribeiro.com.br\/?page_id=378"},"modified":"2021-02-08T20:19:40","modified_gmt":"2021-02-08T23:19:40","slug":"percepcao-musical","status":"publish","type":"page","link":"https:\/\/hugoribeiro.com.br\/index.php\/percepcao-musical\/","title":{"rendered":"Percep\u00e7\u00e3o Musical"},"content":{"rendered":"\n<p>Eu sempre achei muito importante desenvolver uma boa leitura r\u00edtmica. Principalmente quando nos deparamos com grande parte das obras musicais do S\u00e9c. XX e XXI, cujas divis\u00f5es r\u00edtmicas chegam a beirar o imposs\u00edvel. Por isso, nos dois anos em que fui professor de Percep\u00e7\u00e3o na Escola de M\u00fasica da UFBA, eu procurei dar bastante aten\u00e7\u00e3o \u00e0 essa compet\u00eancia musical.<\/p>\n\n\n\n<p>Aqui eu disponibilizei alguns exerc\u00edcios que espero serem \u00fateis para voc\u00eas, curiosos. Entre eles est\u00e3o padr\u00f5es de leitura mel\u00f3dica sobre uma escala diat\u00f4nica, exerc\u00edcios de divis\u00e3o r\u00edtimica, solfejo, etc&#8230; \u00c9 importante observar que eles <strong>n\u00e3o<\/strong> est\u00e3o em ordem crescente de dificuldade, e sim de forma <strong>aleat\u00f3ria<\/strong>.<\/p>\n\n\n\n<p><a href=\"https:\/\/hugoribeiro.com.br\/percepcao\/exercicio_percepcao_1a.htm\"><strong>Exerc\u00edcio 1 &#8211; Leitura de uma mesma divis\u00e3o r\u00edtmica em m\u00e9tricas diferentes.<\/strong><\/a><\/p>\n\n\n\n<p><a href=\"https:\/\/hugoribeiro.com.br\/percepcao\/jogo_1a.htm\"><strong>Exerc\u00edcio 2 &#8211; Brincadeira r\u00edtmica.<\/strong><\/a><\/p>\n\n\n\n<p><a href=\"https:\/\/hugoribeiro.com.br\/percepcao\/seq_mel.htm\"><strong>Exerc\u00edcio 3 &#8211; Sequ\u00eancias mel\u00f3dicas.<\/strong><\/a><\/p>\n\n\n\n<p><a href=\"https:\/\/hugoribeiro.com.br\/percepcao\/mud_compasso_1.htm\"><strong>Exerc\u00edcio 4 &#8211; Mudan\u00e7a de compasso.<\/strong><\/a><\/p>\n","protected":false},"excerpt":{"rendered":"<p>Eu sempre achei muito importante desenvolver uma boa leitura r\u00edtmica. Principalmente quando nos deparamos com grande parte das obras musicais do S\u00e9c. XX e XXI, cujas divis\u00f5es r\u00edtmicas chegam a beirar o imposs\u00edvel. Por isso, nos dois anos em que fui professor de Percep\u00e7\u00e3o na Escola de M\u00fasica da UFBA, eu procurei dar bastante aten\u00e7\u00e3o &hellip; <\/p>\n<p class=\"link-more\"><a href=\"https:\/\/hugoribeiro.com.br\/index.php\/percepcao-musical\/\" class=\"more-link\">Continue lendo<span class=\"screen-reader-text\"> &#8220;Percep\u00e7\u00e3o Musical&#8221;<\/span><\/a><\/p>\n","protected":false},"author":1,"featured_media":0,"parent":0,"menu_order":0,"comment_status":"closed","ping_status":"closed","template":"","meta":{"_monsterinsights_skip_tracking":false,"_monsterinsights_sitenote_active":false,"_monsterinsights_sitenote_note":"","_monsterinsights_sitenote_category":0,"footnotes":""},"class_list":["post-378","page","type-page","status-publish","hentry"],"_links":{"self":[{"href":"https:\/\/hugoribeiro.com.br\/index.php\/wp-json\/wp\/v2\/pages\/378","targetHints":{"allow":["GET"]}}],"collection":[{"href":"https:\/\/hugoribeiro.com.br\/index.php\/wp-json\/wp\/v2\/pages"}],"about":[{"href":"https:\/\/hugoribeiro.com.br\/index.php\/wp-json\/wp\/v2\/types\/page"}],"author":[{"embeddable":true,"href":"https:\/\/hugoribeiro.com.br\/index.php\/wp-json\/wp\/v2\/users\/1"}],"replies":[{"embeddable":true,"href":"https:\/\/hugoribeiro.com.br\/index.php\/wp-json\/wp\/v2\/comments?post=378"}],"version-history":[{"count":1,"href":"https:\/\/hugoribeiro.com.br\/index.php\/wp-json\/wp\/v2\/pages\/378\/revisions"}],"predecessor-version":[{"id":379,"href":"https:\/\/hugoribeiro.com.br\/index.php\/wp-json\/wp\/v2\/pages\/378\/revisions\/379"}],"wp:attachment":[{"href":"https:\/\/hugoribeiro.com.br\/index.php\/wp-json\/wp\/v2\/media?parent=378"}],"curies":[{"name":"wp","href":"https:\/\/api.w.org\/{rel}","templated":true}]}}