{"id":386,"date":"2021-02-08T20:33:56","date_gmt":"2021-02-08T23:33:56","guid":{"rendered":"https:\/\/hugoribeiro.com.br\/?page_id=386"},"modified":"2023-02-01T08:59:57","modified_gmt":"2023-02-01T11:59:57","slug":"ooolilypond","status":"publish","type":"page","link":"https:\/\/hugoribeiro.com.br\/index.php\/ooolilypond\/","title":{"rendered":"OOoLilyPond"},"content":{"rendered":"\n<p><em>Usando exemplos de nota\u00e7\u00e3o musical no LibreOffice.org (OpenOffice.org)<\/em><\/p>\n\n\n\n<p>Selecione o idioma: <a href=\"https:\/\/hugoribeiro.com.br\/index.php\/ooolilypond\/\">portugu\u00eas<\/a> <a href=\"https:\/\/github.com\/OOoLilyPond\">english<\/a><\/p>\n\n\n\n<p>Com o OOoLilyPond (OLy) voc\u00ea pode utilizar a nota\u00e7\u00e3o musical dentro do LibreOffice. Use-o para escrever um livro de teoria musical ou para escrever exerc\u00edcios para instrumentos musicais, ou voz, que precisem ser comentado com texto. Oly n\u00e3o est\u00e1 limitado \u00e0 nota\u00e7\u00e3o musical tradicional. Voc\u00ea tamb\u00e9m pode criar s\u00edmbolos do bra\u00e7o do viol\u00e3o\/guitarra com ele.<\/p>\n\n\n\n<p>Os exemplos musicais s\u00e3o inseridos como um c\u00f3digo de texto usando a linguagem do <a href=\"http:\/\/www.lilypond.org\/\">LilyPond<\/a> que \u00e9 renderizado em uma figura pelo Oly. \u00c9 necess\u00e1rio algum tempo para se familiarizar com a linguagem do Lilypond mas, uma vez aprendida, pequenas pe\u00e7as de m\u00fasica s\u00e3o escritas muito mais rapidamente do que em qualquer outro software.<\/p>\n\n\n\n<p>Samuel Hartmann, Julho de 2009 (traduzido por <a href=\"http:\/\/www.hugoribeiro.com.br\" target=\"_blank\" rel=\"noreferrer noopener\">Hugo Ribeiro<\/a> em Fevereiro de 2009, e atualizado em Abril de 2015).<\/p>\n\n\n\n<h1 class=\"wp-block-heading\">Novidades<\/h1>\n\n\n\n<p>O OOoLilypond agora \u00e9 chamado somente de Oly e est\u00e1 sendo mantido numa p\u00e1gina do GitHub. A \u00faltima vers\u00e3o (at\u00e9 fevereiro de 2023) foi a 1.1.8. Mas, para ficar atualizado, \u00e9 melhor ir direto na p\u00e1gina do GitHub e baixar de l\u00e1.<\/p>\n\n\n\n<h2 class=\"wp-block-heading\">Exemplo e Screenshot<\/h2>\n\n\n\n<p>Abaixo tem um arquivo que eu criei com diversos exemplos de como usar o OOolilypond, com mudan\u00e7as no c\u00f3digo padr\u00e3o.<\/p>\n\n\n\n<p>Em formato open document (LibreOffice.org): <a href=\"https:\/\/hugoribeiro.com.br\/biblioteca-digital\/Exemplos_Codigo_Lilypond.odt\" target=\"_blank\" rel=\"noreferrer noopener\">Exemplos_Codigo_Lilypond.odt<\/a><br>Voc\u00ea n\u00e3o precisa ter o OOoLilyPond instalado para somente visualizar este documento com LibreOffice.org.<\/p>\n\n\n\n<p>Como PDF: <a href=\"https:\/\/hugoribeiro.com.br\/biblioteca-digital\/Exemplos_Codigo_Lilypond.pdf\" target=\"_blank\" rel=\"noreferrer noopener\">Exemplos_Codigo_Lilypond.pdf<\/a><\/p>\n\n\n\n<figure class=\"wp-block-image\"><img decoding=\"async\" src=\"https:\/\/hugoribeiro.com.br\/antiga\/imagens\/Exemplos_Codigo_Lilypond.png\" alt=\"\"\/><\/figure>\n\n\n\n<h1 class=\"wp-block-heading\">Download<\/h1>\n\n\n\n<p>Voc\u00ea pode fazer o download da \u00faltima vers\u00e3o do OOoLilyPond no GitHub:<\/p>\n\n\n\n<p><a href=\"https:\/\/github.com\/OOoLilyPond\/OOoLilyPond\/wiki\/Downloads\" target=\"_blank\" rel=\"noreferrer noopener\">https:\/\/github.com\/OOoLilyPond\/OOoLilyPond\/wiki\/Downloads<\/a><\/p>\n\n\n\n<p>Voc\u00ea tamb\u00e9m precisa do:<\/p>\n\n\n\n<p><a href=\"https:\/\/pt-br.libreoffice.org\/\" target=\"_blank\" rel=\"noreferrer noopener\">LibreOffice.org<\/a><\/p>\n\n\n\n<p><a href=\"http:\/\/www.lilypond.org\" target=\"_blank\" rel=\"noreferrer noopener\">LilyPond<\/a><\/p>\n\n\n\n<h1 class=\"wp-block-heading\">Instala\u00e7\u00e3o<\/h1>\n\n\n\n<h2 class=\"wp-block-heading\">Instalando no Windows e Linux<\/h2>\n\n\n\n<ul class=\"wp-block-list\">\n<li>Certifique-se de que os seguintes softwares est\u00e3o instalados:<br>&#8211; <a href=\"http:\/\/www.lilypond.org\" data-type=\"URL\" data-id=\"http:\/\/www.lilypond.org\" target=\"_blank\" rel=\"noreferrer noopener\">LilyPond<\/a> 2.10 ou mais novo (vers\u00f5es anteriores tamb\u00e9m podem funcionar)<br>&#8211; <a href=\"https:\/\/pt-br.libreoffice.org\/\" target=\"_blank\" rel=\"noreferrer noopener\">LibreOffice.org<\/a> 2.4 ou mais novo<\/li>\n\n\n\n<li><a href=\"https:\/\/github.com\/OOoLilyPond\" target=\"_blank\" rel=\"noreferrer noopener\">Baixe<\/a> a vers\u00e3o mais nova do OOoLilypond com extens\u00e3o &#8220;oxt&#8221;.<\/li>\n\n\n\n<li>Depois basta clicar duas vezes no arquivo baixado que ele mesmo ir\u00e1 instalar o OOoLilypond no seu librOffice. <\/li>\n\n\n\n<li>Depois de instalado, basta procurar o bot\u00e3o &#8220;Oly&#8221; e se divertir.<\/li>\n<\/ul>\n\n\n\n<h1 class=\"wp-block-heading\"><a>Primeiros passos<\/a><\/h1>\n\n\n\n<p>Posicione o cursor num documento de texto do LibreOffice. Clique no bot\u00e3o &#8220;Oly&#8221; na barra de ferramentas para abrir o editor do OOoLilyPond.<\/p>\n\n\n\n<p>Selecione um template (voc\u00ea tamb\u00e9m pode manter o padr\u00e3o [default]).<\/p>\n\n\n\n<p>Clique em no bot\u00e3o &#8220;LilyPond&#8221;. Ele ir\u00e1 converter esse c\u00f3digo numa imagem, e inser\u00ed-lo no documento do Writer.<\/p>\n\n\n\n<p>Selecione o objeto da nota\u00e7\u00e3o musica recentemente criado e clique no bot\u00e3o \u201cOLy\u201d novamente.<\/p>\n\n\n\n<p>O editor do OOoLilyPond abre novamente com todas as configura\u00e7\u00f5es da \u00faltima vez. No espa\u00e7o de entrada maior, voc\u00ea pode alterar as notas (talvez precise descer a tela para ver o c\u00f3digo das notas). Para aprender a sintaxe da linguagem do Lilypond, veja alguns exemplos do site oficial em <a href=\"https:\/\/lilypond.org\/examples.pt.html\" target=\"_blank\" rel=\"noreferrer noopener\">https:\/\/lilypond.org\/examples.pt.html<\/a><\/p>\n\n\n\n<p>Outras op\u00e7\u00f5es de apostilas e tutoriais em portugu\u00eas est\u00e3o dispon\u00edveis na p\u00e1gina <a href=\"https:\/\/hugoribeiro.com.br\/index.php\/lytex\/\">https:\/\/hugoribeiro.com.br\/index.php\/lytex\/<\/a>.<\/p>\n\n\n\n<h1 class=\"wp-block-heading\">Conseguindo ajuda<\/h1>\n\n\n\n<p>Para conseguir ajuda sobre como usar ou instalar OOoLilyPond, voc\u00ea pode postar no <a href=\"http:\/\/sourceforge.net\/forum\/?group_id=177831\" target=\"_blank\" rel=\"noreferrer noopener\">f\u00f3rum de ajuda<\/a><\/p>\n\n\n\n<h1 class=\"wp-block-heading\">Cr\u00e9ditos<\/h1>\n\n\n\n<p>OOoLilyPond n\u00e3o existiria sem os dois grandes softwares LilyPond e LibreOffice. Dessa forma eu gostaria de agradecer a todos os desenvolvedores do LibreOffice.org. e Lilypond. O autor gostaria de agradecer a Geoffroy Piroux que escreveu a macro OOoLaTeX da qual o OOoLilyPond foi derivado. Obrigado tamb\u00e9m \u00e0 Andy May pelas instru\u00e7\u00f5es de instala\u00e7\u00e3o para Mac OS X, a Vern Takebayashi por test\u00e1-lo, a Goran Rakic ao providenciar o pacote de extens\u00e3o para o LibreOffice. <\/p>\n","protected":false},"excerpt":{"rendered":"<p>Usando exemplos de nota\u00e7\u00e3o musical no LibreOffice.org (OpenOffice.org) Selecione o idioma: portugu\u00eas english Com o OOoLilyPond (OLy) voc\u00ea pode utilizar a nota\u00e7\u00e3o musical dentro do LibreOffice. Use-o para escrever um livro de teoria musical ou para escrever exerc\u00edcios para instrumentos musicais, ou voz, que precisem ser comentado com texto. Oly n\u00e3o est\u00e1 limitado \u00e0 nota\u00e7\u00e3o &hellip; <\/p>\n<p class=\"link-more\"><a href=\"https:\/\/hugoribeiro.com.br\/index.php\/ooolilypond\/\" class=\"more-link\">Continue lendo<span class=\"screen-reader-text\"> &#8220;OOoLilyPond&#8221;<\/span><\/a><\/p>\n","protected":false},"author":1,"featured_media":0,"parent":0,"menu_order":0,"comment_status":"closed","ping_status":"closed","template":"","meta":{"_monsterinsights_skip_tracking":false,"_monsterinsights_sitenote_active":false,"_monsterinsights_sitenote_note":"","_monsterinsights_sitenote_category":0,"footnotes":""},"class_list":["post-386","page","type-page","status-publish","hentry"],"_links":{"self":[{"href":"https:\/\/hugoribeiro.com.br\/index.php\/wp-json\/wp\/v2\/pages\/386","targetHints":{"allow":["GET"]}}],"collection":[{"href":"https:\/\/hugoribeiro.com.br\/index.php\/wp-json\/wp\/v2\/pages"}],"about":[{"href":"https:\/\/hugoribeiro.com.br\/index.php\/wp-json\/wp\/v2\/types\/page"}],"author":[{"embeddable":true,"href":"https:\/\/hugoribeiro.com.br\/index.php\/wp-json\/wp\/v2\/users\/1"}],"replies":[{"embeddable":true,"href":"https:\/\/hugoribeiro.com.br\/index.php\/wp-json\/wp\/v2\/comments?post=386"}],"version-history":[{"count":12,"href":"https:\/\/hugoribeiro.com.br\/index.php\/wp-json\/wp\/v2\/pages\/386\/revisions"}],"predecessor-version":[{"id":642,"href":"https:\/\/hugoribeiro.com.br\/index.php\/wp-json\/wp\/v2\/pages\/386\/revisions\/642"}],"wp:attachment":[{"href":"https:\/\/hugoribeiro.com.br\/index.php\/wp-json\/wp\/v2\/media?parent=386"}],"curies":[{"name":"wp","href":"https:\/\/api.w.org\/{rel}","templated":true}]}}