{"id":461,"date":"2021-05-14T11:20:00","date_gmt":"2021-05-14T14:20:00","guid":{"rendered":"https:\/\/hugoribeiro.com.br\/?page_id=461"},"modified":"2021-05-14T12:29:42","modified_gmt":"2021-05-14T15:29:42","slug":"dacapo-tutti","status":"publish","type":"page","link":"https:\/\/hugoribeiro.com.br\/index.php\/dacapo-tutti\/","title":{"rendered":"DaCapo Tutti"},"content":{"rendered":"\n<p>O Da Capo Tutti foi escrito para a inicia\u00e7\u00e3o em educa\u00e7\u00e3o musical coletiva com instrumentos musicais (EMUCIM). Suas atividades (li\u00e7\u00f5es) possibilitam trabalhar, desde o in\u00edcio e simultaneamente, as habilidades musicais por meio da pr\u00e1tica da m\u00fasica em conjunto, incluindo performance (instrumental e vocal), leitura de partitura, criatividade, percep\u00e7\u00e3o e memoriza\u00e7\u00e3o, al\u00e9m de compreens\u00e3o de elementos de teoria da m\u00fasica. Improvisar, fazer arranjo, compor, assim como inventar diferentes maneiras de se tocar os arranjos e melodias do m\u00e9todo, fazem parte da maneira de abordar a criatividade musical. A cada atividade, uma nova figura r\u00edtmica, uma nova nota no instrumento ou um novo elemento te\u00f3rico (s\u00edmbolo ou termo), por exemplo, \u00e9 aprendido e trabalhado em melodias cantadas e tocadas em un\u00edssono, dueto ou em arranjos. As melodias s\u00e3o de tradi\u00e7\u00e3o oral ou popular do Brasil.<\/p>\n\n\n\n<p>Este material did\u00e1tico possibilita formar de pequenos grupos camer\u00edsticos at\u00e9 grandes conjuntos instrumentais, desde que misturem instrumentos de sopro, cordas e percuss\u00e3o. Os conjuntos podem ser tamb\u00e9m de diferentes combina\u00e7\u00f5es instrumentais e vocais. Os grandes grupos podem ser banda r\u00edtmica para educa\u00e7\u00e3o musical infantil, orquestra sinf\u00f4nica, big band, regional de choro etc. Ele tamb\u00e9m permite a forma\u00e7\u00e3o de conjuntos instrumentais inovadores como uma orquestra com, por exemplo, instrumentos de sopro, cordas dedilhadas e percuss\u00e3o.<\/p>\n\n\n\n<p>Para a forma\u00e7\u00e3o de conjuntos que incluam apenas instrumentos de cordas ou de sopro, indicamos materiais did\u00e1ticos que foram elaborados especificamente para eles, tais como o Da Capo: Instrumentos de Arco, Da Capo: Cordas Dedilhadas e Pin\u00e7adas e, para bandas de m\u00fasica e sinf\u00f4nica, o Da Capo e\/ou o Da Capo Criatividade, estes dois \u00faltimos publicados pela Editora Keyboard.<\/p>\n\n\n\n<p>O Da Capo Tutti corresponde ao n\u00edvel elementar de aprendizado, vamos cham\u00e1-lo de N\u00edvel 1, e este est\u00e1 subdividido em quatro subn\u00edveis did\u00e1ticos: 1A (atividades 1-11, do M\u00e9todo), 1B (11-22), 1C (23-31) e 1D (32-42).<\/p>\n\n\n\n<p>Nesta p\u00e1gina voc\u00ea poder\u00e1 realizar o dowload do livro do regente e dos livros individuais do m\u00e9todo DaCapo Tutti.<\/p>\n\n\n\n<h2 class=\"wp-block-heading\">Livro do Regente<\/h2>\n\n\n\n<p><a href=\"https:\/\/hugoribeiro.com.br\/Dacapo_Tutti\/Regente-DaCapo.pdf\" target=\"_blank\" rel=\"noreferrer noopener\">DaCapo Tutti Regente<\/a><\/p>\n\n\n\n<h2 class=\"wp-block-heading\">Livros individuais<\/h2>\n\n\n\n<h3 class=\"wp-block-heading\">Grupo A<\/h3>\n\n\n\n<p><a href=\"https:\/\/hugoribeiro.com.br\/Dacapo_Tutti\/Acordeao-Sanfona-DaCapo.pdf\" target=\"_blank\" rel=\"noreferrer noopener\">Acorde\u00e3o<\/a><br><a href=\"https:\/\/hugoribeiro.com.br\/Dacapo_Tutti\/Aplicativo_1-DaCapo.pdf\">Aplicativo 1: Instrumentos do grupo A<\/a><br><a href=\"https:\/\/hugoribeiro.com.br\/Dacapo_Tutti\/Chalumeau_Contralto-DaCapo.pdf\">Chalumeau contralto<\/a><br>C\u00edtara em Sol<br>Clarinete alto em Mi bemol<br><a href=\"https:\/\/hugoribeiro.com.br\/Dacapo_Tutti\/CoroSoprano-DaCapo.pdf\">Coral: Soprano e Tenor<\/a><br><a href=\"https:\/\/hugoribeiro.com.br\/Dacapo_Tutti\/Escaleta-DaCapo.pdf\">Escaleta<\/a><br><a href=\"https:\/\/hugoribeiro.com.br\/Dacapo_Tutti\/Escaleta_infantil_soprano-DaCapo.pdf\">Escaleta Infantil (Soprano)<\/a><br><a href=\"https:\/\/hugoribeiro.com.br\/Dacapo_Tutti\/Flauta_Doce_Soprano-DaCapo.pdf\">Flauta doce soprano<\/a><br>Flauta doce tenor<br><a href=\"https:\/\/hugoribeiro.com.br\/Dacapo_Tutti\/Flauta-DaCapo.pdf\">Flauta transversal<\/a><br><a href=\"https:\/\/hugoribeiro.com.br\/Dacapo_Tutti\/Gaita_Cromatica-DaCapo.pdf\">Gaita crom\u00e1tica (de boca)<\/a><br><a href=\"https:\/\/hugoribeiro.com.br\/Dacapo_Tutti\/GaitaSol-DaCapo.pdf\">Gaita em Sol\/R\u00e9 (de boca)<\/a><br><a href=\"https:\/\/hugoribeiro.com.br\/Dacapo_Tutti\/Gaita-Ponto-DaCapo.pdf\">Gaita ponto (8 baixos ou mais)<\/a><br><a href=\"https:\/\/hugoribeiro.com.br\/Dacapo_Tutti\/HarpaSol-DaCapo.pdf\">Harpa em Sol<\/a><br><a href=\"https:\/\/hugoribeiro.com.br\/Dacapo_Tutti\/Instrumentos_artesanais_Sol-DaCapo.pdf\">Instrumentos artesanais mel\u00f3dicos (em Sol)<\/a><br>Kalimba em Sol<br>Lira de cordas em Sol<br>Melofone em Mib<br>Metalofone em Sol<br><a href=\"https:\/\/hugoribeiro.com.br\/Dacapo_Tutti\/Oboe-DaCapo.pdf\">Obo\u00e9<\/a><br><a href=\"https:\/\/hugoribeiro.com.br\/Dacapo_Tutti\/Piano-DaCapo.pdf\">Piano<\/a><br><a href=\"https:\/\/hugoribeiro.com.br\/Dacapo_Tutti\/Pifano_Re-DaCapo.pdf\">P\u00edfano em R\u00e9<\/a><br><a href=\"https:\/\/hugoribeiro.com.br\/Dacapo_Tutti\/Requinta-DaCapo.pdf\">Requinta<\/a><br>Sanfona (8 baixos ou mais)<br><a href=\"https:\/\/hugoribeiro.com.br\/Dacapo_Tutti\/Saxhorn-DaCapo.pdf\">Saxhorn em Mib<\/a><br><a href=\"https:\/\/hugoribeiro.com.br\/Dacapo_Tutti\/Sax-Soprano-Tenor-DaCapo.pdf\">Saxofone soprano<\/a><br><a href=\"https:\/\/hugoribeiro.com.br\/Dacapo_Tutti\/Sax-Soprano-Tenor-DaCapo.pdf\">Saxofone tenor<\/a><br><a href=\"https:\/\/hugoribeiro.com.br\/Dacapo_Tutti\/Piano-DaCapo.pdf\">Teclado eletr\u00f4nico<\/a><br><a href=\"https:\/\/hugoribeiro.com.br\/Dacapo_Tutti\/Teclado-Percussivo-DaCapo.pdf\">Teclado percussivo<\/a><br><a href=\"https:\/\/hugoribeiro.com.br\/Dacapo_Tutti\/Trompa-DaCapo.pdf\">Trompa em F\u00e1<\/a><br><a href=\"https:\/\/hugoribeiro.com.br\/Dacapo_Tutti\/XilofoneSol-DaCapo.pdf\">Xilofone em Sol<\/a><\/p>\n\n\n\n<h3 class=\"wp-block-heading\">Grupo B<\/h3>\n\n\n\n<p><a href=\"https:\/\/hugoribeiro.com.br\/Dacapo_Tutti\/Aplicativo_2-DaCapo.pdf\">Aplicativo 2: Instrumentos do grupo B<\/a><br><a href=\"https:\/\/hugoribeiro.com.br\/Dacapo_Tutti\/Baritono_Do-DaCapo.pdf\">Bar\u00edtono em D\u00f3 em clave de sol<\/a><br>Bar\u00edtono em Sib em clave de sol<br><a href=\"https:\/\/hugoribeiro.com.br\/Dacapo_Tutti\/Bombardino-DaCapo.pdf\">Bombardino em clave de f\u00e1 (escrito em D\u00f3)<\/a><br><a href=\"https:\/\/hugoribeiro.com.br\/Dacapo_Tutti\/ChalumeauSoprano-DaCapo.pdf\">Chalumeau soprano<\/a><br><a href=\"https:\/\/hugoribeiro.com.br\/Dacapo_Tutti\/Clarineo-DaCapo.pdf\">C\u00edtara em D\u00f3\/R\u00e9<\/a><br>Clarineo<br><a href=\"https:\/\/hugoribeiro.com.br\/Dacapo_Tutti\/Clarineta-DaCapo.pdf\">Clarineta<\/a><br>Clarone<br><a href=\"https:\/\/hugoribeiro.com.br\/Dacapo_Tutti\/CoroBaixo-DaCapo.pdf\">Coral: Baixo<\/a><br><a href=\"https:\/\/hugoribeiro.com.br\/Dacapo_Tutti\/CoroContralto-DaCapo.pdf\">Coral: Contralto<\/a><br><a href=\"https:\/\/hugoribeiro.com.br\/Dacapo_Tutti\/CoroInfantil-DaCapo.pdf\">Coro infanto-juvenil<\/a><br><a href=\"https:\/\/hugoribeiro.com.br\/Dacapo_Tutti\/Escaleta_infantil_contralto-DaCapo.pdf\">Escaleta e Pianica Infantis (Contralto)<\/a><br><a href=\"https:\/\/hugoribeiro.com.br\/Dacapo_Tutti\/Fagote-DaCapo.pdf\">Fagote<\/a><br>Flauta doce baixo<br><a href=\"https:\/\/hugoribeiro.com.br\/Dacapo_Tutti\/FlautaCont-DaCapo.pdf\">Flauta doce contralto<\/a><br><a href=\"https:\/\/hugoribeiro.com.br\/Dacapo_Tutti\/Harpa_Do-DaCapo.pdf\">Harpa em D\u00f3\/R\u00e9<\/a><br><a href=\"https:\/\/hugoribeiro.com.br\/Dacapo_Tutti\/Instrumentos_artesanais_Do-DaCapo.pdf\">Instrumentos artesanais mel\u00f3dicos (em D\u00f3\/R\u00e9)<\/a><br>Kalimba em D\u00f3\/R\u00e9<br>Lira de cordas em D\u00f3\/R\u00e9<br><a href=\"https:\/\/hugoribeiro.com.br\/Dacapo_Tutti\/Lira_cromatica-DaCapo.pdf\">Lira de teclas crom\u00e1ticas<\/a><br>Metalofone em D\u00f3\/R\u00e9<br><a href=\"https:\/\/hugoribeiro.com.br\/Dacapo_Tutti\/Pifano_Sol-DaCapo.pdf\">P\u00edfano em Sol<\/a><br><a href=\"https:\/\/hugoribeiro.com.br\/Dacapo_Tutti\/Sax-Alto-Baritono-DaCapo.pdf\">Saxofone alto<\/a><br><a href=\"https:\/\/hugoribeiro.com.br\/Dacapo_Tutti\/Sax-Alto-Baritono-DaCapo.pdf\">Saxofone bar\u00edtono<\/a><br><a href=\"https:\/\/hugoribeiro.com.br\/Dacapo_Tutti\/Trombone-DaCapo.pdf\">Trombone<\/a><br><a href=\"https:\/\/hugoribeiro.com.br\/Dacapo_Tutti\/Trompete-DaCapo.pdf\">Trompete<\/a><br><a href=\"https:\/\/hugoribeiro.com.br\/Dacapo_Tutti\/Tuba-DaCapo.pdf\">Tuba (escrita em D\u00f3)<\/a><br>Tuba em Mi bemol<br><a href=\"https:\/\/hugoribeiro.com.br\/Dacapo_Tutti\/Xilofone_Do-DaCapo.pdf\">Xilofone em D\u00f3\/R\u00e9<\/a><\/p>\n\n\n\n<h3 class=\"wp-block-heading\">Grupo C<\/h3>\n\n\n\n<p><a href=\"https:\/\/hugoribeiro.com.br\/Dacapo_Tutti\/Aplicativo_3-DaCapo.pdf\">Aplicativo 3: Instrumento de cordas dedilhadas<\/a><br><a href=\"https:\/\/hugoribeiro.com.br\/Dacapo_Tutti\/Contrabaixo-DaCapo.pdf\">Baixo el\u00e9trico e Baixol\u00e3o (G D A E)<\/a><br><a href=\"https:\/\/hugoribeiro.com.br\/Dacapo_Tutti\/Bandolim-1-DaCapo.pdf\">Bandolim 1 (Afina\u00e7\u00e3o: E A D G)<\/a><br><a href=\"https:\/\/hugoribeiro.com.br\/Dacapo_Tutti\/Bandolim-2-DaCapo.pdf\">Bandolim 2 (Afina\u00e7\u00e3o: E A D G) [Parte do Violino]<\/a><br><a href=\"https:\/\/hugoribeiro.com.br\/Dacapo_Tutti\/Cavaquinho-Banjo-DaCapo.pdf\">Banjo (Afina\u00e7\u00e3o: D B G D)<\/a><br><a href=\"https:\/\/hugoribeiro.com.br\/Dacapo_Tutti\/Cavaquinho-Banjo-DaCapo.pdf\">Cavaquinho (Afina\u00e7\u00e3o: D B G D)<\/a><br><a href=\"https:\/\/hugoribeiro.com.br\/Dacapo_Tutti\/Contrabaixo-DaCapo.pdf\">Contrabaixo<\/a><br><a href=\"https:\/\/hugoribeiro.com.br\/Dacapo_Tutti\/Guitarra-DaCapo.pdf\">Guitarra (Afina\u00e7\u00e3o: E B G D A E)<\/a><br><a href=\"https:\/\/hugoribeiro.com.br\/Dacapo_Tutti\/Guitarra-Baiana-DaCapo.pdf\">Guitarra baiana (Afina\u00e7\u00e3o: E A D G C)<\/a><br><a href=\"https:\/\/hugoribeiro.com.br\/Dacapo_Tutti\/Violino-DaCapo.pdf\">Rabeca (Afina\u00e7\u00e3o: E A D G)<\/a><br><a href=\"https:\/\/hugoribeiro.com.br\/Dacapo_Tutti\/Viola-DaCapo.pdf\">Viola (de arco)<\/a><br><a href=\"https:\/\/hugoribeiro.com.br\/Dacapo_Tutti\/Viola-Caipira-DaCapo.pdf\">Viola caipira (Afina\u00e7\u00e3o: D B G D G)<\/a><br><a href=\"https:\/\/hugoribeiro.com.br\/Dacapo_Tutti\/Viola-Cocho-DaCapo.pdf\">Viola de cocho (Afina\u00e7\u00e3o: D A E C G&#8217;)<\/a><br><a href=\"https:\/\/hugoribeiro.com.br\/Dacapo_Tutti\/Viola-Machete-DaCapo.pdf\">Viola machete (Afina\u00e7\u00e3o: A E C G D)<\/a><br><a href=\"https:\/\/hugoribeiro.com.br\/Dacapo_Tutti\/Violao-DaCapo.pdf\">Viol\u00e3o (Afina\u00e7\u00e3o: E B G D A E)<\/a><br><a href=\"https:\/\/hugoribeiro.com.br\/Dacapo_Tutti\/Violao-Tenor-1-DaCapo.pdf\">Viol\u00e3o tenor 1 (Afina\u00e7\u00e3o: A D G C)<\/a><br><a href=\"https:\/\/hugoribeiro.com.br\/Dacapo_Tutti\/Violao-Tenor-2-DaCapo.pdf\">Viol\u00e3o tenor 2 (Afina\u00e7\u00e3o: A D G C) [parte da viola de arco]<\/a><br>Violinha 1 (Afina\u00e7\u00e3o: A D G C)<br>Violinha 2 (Afina\u00e7\u00e3o: A D G C) [parte da viola de arco]<br><a href=\"https:\/\/hugoribeiro.com.br\/Dacapo_Tutti\/Violino-DaCapo.pdf\">Violino<\/a><br><a href=\"https:\/\/hugoribeiro.com.br\/Dacapo_Tutti\/Violoncelo-DaCapo.pdf\">Violoncelo<\/a><\/p>\n\n\n\n<h3 class=\"wp-block-heading\">Grupo D<\/h3>\n\n\n\n<p><a href=\"https:\/\/hugoribeiro.com.br\/Dacapo_Tutti\/Aplicativo_4-DaCapo.pdf\" target=\"_blank\" rel=\"noreferrer noopener\">Aplicativo 4: Instrumento de Percuss\u00e3o<\/a><br><a href=\"https:\/\/hugoribeiro.com.br\/Dacapo_Tutti\/Percussao-DaCapo.pdf\">Bateria<\/a><br><a href=\"https:\/\/hugoribeiro.com.br\/Dacapo_Tutti\/Instrumentos_artesanais_perc-DaCapo.pdf\">Instrumentos artesanais de percuss\u00e3o<\/a><br>Pandeiro<br><a href=\"https:\/\/hugoribeiro.com.br\/Dacapo_Tutti\/Percussao-DaCapo.pdf\">Percuss\u00e3o<\/a><\/p>\n","protected":false},"excerpt":{"rendered":"<p>O Da Capo Tutti foi escrito para a inicia\u00e7\u00e3o em educa\u00e7\u00e3o musical coletiva com instrumentos musicais (EMUCIM). Suas atividades (li\u00e7\u00f5es) possibilitam trabalhar, desde o in\u00edcio e simultaneamente, as habilidades musicais por meio da pr\u00e1tica da m\u00fasica em conjunto, incluindo performance (instrumental e vocal), leitura de partitura, criatividade, percep\u00e7\u00e3o e memoriza\u00e7\u00e3o, al\u00e9m de compreens\u00e3o de elementos &hellip; <\/p>\n<p class=\"link-more\"><a href=\"https:\/\/hugoribeiro.com.br\/index.php\/dacapo-tutti\/\" class=\"more-link\">Continue lendo<span class=\"screen-reader-text\"> &#8220;DaCapo Tutti&#8221;<\/span><\/a><\/p>\n","protected":false},"author":1,"featured_media":0,"parent":0,"menu_order":0,"comment_status":"closed","ping_status":"closed","template":"","meta":{"_monsterinsights_skip_tracking":false,"_monsterinsights_sitenote_active":false,"_monsterinsights_sitenote_note":"","_monsterinsights_sitenote_category":0,"footnotes":""},"class_list":["post-461","page","type-page","status-publish","hentry"],"_links":{"self":[{"href":"https:\/\/hugoribeiro.com.br\/index.php\/wp-json\/wp\/v2\/pages\/461","targetHints":{"allow":["GET"]}}],"collection":[{"href":"https:\/\/hugoribeiro.com.br\/index.php\/wp-json\/wp\/v2\/pages"}],"about":[{"href":"https:\/\/hugoribeiro.com.br\/index.php\/wp-json\/wp\/v2\/types\/page"}],"author":[{"embeddable":true,"href":"https:\/\/hugoribeiro.com.br\/index.php\/wp-json\/wp\/v2\/users\/1"}],"replies":[{"embeddable":true,"href":"https:\/\/hugoribeiro.com.br\/index.php\/wp-json\/wp\/v2\/comments?post=461"}],"version-history":[{"count":9,"href":"https:\/\/hugoribeiro.com.br\/index.php\/wp-json\/wp\/v2\/pages\/461\/revisions"}],"predecessor-version":[{"id":477,"href":"https:\/\/hugoribeiro.com.br\/index.php\/wp-json\/wp\/v2\/pages\/461\/revisions\/477"}],"wp:attachment":[{"href":"https:\/\/hugoribeiro.com.br\/index.php\/wp-json\/wp\/v2\/media?parent=461"}],"curies":[{"name":"wp","href":"https:\/\/api.w.org\/{rel}","templated":true}]}}