{"id":504,"date":"2021-07-23T08:12:18","date_gmt":"2021-07-23T11:12:18","guid":{"rendered":"https:\/\/hugoribeiro.com.br\/?page_id=504"},"modified":"2021-07-23T10:27:56","modified_gmt":"2021-07-23T13:27:56","slug":"unb-2021-1-tcm1","status":"publish","type":"page","link":"https:\/\/hugoribeiro.com.br\/index.php\/unb-2021-1-tcm1\/","title":{"rendered":"Teorias Contempor\u00e2neas da M\u00fasica 1 (2021\/1)"},"content":{"rendered":"\n<h2 class=\"wp-block-heading\">PLANO DE CURSO<\/h2>\n\n\n\n<p><strong>Disciplina:<\/strong>144134 &#8211; Teorias Contempor\u00e2neas da M\u00fasica 1<br><strong>Semestre:<\/strong>&nbsp;2021\/1&nbsp;<strong>Hor\u00e1rio:<\/strong>&nbsp;Sexta, das 08:00 \u00e0s 10:00<br><strong>Cr:<\/strong>&nbsp;02&nbsp;<strong>CH:<\/strong>&nbsp;30&nbsp;<strong>T-P-E-E:<\/strong>&nbsp;2.0.0.2&nbsp;<strong>Pr\u00e9-requisito:<\/strong>&nbsp;&#8211;<br><strong>Professor:<\/strong>&nbsp;Prof. Dr. Hugo L. Ribeiro &lt;hugoleo75@gmail.com&gt;<\/p>\n\n\n\n<h2 class=\"wp-block-heading\">1 Ementa<\/h2>\n\n\n\n<p>Estudo de t\u00e9cnicas composicionais diversas, caracter\u00edsticas do repert\u00f3rio produzido durante o S\u00e9culo XX.<\/p>\n\n\n\n<h2 class=\"wp-block-heading\">2 Objetivos<\/h2>\n\n\n\n<ul class=\"wp-block-list\"><li>Proporcionar contato com as diversas correntes composicionais da m\u00fasica do s\u00e9culo XX;<\/li><li>Desenvolver a capacidade de reconhecer elementos caracter\u00edsticos de m\u00fasicas p\u00f3s-tonais;<\/li><li>Desenvolver a capacidade de compor pequenos trechos musicais utilizando elementos caracter\u00edsticos de m\u00fasicas p\u00f3s-tonais.<\/li><\/ul>\n\n\n\n<h2 class=\"wp-block-heading\">3 Metodologia<\/h2>\n\n\n\n<p>Essa disciplina ser\u00e1 baseada na viv\u00eancia pr\u00e1tica de t\u00e9cnicas composicionais caracter\u00edsticas do S\u00e9culo XX. A cada semana ser\u00e1 definida uma t\u00e9cnica composicional relacionada ao contexto estudado, sobre o qual o estudante dever\u00e1 pesquisar e compor uma pequena pe\u00e7a de cerca de vinte compassos a ser executada em sala de aula. Antes da aula o estudante dever\u00e1 enviar a partitura em formato PDF, assim como um arquivo MIDI para audi\u00e7\u00e3o da pe\u00e7a. Se preferir a m\u00fasica pode ser executada ao vivo pelo pr\u00f3prio compositor ou algum colega de sala.<\/p>\n\n\n\n<p>O foco dessa metodologia est\u00e1 no desenvolvimento da autonomia de aprendizagem, incentivando a pesquisa em material did\u00e1tico diverso (livros, sites, artigos, arquivos multim\u00eddia, v\u00eddeos, audios, etc.), e da aprendizagem em grupo por meio de discuss\u00f5es e realiza\u00e7\u00e3o de tarefas.<\/p>\n\n\n\n<p>Por exemplo, digamos que na Aula 02 o assunto abordado ser\u00e1 &#8220;modula\u00e7\u00e3o m\u00e9trica&#8221;. Durante a semana que antecede essa aula o estudante ir\u00e1 pesquisar sobre o assunto nos textos e sites indicados, al\u00e9m de outros materiais did\u00e1ticos que ele tiver contato. Em seguida ir\u00e1 compor uma pe\u00e7a utilizando o conceito estudado. Antes da aula o estudante dever\u00e1 enviar por email a partitura (editada em software de partitura ou scaneada a partir do original a m\u00e3o). No in\u00edcio da aula o professor ir\u00e1 executar m\u00fasicas que utilizem o conceito de modula\u00e7\u00e3o m\u00e9trica. Segue-se uma discuss\u00e3o em grupo sobre o que cada um leu e aprendeu sobre o assunto. Juntos, tentaremos chegar a uma defini\u00e7\u00e3o satisfat\u00f3ria para todos. Por fim, ao ouvir os exemplos de cada discente, o grupo ir\u00e1 discutir se o exemplo executado atingiu o objetivo de exemplificar uma modula\u00e7\u00e3o m\u00e9trica.<\/p>\n\n\n\n<p>Ser\u00e3o utilizados os seguintes recursos did\u00e1ticos:<\/p>\n\n\n\n<p>Discuss\u00e3o de textos;<br>An\u00e1lises musicais;<br>Audi\u00e7\u00e3o de exemplos musicais;<br>Composi\u00e7\u00e3o de pequenos trechos musicais para execu\u00e7\u00e3o em sala de aula.<\/p>\n\n\n\n<h2 class=\"wp-block-heading\">4 Avalia\u00e7\u00e3o<\/h2>\n\n\n\n<p>A nota final dos alunos ser\u00e1 baseada na participa\u00e7\u00e3o em sala de aula, por meio da realiza\u00e7\u00e3o das tarefas semanais e participa\u00e7\u00e3o nas discuss\u00f5es coletivas.<\/p>\n\n\n\n<h2 class=\"wp-block-heading\">5 Instrumental dispon\u00edvel em sala para composi\u00e7\u00f5es para duos, trios ou m\u00fasica de c\u00e2mera:<\/h2>\n\n\n\n<p>Guitarra\/Viol\u00e3o<br>Guitarra\/Viol\u00e3o\/Cavaquinho<br>Piano<\/p>\n\n\n\n<h2 class=\"wp-block-heading\">6 Conte\u00fado Program\u00e1tico<\/h2>\n\n\n\n<ul class=\"wp-block-list\"><li>Novos procedimentos r\u00edtmicos<\/li><li>Novas estrutura\u00e7\u00f5es harm\u00f4nicas;<\/li><li>Uso de modos e escalas artificiais;<\/li><li>Bitonalidade;<\/li><li>Politonalidade;<\/li><li>Dodecafonismo;<\/li><li>Minimalismo;<\/li><li>Aleatoriedade.<\/li><\/ul>\n\n\n\n<h2 class=\"wp-block-heading\">7 Cronograma e bibliografia para 2021\/1<\/h2>\n\n\n\n<h3 class=\"wp-block-heading\">Encontro 1 &#8211; O ritmo nas composi\u00e7\u00f5es do S\u00e9culo XX<\/h3>\n\n\n\n<p>Apresenta\u00e7\u00e3o da disciplina, leitura do plano de curso, metodologia, e forma de avalia\u00e7\u00e3o. <\/p>\n\n\n\n<p>Audi\u00e7\u00e3o de exemplos de m\u00fasicas que usam padr\u00f5es r\u00edtmicos e escrita r\u00edtmica n\u00e3o associadas \u00e0 m\u00fasica tonal. <\/p>\n\n\n\n<ul class=\"wp-block-list\"><li>Ionisation (Edgard Var\u00e8se) <a href=\"https:\/\/youtu.be\/wClwaBuFOJA\" target=\"_blank\" rel=\"noreferrer noopener\">https:\/\/youtu.be\/wClwaBuFOJA<\/a><\/li><li>The Black Page #1 (Frank Zappa) <a href=\"https:\/\/youtu.be\/CyH8A_XPXeM\" target=\"_blank\" rel=\"noreferrer noopener\">https:\/\/youtu.be\/CyH8A_XPXeM<\/a><\/li><li>Studie II for Oboe (Heinz Holliger) <a href=\"https:\/\/youtu.be\/agFBqxEDr6I\" target=\"_blank\" rel=\"noreferrer noopener\">https:\/\/youtu.be\/agFBqxEDr6I<\/a><\/li><\/ul>\n\n\n\n<p>Audi\u00e7\u00e3o de trechos de tr\u00eas pe\u00e7as para piano, escritas em s\u00e9culos diferentes, e compara\u00e7\u00e3o da escrita r\u00edtmica entre elas.<\/p>\n\n\n\n<ul class=\"wp-block-list\"><li>Piano Sonata No. 16 K.545 (Mozart) <a href=\"https:\/\/youtu.be\/I_AX4R-d29o\" target=\"_blank\" rel=\"noreferrer noopener\">https:\/\/youtu.be\/I_AX4R-d29o<\/a><\/li><li>Nocturne Op. 9 No. 3 in B Major (Chopin) <a href=\"https:\/\/youtu.be\/O3Apq41rrFc\" target=\"_blank\" rel=\"noreferrer noopener\">https:\/\/youtu.be\/O3Apq41rrFc<\/a><\/li><li>Lemma Icon Epigram (Brian Ferneyhough) <a href=\"https:\/\/youtu.be\/odTUqs8rJDg\" target=\"_blank\" rel=\"noreferrer noopener\">https:\/\/youtu.be\/odTUqs8rJDg<\/a><\/li><\/ul>\n\n\n\n<h4 class=\"wp-block-heading\">Exerc\u00edcio para pr\u00f3xima semana<\/h4>\n\n\n\n<p>Compor uma pe\u00e7a de cerca de 20 compassos para caixa clara solo, utilizando divis\u00f5es r\u00edtmicas variadas e combina\u00e7\u00f5es inusitadas, de forma que sua escrita ritmica n\u00e3o seja associada ao que chamamos de ritmo tonal (por exemplo, a Sonata para piano de Mozart). Use bastante din\u00e2micas e sinais de ag\u00f3gica.<\/p>\n\n\n\n<h3 class=\"wp-block-heading\">Encontro 2 &#8211; Procedimentos R\u00edtmicos e M\u00e9tricos 1<\/h3>\n\n\n\n<p>Audi\u00e7\u00e3o das composi\u00e7\u00f5es dos estudantes e discuss\u00e3o sobre os procedimentos utilizados.<\/p>\n\n\n\n<p>Apresenta\u00e7\u00e3o de Slide sobre Ritmo no S\u00e9culo XX.<\/p>\n\n\n\n<p>Audi\u00e7\u00e3o de obras variadas.<\/p>\n\n\n\n<h4 class=\"wp-block-heading\">T<strong>extos auxiliares gerais:<\/strong><\/h4>\n\n\n\n<p>BENJAMIN, HORVIT, NELSON. T\u00e9cnicas e materiais da m\u00fasica tonal: com uma introdu\u00e7\u00e3o \u00e0 m\u00fasica do s\u00e9culo XX.<br><a href=\"https:\/\/hugoribeiro.com.br\/antiga\/biblioteca-digital\/Benjamin_Horvit_Nelson-20th_century.pdf\" target=\"_blank\" rel=\"noreferrer noopener\">PDF<\/a><\/p>\n\n\n\n<p>KOSTKA, Stefan e PAYNE, Dorothy. Harmonia Tonal. Traduzido a partir da Sexta Edi\u00e7\u00e3o, de 2008 por Hugo L. Ribeiro, Jamary Oliveira e Ricardo Bordini. \u00daltima atualiza\u00e7\u00e3o: 14 Setembro 2015.<br>Pode ser baixado como um \u00fanico arquivo PDF, ou por partes (seis arquivos PDF).<br><br><a href=\"https:\/\/hugoribeiro.com.br\/antiga\/biblioteca-digital\/kostka_Payne-Harmonia_Tonal-6.pdf\" target=\"_blank\" rel=\"noreferrer noopener\">Parte Seis &#8211; Uma introdu\u00e7\u00e3o \u00e0 m\u00fasica do S\u00e9culo XX (24 MB)<\/a><\/p>\n\n\n\n<p>RIBEIRO, Hugo. Aula sobre ritmo no s\u00e9culo XX.<br><a href=\"https:\/\/hugoribeiro.com.br\/antiga\/biblioteca-digital\/Ribeiro-Aula_ritmo_sec_XX.pdf\" target=\"_blank\" rel=\"noreferrer noopener\">PDF<\/a><\/p>\n\n\n\n<h4 class=\"wp-block-heading\">Exerc\u00edcio para pr\u00f3xima semana<\/h4>\n\n\n\n<p>Compor uma pe\u00e7a de 20 compassos para dois viol\u00f5es com um dos procedimentos r\u00edtmicos abaixo:<\/p>\n\n\n\n<ul class=\"wp-block-list\"><li>Deslocamento m\u00e9trico<\/li><li>Poliritmo<\/li><li>Polimetria<\/li><li>Politempo<\/li><li>Consson\u00e2ncia e disson\u00e2ncia r\u00edtmica<\/li><li>M\u00e9trica irregular<\/li><li>M\u00e9trica mista<\/li><li>M\u00e9trica complexa (assim\u00e9trica)<\/li><li>Hem\u00edola<\/li><li>Issoritmo<\/li><li>Ritmo am\u00e9trico<\/li><li>Ritmo aditivo<\/li><li>Valor adicionado<\/li><li>Ritmos n\u00e3o retrograd\u00e1veis<\/li><li>Ostinato<\/li><\/ul>\n\n\n\n<h3 class=\"wp-block-heading\">Encontro 3 &#8211; Procedimentos R\u00edtmicos e M\u00e9tricos 2<\/h3>\n\n\n\n<p>Audi\u00e7\u00e3o das composi\u00e7\u00f5es dos estudantes e discuss\u00e3o sobre os procedimentos utilizados.<\/p>\n\n\n\n<p>Audi\u00e7\u00e3o de obras variadas.<\/p>\n\n\n\n<h4 class=\"wp-block-heading\">Exerc\u00edcio para pr\u00f3xima semana<\/h4>\n\n\n\n<p>Compor uma pe\u00e7a de 20 compassos para piano solo com uso de Modula\u00e7\u00e3o m\u00e9trica.<\/p>\n\n\n\n<h3 class=\"wp-block-heading\">Encontro 4 &#8211; Audi\u00e7\u00e3o<\/h3>\n\n\n\n<p>Audi\u00e7\u00e3o de pe\u00e7as <\/p>\n\n\n\n<h3 class=\"wp-block-heading\">Encontro 5 &#8211; Atonalismo livre<\/h3>\n\n\n\n<p>Aula expositiva sobre o Atonalismo livre.<br>Para pr\u00f3xima aula: Composi\u00e7\u00e3o atonal livre para computador &#8211; Finale, Sibelius, etc\u2026 (enviar arquivo MP3 e PDF)<\/p>\n\n\n\n<h3 class=\"wp-block-heading\">Encontro 6 &#8211; Atonalismo livre<\/h3>\n\n\n\n<p>Discuss\u00e3o sobre as composi\u00e7\u00f5es e audi\u00e7\u00e3o de exemplos do c\u00e2none musical.<br>Audi\u00e7\u00e3o das composi\u00e7\u00f5es dos estudantes.<br>Continua\u00e7\u00e3o de discuss\u00e3o sobre atonalismo livre.<br>Para pr\u00f3xima aula: Composi\u00e7\u00e3o atonal livre para instrumento solo (executar em sala de aula)<\/p>\n\n\n\n<h3 class=\"wp-block-heading\">Encontro 7 &#8211; Atonalismo livre\/Dodecafonismo<\/h3>\n\n\n\n<p>Audi\u00e7\u00e3o das composi\u00e7\u00f5es sobre atonalismo livre dos estudantes.<br>Aula expositiva sobre o Dodecafonismo. Como fazer a matriz dodecaf\u00f4nica.<br>Para pr\u00f3xima aula: Composi\u00e7\u00e3o dodecaf\u00f4nica para computador &#8211; Finale, Sibelius, etc\u2026 (enviar arquivo MP3 e PDF)<\/p>\n\n\n\n<h3 class=\"wp-block-heading\">Encontro 8 &#8211; Harmonia em segundas<\/h3>\n\n\n\n<p>Audi\u00e7\u00e3o das composi\u00e7\u00f5es com harmonias em segundas dos estudantes.<br>Para pr\u00f3xima aula: Composi\u00e7\u00e3o solo com escalas n\u00e3o tonais (executar em sala de aula)<\/p>\n\n\n\n<h3 class=\"wp-block-heading\">Encontro 9 &#8211; Escalas n\u00e3o tonais<\/h3>\n\n\n\n<p>Escalas n\u00e3o tonais (hexat\u00f4nicas, octat\u00f4nicas e artificiais)<br>Audi\u00e7\u00e3o das composi\u00e7\u00f5es com escalas atonais dos estudantes.<\/p>\n\n\n\n<h3 class=\"wp-block-heading\">Encontro 10 &#8211; <\/h3>\n\n\n\n<p><\/p>\n\n\n\n<h3 class=\"wp-block-heading\">Encontro 11 &#8211; <\/h3>\n\n\n\n<p><\/p>\n\n\n\n<h3 class=\"wp-block-heading\">Encontro 12 &#8211; Harmonia em quartas<\/h3>\n\n\n\n<p>Audi\u00e7\u00e3o das composi\u00e7\u00f5es dos estudantes com harmonias em quartas<br>Para pr\u00f3xima aula: Composi\u00e7\u00e3o de m\u00fasica baseada em aleatoriedade para trio (executar em sala de aula)<\/p>\n\n\n\n<h3 class=\"wp-block-heading\">Encontro 13 &#8211; Aleatoriedade<\/h3>\n\n\n\n<p>Audi\u00e7\u00e3o das composi\u00e7\u00f5es baseadas em aleatoriedade para trio<br>Para pr\u00f3xima aula: Composi\u00e7\u00e3o para computador (Ritmo 2) &#8211; Finale, Sibelius, etc&#8230; (enviar arquivo MP3 e PDF)<\/p>\n\n\n\n<h3 class=\"wp-block-heading\">Encontro 14 &#8211; <\/h3>\n\n\n\n<p><\/p>\n\n\n\n<h3 class=\"wp-block-heading\">Encontro 15 &#8211; Minimalismo<\/h3>\n\n\n\n<p>Audi\u00e7\u00e3o das composi\u00e7\u00f5es sobre minimalismo dos estudantes.<br>Para pr\u00f3xima aula: Composi\u00e7\u00e3o para quarteto com harmonias em segundas (executar em sala de aula)<\/p>\n\n\n\n<h5 class=\"wp-block-heading\">Encontro 16 &#8211;<\/h5>\n\n\n\n<p><\/p>\n\n\n\n<h5 class=\"wp-block-heading\">Encontro 17 &#8211;<\/h5>\n\n\n\n<p><\/p>\n","protected":false},"excerpt":{"rendered":"<p>PLANO DE CURSO Disciplina:144134 &#8211; Teorias Contempor\u00e2neas da M\u00fasica 1Semestre:&nbsp;2021\/1&nbsp;Hor\u00e1rio:&nbsp;Sexta, das 08:00 \u00e0s 10:00Cr:&nbsp;02&nbsp;CH:&nbsp;30&nbsp;T-P-E-E:&nbsp;2.0.0.2&nbsp;Pr\u00e9-requisito:&nbsp;&#8211;Professor:&nbsp;Prof. Dr. Hugo L. Ribeiro &lt;hugoleo75@gmail.com&gt; 1 Ementa Estudo de t\u00e9cnicas composicionais diversas, caracter\u00edsticas do repert\u00f3rio produzido durante o S\u00e9culo XX. 2 Objetivos Proporcionar contato com as diversas correntes composicionais da m\u00fasica do s\u00e9culo XX; Desenvolver a capacidade de reconhecer elementos caracter\u00edsticos &hellip; <\/p>\n<p class=\"link-more\"><a href=\"https:\/\/hugoribeiro.com.br\/index.php\/unb-2021-1-tcm1\/\" class=\"more-link\">Continue lendo<span class=\"screen-reader-text\"> &#8220;Teorias Contempor\u00e2neas da M\u00fasica 1 (2021\/1)&#8221;<\/span><\/a><\/p>\n","protected":false},"author":1,"featured_media":0,"parent":0,"menu_order":0,"comment_status":"closed","ping_status":"closed","template":"","meta":{"_monsterinsights_skip_tracking":false,"_monsterinsights_sitenote_active":false,"_monsterinsights_sitenote_note":"","_monsterinsights_sitenote_category":0,"footnotes":""},"class_list":["post-504","page","type-page","status-publish","hentry"],"_links":{"self":[{"href":"https:\/\/hugoribeiro.com.br\/index.php\/wp-json\/wp\/v2\/pages\/504","targetHints":{"allow":["GET"]}}],"collection":[{"href":"https:\/\/hugoribeiro.com.br\/index.php\/wp-json\/wp\/v2\/pages"}],"about":[{"href":"https:\/\/hugoribeiro.com.br\/index.php\/wp-json\/wp\/v2\/types\/page"}],"author":[{"embeddable":true,"href":"https:\/\/hugoribeiro.com.br\/index.php\/wp-json\/wp\/v2\/users\/1"}],"replies":[{"embeddable":true,"href":"https:\/\/hugoribeiro.com.br\/index.php\/wp-json\/wp\/v2\/comments?post=504"}],"version-history":[{"count":8,"href":"https:\/\/hugoribeiro.com.br\/index.php\/wp-json\/wp\/v2\/pages\/504\/revisions"}],"predecessor-version":[{"id":522,"href":"https:\/\/hugoribeiro.com.br\/index.php\/wp-json\/wp\/v2\/pages\/504\/revisions\/522"}],"wp:attachment":[{"href":"https:\/\/hugoribeiro.com.br\/index.php\/wp-json\/wp\/v2\/media?parent=504"}],"curies":[{"name":"wp","href":"https:\/\/api.w.org\/{rel}","templated":true}]}}