{"id":559,"date":"2021-10-22T08:49:18","date_gmt":"2021-10-22T11:49:18","guid":{"rendered":"https:\/\/hugoribeiro.com.br\/?page_id=559"},"modified":"2021-10-22T09:39:09","modified_gmt":"2021-10-22T12:39:09","slug":"enade","status":"publish","type":"page","link":"https:\/\/hugoribeiro.com.br\/index.php\/enade\/","title":{"rendered":"ENADE &#8211; Exame Nacional de Desempenho dos Estudantes"},"content":{"rendered":"\n<p>Nessa p\u00e1gina disponibilizarei diversos arquivos referentes \u00e0s provas do ENADE da \u00e1rea de m\u00fasica.<\/p>\n\n\n\n<h2 class=\"wp-block-heading\">Provas e gabaritos<\/h2>\n\n\n\n<p>2006 &#8211; <a href=\"https:\/\/hugoribeiro.com.br\/biblioteca-digital\/2006-Enade-Musica.pdf\">Prova<\/a><\/p>\n\n\n\n<p>2009 &#8211; <a href=\"https:\/\/hugoribeiro.com.br\/biblioteca-digital\/2009-Enade-Musica.pdf\">Prova<\/a><br>2009 &#8211; <a href=\"https:\/\/hugoribeiro.com.br\/biblioteca-digital\/2009-Enade-Musica-Gabarito.pdf\">Gabarito<\/a><br>2009 &#8211; <a href=\"https:\/\/hugoribeiro.com.br\/biblioteca-digital\/2009-padrao-resposta-musica.pdf\">Padr\u00e3o de resposta<\/a><\/p>\n\n\n\n<p>2011 &#8211; <a href=\"https:\/\/hugoribeiro.com.br\/biblioteca-digital\/2011-Enade-Musica.pdf\">Prova<\/a><br>2011 &#8211; <a href=\"https:\/\/hugoribeiro.com.br\/biblioteca-digital\/2011-Enade-Musica-Gabarito.pdf\">Gabarito<\/a><br>2011 &#8211; <a href=\"https:\/\/hugoribeiro.com.br\/biblioteca-digital\/2011-padrao-resposta-musica.pdf\">Padr\u00e3o de resposta<\/a><\/p>\n\n\n\n<p>2014 &#8211; <a href=\"https:\/\/hugoribeiro.com.br\/biblioteca-digital\/2014-Enade-Musica.pdf\">Prova<\/a><br>2014 &#8211; <a href=\"https:\/\/hugoribeiro.com.br\/biblioteca-digital\/2014-Enade-Musica-Gabarito.pdf\">Gabarito<\/a><br>2014 &#8211; <a href=\"https:\/\/hugoribeiro.com.br\/biblioteca-digital\/2014-padrao-resposta-musica.pdf\">Padr\u00e3o de resposta<\/a><\/p>\n\n\n\n<p>2017 &#8211; <a href=\"https:\/\/hugoribeiro.com.br\/biblioteca-digital\/2017-Enade-Musica.pdf\">Prova<\/a><br>2017 &#8211; <a href=\"https:\/\/hugoribeiro.com.br\/biblioteca-digital\/2017-Enade-Musica-Gabarito.pdf\">Gabarito<\/a><br>2017 &#8211; <a href=\"https:\/\/hugoribeiro.com.br\/biblioteca-digital\/2017-padrao-resposta-musica.pdf\">Padr\u00e3o de resposta<\/a><\/p>\n\n\n\n<h2 class=\"wp-block-heading\">Quest\u00f5es agrupadas por caracter\u00edsticas<\/h2>\n\n\n\n<p><a href=\"https:\/\/hugoribeiro.com.br\/biblioteca-digital\/Enade-Questoes-Ed_Mus.pdf\">Educa\u00e7\u00e3o Musical<\/a><br><a href=\"https:\/\/hugoribeiro.com.br\/biblioteca-digital\/Enade-Questoes-Percep_Mus.pdf\">Percep\u00e7\u00e3o Musical<\/a><br><a href=\"https:\/\/hugoribeiro.com.br\/biblioteca-digital\/Enade-Questoes-Hist_Mus.pdf\">Hist\u00f3ria da M\u00fasica<\/a><br><a href=\"https:\/\/hugoribeiro.com.br\/biblioteca-digital\/Enade-Questoes-Teoria_Mus.pdf\">Teoria Musical<\/a><\/p>\n\n\n\n<h2 class=\"wp-block-heading\">An\u00e1lises<\/h2>\n\n\n\n<p><a href=\"https:\/\/hugoribeiro.com.br\/biblioteca-digital\/Analise-provas-Enade.pdf\">An\u00e1lise das provas<\/a><br><a href=\"https:\/\/hugoribeiro.com.br\/biblioteca-digital\/Topicos-revisao-Teoria.pdf\">T\u00f3picos para estudos de Teoria Musical<\/a><\/p>\n\n\n\n<h2 class=\"wp-block-heading\">Slides de revis\u00e3o<\/h2>\n\n\n\n<p>Teoria Musical &#8211; <a href=\"https:\/\/hugoribeiro.com.br\/biblioteca-digital\/Revisao-01.pdf\">Slide 1<\/a><br>Teoria Musical &#8211; <a href=\"https:\/\/hugoribeiro.com.br\/biblioteca-digital\/Revisao-02.pdf\">Slide 2<\/a><br>Teoria Musical &#8211; <a href=\"https:\/\/hugoribeiro.com.br\/biblioteca-digital\/Revisao-03.pdf\">Slide 3<\/a><br>Teoria Musical &#8211; <a href=\"https:\/\/hugoribeiro.com.br\/biblioteca-digital\/Revisao-04.pdf\">Slide 4<\/a><br>Teoria Musical &#8211; <a href=\"https:\/\/hugoribeiro.com.br\/biblioteca-digital\/Revisao-05.pdf\">Slide 5<\/a><br>Teoria Musical &#8211; <a href=\"https:\/\/hugoribeiro.com.br\/biblioteca-digital\/Revisao-06.pdf\">Slide 6<\/a><br>Teoria Musical &#8211; <a href=\"https:\/\/hugoribeiro.com.br\/biblioteca-digital\/Revisao-07.pdf\">Slide 7<\/a><br>Teoria Musical &#8211; <a href=\"https:\/\/hugoribeiro.com.br\/biblioteca-digital\/Revisao-08.pdf\">Slide 8<\/a><br>Teoria Musical &#8211; <a href=\"https:\/\/hugoribeiro.com.br\/biblioteca-digital\/Revisao-09.pdf\">Slide 9<\/a><br>Teoria Musical &#8211; <a href=\"https:\/\/hugoribeiro.com.br\/biblioteca-digital\/Revisao-10.pdf\">Slide 10<\/a><br>Teoria Musical &#8211; <a href=\"https:\/\/hugoribeiro.com.br\/biblioteca-digital\/Revisao-11.pdf\">Slide 11<\/a><br>Teoria Musical &#8211; <a href=\"https:\/\/hugoribeiro.com.br\/biblioteca-digital\/Revisao-11-Ritmo.pdf\">Slide 11<\/a> &#8211; Ritmo<br>Teoria Musical &#8211; <a href=\"https:\/\/hugoribeiro.com.br\/biblioteca-digital\/Revisao-12-Dodecafonismo.pdf\">Slide 12<\/a> &#8211; Dodecafonismo<\/p>\n\n\n\n<h2 class=\"wp-block-heading\">Outras provas<\/h2>\n\n\n\n<p><a href=\"https:\/\/hugoribeiro.com.br\/biblioteca-digital\/Prova-Musica-UFS-2007.pdf\">Prova da UFS de 2007<\/a><br><a href=\"https:\/\/hugoribeiro.com.br\/biblioteca-digital\/Prova-Musica-UFS-2008.pdf\">Prova da UFS de 2008<\/a><br><a href=\"https:\/\/hugoribeiro.com.br\/biblioteca-digital\/Prova-Musica-UFS-2009.pdf\">Prova da UFS de 2009<\/a><\/p>\n\n\n\n<p>Links para v\u00eddeos de Youtube das aulas de revis\u00e3o da UnB (2021)<\/p>\n\n\n\n<p><a href=\"https:\/\/youtu.be\/ZWCCzn54xps\" target=\"_blank\" rel=\"noreferrer noopener\">Aul\u00e3o 1<\/a> &#8211; Teoria parte 1<\/p>\n\n\n\n<p><a href=\"https:\/\/youtu.be\/heGnvbshN_c\" target=\"_blank\" rel=\"noreferrer noopener\">Aul\u00e3o 2<\/a> &#8211; Solfejo e percep\u00e7\u00e3o musical<\/p>\n\n\n\n<p><a href=\"https:\/\/youtu.be\/PWlO3cU8xks\" target=\"_blank\" rel=\"noreferrer noopener\">Aul\u00e3o 3<\/a> &#8211; Teoria parte 2<\/p>\n\n\n\n<p>Aul\u00e3o 4<\/p>\n\n\n\n<p><\/p>\n","protected":false},"excerpt":{"rendered":"<p>Nessa p\u00e1gina disponibilizarei diversos arquivos referentes \u00e0s provas do ENADE da \u00e1rea de m\u00fasica. Provas e gabaritos 2006 &#8211; Prova 2009 &#8211; Prova2009 &#8211; Gabarito2009 &#8211; Padr\u00e3o de resposta 2011 &#8211; Prova2011 &#8211; Gabarito2011 &#8211; Padr\u00e3o de resposta 2014 &#8211; Prova2014 &#8211; Gabarito2014 &#8211; Padr\u00e3o de resposta 2017 &#8211; Prova2017 &#8211; Gabarito2017 &#8211; Padr\u00e3o de &hellip; <\/p>\n<p class=\"link-more\"><a href=\"https:\/\/hugoribeiro.com.br\/index.php\/enade\/\" class=\"more-link\">Continue lendo<span class=\"screen-reader-text\"> &#8220;ENADE &#8211; Exame Nacional de Desempenho dos Estudantes&#8221;<\/span><\/a><\/p>\n","protected":false},"author":1,"featured_media":0,"parent":0,"menu_order":0,"comment_status":"closed","ping_status":"closed","template":"","meta":{"_monsterinsights_skip_tracking":false,"_monsterinsights_sitenote_active":false,"_monsterinsights_sitenote_note":"","_monsterinsights_sitenote_category":0,"footnotes":""},"class_list":["post-559","page","type-page","status-publish","hentry"],"_links":{"self":[{"href":"https:\/\/hugoribeiro.com.br\/index.php\/wp-json\/wp\/v2\/pages\/559","targetHints":{"allow":["GET"]}}],"collection":[{"href":"https:\/\/hugoribeiro.com.br\/index.php\/wp-json\/wp\/v2\/pages"}],"about":[{"href":"https:\/\/hugoribeiro.com.br\/index.php\/wp-json\/wp\/v2\/types\/page"}],"author":[{"embeddable":true,"href":"https:\/\/hugoribeiro.com.br\/index.php\/wp-json\/wp\/v2\/users\/1"}],"replies":[{"embeddable":true,"href":"https:\/\/hugoribeiro.com.br\/index.php\/wp-json\/wp\/v2\/comments?post=559"}],"version-history":[{"count":9,"href":"https:\/\/hugoribeiro.com.br\/index.php\/wp-json\/wp\/v2\/pages\/559\/revisions"}],"predecessor-version":[{"id":575,"href":"https:\/\/hugoribeiro.com.br\/index.php\/wp-json\/wp\/v2\/pages\/559\/revisions\/575"}],"wp:attachment":[{"href":"https:\/\/hugoribeiro.com.br\/index.php\/wp-json\/wp\/v2\/media?parent=559"}],"curies":[{"name":"wp","href":"https:\/\/api.w.org\/{rel}","templated":true}]}}