{"id":615,"date":"2022-10-25T19:10:50","date_gmt":"2022-10-25T22:10:50","guid":{"rendered":"https:\/\/hugoribeiro.com.br\/?page_id=615"},"modified":"2022-10-25T19:31:40","modified_gmt":"2022-10-25T22:31:40","slug":"harmonia-2-2022-2","status":"publish","type":"page","link":"https:\/\/hugoribeiro.com.br\/index.php\/harmonia-2-2022-2\/","title":{"rendered":"Harmonia 2 2022\/2"},"content":{"rendered":"\n<h3 class=\"wp-block-heading\">PLANO DE CURSO<\/h3>\n\n\n\n<p><strong>Disciplina:<\/strong>144088 &#8211; Harmonia Superior II<br><strong>Semestre:<\/strong>&nbsp;2022\/2&nbsp;<\/p>\n\n\n\n<p><strong>Hor\u00e1rio Diurno:<\/strong>&nbsp;Segunda e Quarta, das 10:00 \u00e0s 12:00<br><strong>Hor\u00e1rio Noturno:<\/strong>&nbsp;Ter\u00e7a e Quinta, das 19:00 \u00e0s 21:00<\/p>\n\n\n\n<p><strong>Cr:<\/strong>&nbsp;04&nbsp;<strong>CH:<\/strong>&nbsp;60&nbsp;<strong>T-P-E-E:<\/strong>&nbsp;4.0.0.4&nbsp;<strong>Pr\u00e9-requisito:<\/strong>&nbsp;&#8211;<br><strong>Professor:<\/strong>&nbsp;Prof. Dr. Hugo L. Ribeiro &lt;hugoleo75@gmail.com&gt;<\/p>\n\n\n\n<h3 class=\"wp-block-heading\">1 Ementa<\/h3>\n\n\n\n<p>O curso de Harmonia Superior II tem por objetivo o estudo da estrutura, organiza\u00e7\u00e3o e l\u00f3gica da harmonia tonal b\u00e1sica atrav\u00e9s da constru\u00e7\u00e3o e identifica\u00e7\u00e3o das tr\u00edades, t\u00e9trades e encadeamentos harm\u00f4nicos.<\/p>\n\n\n\n<h3 class=\"wp-block-heading\">2 Objetivos<\/h3>\n\n\n\n<p>Desenvolver a capacidade de analisar a harmonia de obras musicais tonais utilizando a an\u00e1lise tradicional, funcional e cifras populares;<br>Compor e harmonizar pequenas melodias tonais;<br>Desenvolver a capacidade de identificar e classificar notas estranhas ao acorde;<br>Desenvolver a capacidade de fazer uma an\u00e1lise mel\u00f3dica e harm\u00f4nica de pequenos trechos de obras musicais.<\/p>\n\n\n\n<h3 class=\"wp-block-heading\">3 Conte\u00fado Program\u00e1tico<\/h3>\n\n\n\n<p>Revis\u00e3o de tr\u00edades e t\u00e9trades<br>Campo harm\u00f4nico maior e menor<br>S\u00edmbolos anal\u00edticos<br>&nbsp; &nbsp; &nbsp; An\u00e1lise tradicional (graus e baixo cifrado)<br>&nbsp; &nbsp; &nbsp; An\u00e1lise funcional<br>&nbsp; &nbsp; &nbsp; Cifras populares<br>Invers\u00f5es de acordes<br>Constru\u00e7\u00e3o da linha mel\u00f3dica sob uma base harm\u00f4nica<br>Harmoniza\u00e7\u00e3o de melodias simples<br>Progress\u00e3o harm\u00f4nica<br>Dominantes secund\u00e1rias<\/p>\n\n\n\n<p>Informa\u00e7\u00f5es mais espec\u00edficas sobre cada um desses conte\u00fados ser\u00e1 disponiblizado, aos poucos na p\u00e1gina&nbsp;<a href=\"https:\/\/hugoribeiro.com.br\/antiga\/COM\/Harmonia-1.php\" target=\"_blank\" rel=\"noreferrer noopener\">Curso Online de M\u00fasica &#8211; Harmonia 1<\/a>.<\/p>\n\n\n\n<h3 class=\"wp-block-heading\">4 Bibliografia de apoio<\/h3>\n\n\n\n<p>KOSTKA, Stefan e PAYNE, Dorothy. Harmonia Tonal. Traduzido a partir da Sexta Edi\u00e7\u00e3o, de 2008 por Hugo L. Ribeiro, Jamary Oliveira e Ricardo Bordini. \u00daltima atualiza\u00e7\u00e3o: 19 mar\u00e7o 2020.<br>Pode ser baixado como um \u00fanico arquivo PDF, ou por partes.<br><a rel=\"noreferrer noopener\" href=\"https:\/\/hugoribeiro.com.br\/biblioteca-digital\/kostka_Payne-Harmonia_Tonal.pdf\" target=\"_blank\">Livro completo &#8211; 28 cap\u00edtulos e 490 p\u00e1ginas (240MB)<\/a><br><a rel=\"noreferrer noopener\" href=\"https:\/\/hugoribeiro.com.br\/biblioteca-digital\/kostka_Payne-Harmonia_Tonal-Cap-01-20.pdf\" target=\"_blank\">Livro completo do cap\u00edtulo 1 ao 20 (86 MB)<\/a><br><a rel=\"noreferrer noopener\" href=\"https:\/\/hugoribeiro.com.br\/biblioteca-digital\/kostka_Payne-Harmonia_Tonal-Cap-21.pdf\" target=\"_blank\">Parte Cinco &#8211; Cap\u00edtulo 21 (1,6 MB)<\/a><br><a rel=\"noreferrer noopener\" href=\"https:\/\/hugoribeiro.com.br\/biblioteca-digital\/kostka_Payne-Harmonia_Tonal-Cap-22.pdf\" target=\"_blank\">Parte Cinco &#8211; Cap\u00edtulo 22 (4,4 MB)<\/a><br><a rel=\"noreferrer noopener\" href=\"https:\/\/hugoribeiro.com.br\/biblioteca-digital\/kostka_Payne-Harmonia_Tonal-Cap-23.pdf\" target=\"_blank\">Parte Cinco &#8211; Cap\u00edtulo 23 (19,4 MB)<\/a><br><a rel=\"noreferrer noopener\" href=\"https:\/\/hugoribeiro.com.br\/biblioteca-digital\/kostka_Payne-Harmonia_Tonal-Cap-24.pdf\" target=\"_blank\">Parte Cinco &#8211; Cap\u00edtulo 24 (13,6 MB)<\/a><br><a rel=\"noreferrer noopener\" href=\"https:\/\/hugoribeiro.com.br\/biblioteca-digital\/kostka_Payne-Harmonia_Tonal-Cap-25.pdf\" target=\"_blank\">Parte Cinco &#8211; Cap\u00edtulo 25 (28,4 MB)<\/a><br><a rel=\"noreferrer noopener\" href=\"https:\/\/hugoribeiro.com.br\/biblioteca-digital\/kostka_Payne-Harmonia_Tonal-Cap-26.pdf\" target=\"_blank\">Parte Cinco &#8211; Cap\u00edtulo 26 (33,2 MB)<\/a><br><a rel=\"noreferrer noopener\" href=\"https:\/\/hugoribeiro.com.br\/biblioteca-digital\/kostka_Payne-Harmonia_Tonal-Cap-27.pdf\" target=\"_blank\">Parte Cinco &#8211; Cap\u00edtulo 27 (24,6 MB)<\/a><br><a rel=\"noreferrer noopener\" href=\"https:\/\/hugoribeiro.com.br\/biblioteca-digital\/kostka_Payne-Harmonia_Tonal-Cap-28.pdf\" target=\"_blank\">Parte Cinco &#8211; Cap\u00edtulo 28 (23,3 MB)<\/a><br><a rel=\"noreferrer noopener\" href=\"https:\/\/hugoribeiro.com.br\/biblioteca-digital\/kostka_Payne-Harmonia_Tonal-respostas_autotestes.pdf\" target=\"_blank\">Ap\u00eandice D &#8211; Respostas autotestes<\/a><\/p>\n\n\n\n<p><a href=\"https:\/\/musictheoryexamples.com\/index.html\">https:\/\/musictheoryexamples.com\/index.html<\/a><\/p>\n\n\n\n<p><\/p>\n\n\n\n<h3 class=\"wp-block-heading\">5 Cronograma para 2022\/1<\/h3>\n\n\n\n<h4 class=\"wp-block-heading\">Encontro 1 &#8211; Introdu\u00e7\u00e3o<\/h4>\n\n\n\n<h5 class=\"wp-block-heading\">Exerc\u00edcios sobre tr\u00edades e t\u00e9trades<\/h5>\n\n\n\n<p>Agora que voc\u00ea assistiu ao v\u00eddeo, est\u00e1 na hora de exercitar a leitura e reconhecimento de acordes. Para isso eu criei quatro exerc\u00edcios de tr\u00edades e quatro exerc\u00edcios de t\u00e9trades. Eles est\u00e3o dispon\u00edveis nos links abaixo, juntamente com os arquivos de folha de resposta de cada um (tanto em formato ODT para Libreoffice\/Word, quanto em PDF) e o gabarito de cada exerc\u00edcio. <\/p>\n\n\n\n<p>Bons estudos e nos vemos no pr\u00f3ximo encontro.<\/p>\n\n\n\n<p><a href=\"https:\/\/hugoribeiro.com.br\/biblioteca-digital\/Exercicio_Triades-01.pdf\" target=\"_blank\" rel=\"noreferrer noopener\">Exerc\u00edcio de Tr\u00edades 01 &#8211; Posi\u00e7\u00e3o fundamental (PDF)<\/a><br><a href=\"https:\/\/hugoribeiro.com.br\/biblioteca-digital\/Exercicio_Triades-01-Folha_resposta.pdf\" target=\"_blank\" rel=\"noreferrer noopener\">Folha de resposta (PDF)<\/a><br><a href=\"https:\/\/hugoribeiro.com.br\/biblioteca-digital\/Exercicio_Triades-01-Folha_resposta.odt\" target=\"_blank\" rel=\"noreferrer noopener\">Folha de resposta (ODT &#8211; Libreoffice)<\/a><br><a href=\"https:\/\/hugoribeiro.com.br\/biblioteca-digital\/Exercicio_Triades-01-Gabarito.pdf\" target=\"_blank\" rel=\"noreferrer noopener\">Gabarito (PDF)<\/a><\/p>\n\n\n\n<p><a href=\"https:\/\/hugoribeiro.com.br\/biblioteca-digital\/Exercicio_Triades-02.pdf\" target=\"_blank\" rel=\"noreferrer noopener\">Exerc\u00edcio de Tr\u00edades 02 &#8211; Primeira invers\u00e3o (PDF)<\/a><br><a href=\"https:\/\/hugoribeiro.com.br\/biblioteca-digital\/Exercicio_Triades-02-Folha_resposta.pdf\" target=\"_blank\" rel=\"noreferrer noopener\">Folha de resposta (PDF)<\/a><br><a href=\"https:\/\/hugoribeiro.com.br\/biblioteca-digital\/Exercicio_Triades-02-Folha_resposta.odt\" target=\"_blank\" rel=\"noreferrer noopener\">Folha de resposta (ODT &#8211; Libreoffice)<\/a><br><a href=\"https:\/\/hugoribeiro.com.br\/biblioteca-digital\/Exercicio_Triades-02-Gabarito.pdf\" target=\"_blank\" rel=\"noreferrer noopener\">Gabarito (PDF)<\/a><\/p>\n\n\n\n<p><a href=\"https:\/\/hugoribeiro.com.br\/biblioteca-digital\/Exercicio_Triades-03.pdf\" target=\"_blank\" rel=\"noreferrer noopener\">Exerc\u00edcio de Tr\u00edades 03 &#8211; Segunda invers\u00e3o (PDF)<\/a><br><a href=\"https:\/\/hugoribeiro.com.br\/biblioteca-digital\/Exercicio_Triades-03-Folha_resposta.pdf\" target=\"_blank\" rel=\"noreferrer noopener\">Folha de resposta (PDF)<\/a><br><a href=\"https:\/\/hugoribeiro.com.br\/biblioteca-digital\/Exercicio_Triades-03-Folha_resposta.odt\" target=\"_blank\" rel=\"noreferrer noopener\">Folha de resposta (ODT &#8211; Libreoffice)<\/a><br><a href=\"https:\/\/hugoribeiro.com.br\/biblioteca-digital\/Exercicio_Triades-03-Gabarito.pdf\" target=\"_blank\" rel=\"noreferrer noopener\">Gabarito (PDF)<\/a><\/p>\n\n\n\n<p><a href=\"https:\/\/hugoribeiro.com.br\/biblioteca-digital\/Exercicio_Triades-04.pdf\" target=\"_blank\" rel=\"noreferrer noopener\">Exerc\u00edcio de Tr\u00edades 04 &#8211; Todas as invers\u00f5es (PDF)<\/a><br><a href=\"https:\/\/hugoribeiro.com.br\/biblioteca-digital\/Exercicio_Triades-04-Folha_resposta.pdf\" target=\"_blank\" rel=\"noreferrer noopener\">Folha de resposta (PDF)<\/a><br><a href=\"https:\/\/hugoribeiro.com.br\/biblioteca-digital\/Exercicio_Triades-04-Folha_resposta.odt\" target=\"_blank\" rel=\"noreferrer noopener\">Folha de resposta (ODT &#8211; Libreoffice)<\/a><br><a href=\"https:\/\/hugoribeiro.com.br\/biblioteca-digital\/Exercicio_Triades-04-Gabarito.pdf\" target=\"_blank\" rel=\"noreferrer noopener\">Gabarito (PDF)<\/a><\/p>\n\n\n\n<p><a href=\"https:\/\/hugoribeiro.com.br\/biblioteca-digital\/Exercicio_Tetrades-01.pdf\" target=\"_blank\" rel=\"noreferrer noopener\">Exerc\u00edcio de T\u00e9trades 01 &#8211; Posi\u00e7\u00e3o fundamental (PDF)<\/a><br><a href=\"https:\/\/hugoribeiro.com.br\/biblioteca-digital\/Exercicio_Tetrades-01-Folha_resposta.pdf\" target=\"_blank\" rel=\"noreferrer noopener\">Folha de resposta (PDF)<\/a><br><a href=\"https:\/\/hugoribeiro.com.br\/biblioteca-digital\/Exercicio_Tetrades-01-Folha_resposta.odt\" target=\"_blank\" rel=\"noreferrer noopener\">Folha de resposta (ODT &#8211; Libreoffice)<\/a><br><a href=\"https:\/\/hugoribeiro.com.br\/biblioteca-digital\/Exercicio_Tetrades-01-Gabarito.pdf\" target=\"_blank\" rel=\"noreferrer noopener\">Gabarito (PDF)<\/a><\/p>\n\n\n\n<p><a href=\"https:\/\/hugoribeiro.com.br\/biblioteca-digital\/Exercicio_Tetrades-02.pdf\" target=\"_blank\" rel=\"noreferrer noopener\">Exerc\u00edcio de T\u00e9trades 02 &#8211; Primeira invers\u00e3o (PDF)<\/a><br><a href=\"https:\/\/hugoribeiro.com.br\/biblioteca-digital\/Exercicio_Tetrades-02-Folha_resposta.pdf\" target=\"_blank\" rel=\"noreferrer noopener\">Folha de resposta (PDF)<\/a><br><a href=\"https:\/\/hugoribeiro.com.br\/biblioteca-digital\/Exercicio_Tetrades-02-Folha_resposta.odt\" target=\"_blank\" rel=\"noreferrer noopener\">Folha de resposta (ODT &#8211; Libreoffice)<\/a><br><a href=\"https:\/\/hugoribeiro.com.br\/biblioteca-digital\/Exercicio_Tetrades-02-Gabarito.pdf\" target=\"_blank\" rel=\"noreferrer noopener\">Gabarito (PDF)<\/a><\/p>\n\n\n\n<p><a href=\"https:\/\/hugoribeiro.com.br\/biblioteca-digital\/Exercicio_Tetrades-03.pdf\" target=\"_blank\" rel=\"noreferrer noopener\">Exerc\u00edcio de T\u00e9trades 03 &#8211; Segunda invers\u00e3o (PDF)<\/a><br><a href=\"https:\/\/hugoribeiro.com.br\/biblioteca-digital\/Exercicio_Tetrades-03-Folha_resposta.pdf\" target=\"_blank\" rel=\"noreferrer noopener\">Folha de resposta (PDF)<\/a><br><a href=\"https:\/\/hugoribeiro.com.br\/biblioteca-digital\/Exercicio_Tetrades-03-Folha_resposta.odt\" target=\"_blank\" rel=\"noreferrer noopener\">Folha de resposta (ODT &#8211; Libreoffice)<\/a><br><a href=\"https:\/\/hugoribeiro.com.br\/biblioteca-digital\/Exercicio_Tetrades-03-Gabarito.pdf\" target=\"_blank\" rel=\"noreferrer noopener\">Gabarito (PDF)<\/a><\/p>\n\n\n\n<p><a href=\"https:\/\/hugoribeiro.com.br\/biblioteca-digital\/Exercicio_Tetrades-04.pdf\" target=\"_blank\" rel=\"noreferrer noopener\">Exerc\u00edcio de T\u00e9trades 04 &#8211; Terceira invers\u00e3o (PDF)<\/a><br><a href=\"https:\/\/hugoribeiro.com.br\/biblioteca-digital\/Exercicio_Tetrades-04-Folha_resposta.pdf\" target=\"_blank\" rel=\"noreferrer noopener\">Folha de resposta (PDF)<\/a><br><a href=\"https:\/\/hugoribeiro.com.br\/biblioteca-digital\/Exercicio_Tetrades-04-Folha_resposta.odt\" target=\"_blank\" rel=\"noreferrer noopener\">Folha de resposta (ODT &#8211; Libreoffice)<\/a><br><a href=\"https:\/\/hugoribeiro.com.br\/biblioteca-digital\/Exercicio_Tetrades-04-Gabarito.pdf\" target=\"_blank\" rel=\"noreferrer noopener\">Gabarito (PDF)<\/a><\/p>\n\n\n\n<p><a rel=\"noreferrer noopener\" href=\"https:\/\/hugoribeiro.com.br\/biblioteca-digital\/Exercicio_Tetrades-05.pdf\" target=\"_blank\">Exerc\u00edcio de T\u00e9trades 05 &#8211; Todas as invers\u00f5es (PDF)<\/a><br><a rel=\"noreferrer noopener\" href=\"https:\/\/hugoribeiro.com.br\/biblioteca-digital\/Exercicio_Tetrades-05-Folha_resposta.pdf\" target=\"_blank\">Folha de resposta (PDF)<\/a><br><a rel=\"noreferrer noopener\" href=\"https:\/\/hugoribeiro.com.br\/biblioteca-digital\/Exercicio_Tetrades-05-Folha_resposta.odt\" target=\"_blank\">Folha de resposta (ODT &#8211; Libreoffice)<\/a><br><a rel=\"noreferrer noopener\" href=\"https:\/\/hugoribeiro.com.br\/biblioteca-digital\/Exercicio_Tetrades-05-Gabarito.pdf\" target=\"_blank\">Gabarito (PDF)<\/a><\/p>\n\n\n\n<h5 class=\"wp-block-heading\">Question\u00e1rios de avalia\u00e7\u00e3o do Google Forms<\/h5>\n\n\n\n<p><a href=\"https:\/\/forms.gle\/FdmWX4PNmuDQJkbH8\" target=\"_blank\" rel=\"noreferrer noopener\">001 Avalia\u00e7\u00e3o de Intervalos de segunda menor ascendente<\/a><\/p>\n\n\n\n<p><a href=\"https:\/\/forms.gle\/vyY85aPTYcG77qqy7\" data-type=\"URL\" data-id=\"https:\/\/forms.gle\/vyY85aPTYcG77qqy7\" target=\"_blank\" rel=\"noreferrer noopener\">002 Avalia\u00e7\u00e3o de intervalos de segunda menor ascendente<\/a><\/p>\n\n\n\n<p><a href=\"https:\/\/forms.gle\/nQLv2msLrzAtwHWa7\" data-type=\"URL\" data-id=\"https:\/\/forms.gle\/nQLv2msLrzAtwHWa7\" target=\"_blank\" rel=\"noreferrer noopener\">003 Avalia\u00e7\u00e3o de Intervalos de segunda menor descendente<\/a><\/p>\n\n\n\n<p><a href=\"https:\/\/forms.gle\/PiMK8MuTkoN8DaiP8\" data-type=\"URL\" data-id=\"https:\/\/forms.gle\/PiMK8MuTkoN8DaiP8\" target=\"_blank\" rel=\"noreferrer noopener\">004 Avalia\u00e7\u00e3o de Intervalos de segunda menor descendente<\/a><\/p>\n\n\n\n<h4 class=\"wp-block-heading\">Encontro 2 &#8211; Tr\u00edades em posi\u00e7\u00e3o fundamental<\/h4>\n\n\n\n<p>Iniciaremos este encontro tirando d\u00favidas sobre o conte\u00fado do v\u00eddeo a respeito de <em>Tr\u00edades em posi\u00e7\u00e3o fundamental<\/em>. <\/p>\n\n\n\n<p>Em seguida, faremos uma breve avalia\u00e7\u00e3o sobre esse asunto. Para isso, acesse o link abaixo:<\/p>\n\n\n\n<p><a href=\"https:\/\/my.forms.app\/hugoleonardoribeiro\/ht1-av1-triades\" target=\"_blank\" rel=\"noreferrer noopener\">https:\/\/my.forms.app\/hugoleonardoribeiro\/ht1-av1-triades<\/a><\/p>\n","protected":false},"excerpt":{"rendered":"<p>PLANO DE CURSO Disciplina:144088 &#8211; Harmonia Superior IISemestre:&nbsp;2022\/2&nbsp; Hor\u00e1rio Diurno:&nbsp;Segunda e Quarta, das 10:00 \u00e0s 12:00Hor\u00e1rio Noturno:&nbsp;Ter\u00e7a e Quinta, das 19:00 \u00e0s 21:00 Cr:&nbsp;04&nbsp;CH:&nbsp;60&nbsp;T-P-E-E:&nbsp;4.0.0.4&nbsp;Pr\u00e9-requisito:&nbsp;&#8211;Professor:&nbsp;Prof. Dr. Hugo L. Ribeiro &lt;hugoleo75@gmail.com&gt; 1 Ementa O curso de Harmonia Superior II tem por objetivo o estudo da estrutura, organiza\u00e7\u00e3o e l\u00f3gica da harmonia tonal b\u00e1sica atrav\u00e9s da constru\u00e7\u00e3o e &hellip; <\/p>\n<p class=\"link-more\"><a href=\"https:\/\/hugoribeiro.com.br\/index.php\/harmonia-2-2022-2\/\" class=\"more-link\">Continue lendo<span class=\"screen-reader-text\"> &#8220;Harmonia 2 2022\/2&#8221;<\/span><\/a><\/p>\n","protected":false},"author":1,"featured_media":0,"parent":0,"menu_order":0,"comment_status":"closed","ping_status":"closed","template":"","meta":{"_monsterinsights_skip_tracking":false,"_monsterinsights_sitenote_active":false,"_monsterinsights_sitenote_note":"","_monsterinsights_sitenote_category":0,"footnotes":""},"class_list":["post-615","page","type-page","status-publish","hentry"],"_links":{"self":[{"href":"https:\/\/hugoribeiro.com.br\/index.php\/wp-json\/wp\/v2\/pages\/615","targetHints":{"allow":["GET"]}}],"collection":[{"href":"https:\/\/hugoribeiro.com.br\/index.php\/wp-json\/wp\/v2\/pages"}],"about":[{"href":"https:\/\/hugoribeiro.com.br\/index.php\/wp-json\/wp\/v2\/types\/page"}],"author":[{"embeddable":true,"href":"https:\/\/hugoribeiro.com.br\/index.php\/wp-json\/wp\/v2\/users\/1"}],"replies":[{"embeddable":true,"href":"https:\/\/hugoribeiro.com.br\/index.php\/wp-json\/wp\/v2\/comments?post=615"}],"version-history":[{"count":7,"href":"https:\/\/hugoribeiro.com.br\/index.php\/wp-json\/wp\/v2\/pages\/615\/revisions"}],"predecessor-version":[{"id":627,"href":"https:\/\/hugoribeiro.com.br\/index.php\/wp-json\/wp\/v2\/pages\/615\/revisions\/627"}],"wp:attachment":[{"href":"https:\/\/hugoribeiro.com.br\/index.php\/wp-json\/wp\/v2\/media?parent=615"}],"curies":[{"name":"wp","href":"https:\/\/api.w.org\/{rel}","templated":true}]}}