{"id":666,"date":"2023-03-07T11:49:17","date_gmt":"2023-03-07T14:49:17","guid":{"rendered":"https:\/\/hugoribeiro.com.br\/?page_id=666"},"modified":"2023-04-10T07:44:27","modified_gmt":"2023-04-10T10:44:27","slug":"avaliacoes-de-intervalos-usando-google-forms","status":"publish","type":"page","link":"https:\/\/hugoribeiro.com.br\/index.php\/avaliacoes-de-intervalos-usando-google-forms\/","title":{"rendered":"Avalia\u00e7\u00f5es de intervalos usando Google Forms"},"content":{"rendered":"\n<h2 class=\"wp-block-heading\">Segundas<\/h2>\n\n\n\n<p><a rel=\"noreferrer noopener\" href=\"https:\/\/forms.gle\/b5k8N2iSEGJgAZ8j6\" target=\"_blank\">001 Avalia\u00e7\u00e3o de intervalos de segunda menor ascendente<\/a><\/p>\n\n\n\n<p><a href=\"https:\/\/forms.gle\/2atPqdABbwFnVS1m9\" target=\"_blank\" rel=\"noreferrer noopener\">002 Avalia\u00e7\u00e3o de intervalos de segunda menor ascendente (partitura)<\/a><\/p>\n\n\n\n<p><a href=\"https:\/\/forms.gle\/5LEjqX1x7mTQXx9N8\" target=\"_blank\" rel=\"noreferrer noopener\">003 Avalia\u00e7\u00e3o de intervalos de segunda menor descendente<\/a><\/p>\n\n\n\n<p><a href=\"https:\/\/forms.gle\/z3mGBPZqKaXih28Z7\" target=\"_blank\" rel=\"noreferrer noopener\">004 Avalia\u00e7\u00e3o de intervalos de segunda menor descendente (partitura)<\/a><\/p>\n\n\n\n<p><a href=\"https:\/\/forms.gle\/vfeJ79dPHhzrfcx17\" target=\"_blank\" rel=\"noreferrer noopener\">005 Avalia\u00e7\u00e3o de intervalos de segunda maior ascendente<\/a><\/p>\n\n\n\n<p><a href=\"https:\/\/forms.gle\/KFj29ujEMJvoKg3S7\" target=\"_blank\" rel=\"noreferrer noopener\">006 Avalia\u00e7\u00e3o de intervalos de segunda maior ascendente (partitura)<\/a><\/p>\n\n\n\n<p><a href=\"https:\/\/forms.gle\/pjxwPq1Vv8f9xvHv9\" target=\"_blank\" rel=\"noreferrer noopener\">007 Avalia\u00e7\u00e3o de intervalos de segunda maior descendente<\/a><\/p>\n\n\n\n<p><a href=\"https:\/\/forms.gle\/aUVixu5GJM8Vv2Ht8\" target=\"_blank\" rel=\"noreferrer noopener\">008 Avalia\u00e7\u00e3o de intervalos de segunda maior descendente (partitura)<\/a><\/p>\n\n\n\n<p><a href=\"https:\/\/forms.gle\/kwKAt95uKv76zGKs9\" target=\"_blank\" rel=\"noreferrer noopener\">009 Avalia\u00e7\u00e3o de intervalos de segunda aumentada ascendente<\/a><\/p>\n\n\n\n<p><a href=\"https:\/\/forms.gle\/7fSoSKuH497Npdn98\" target=\"_blank\" rel=\"noreferrer noopener\">010 Avalia\u00e7\u00e3o de intervalos de segunda aumentada ascendente (partitura)<\/a><\/p>\n\n\n\n<p><a href=\"https:\/\/forms.gle\/Qg9XqQxMqDRxWwk69\" target=\"_blank\" rel=\"noreferrer noopener\">011 Avalia\u00e7\u00e3o de intervalos de segunda aumentada descendente<\/a><\/p>\n\n\n\n<p><a href=\"https:\/\/forms.gle\/N2SEB2bBCuCT1DUx6\" target=\"_blank\" rel=\"noreferrer noopener\">012 Avalia\u00e7\u00e3o de intervalos de segunda aumentada descendente (partitura)<\/a><\/p>\n\n\n\n<h2 class=\"wp-block-heading\">Ter\u00e7a<\/h2>\n\n\n\n<p><a href=\"https:\/\/forms.gle\/jRo4Kv4R49wg4LQRA\" target=\"_blank\" rel=\"noreferrer noopener\">013 Avalia\u00e7\u00e3o de intervalos de ter\u00e7a menor ascendente<\/a><\/p>\n\n\n\n<p><a href=\"https:\/\/forms.gle\/LJ3qKs9C8jfio2PAA\" target=\"_blank\" rel=\"noreferrer noopener\">014 Avalia\u00e7\u00e3o de intervalos de ter\u00e7a menor ascendente (partitura)<\/a><\/p>\n\n\n\n<p><a href=\"https:\/\/forms.gle\/zdXHqc4KPgeHWmpX7\" target=\"_blank\" rel=\"noreferrer noopener\">015 Avalia\u00e7\u00e3o de intervalos de ter\u00e7a menor descendente<\/a><\/p>\n\n\n\n<p><a href=\"https:\/\/forms.gle\/UVpJBLqZYowKtdtA6\" target=\"_blank\" rel=\"noreferrer noopener\">016 Avalia\u00e7\u00e3o de intervalos de ter\u00e7a menor descendente (partitura)<\/a><\/p>\n\n\n\n<p><a href=\"https:\/\/forms.gle\/6hfRhVSNivHt3oeVA\" target=\"_blank\" rel=\"noreferrer noopener\">017 Avalia\u00e7\u00e3o de intervalos de ter\u00e7a maior ascendente<\/a><\/p>\n\n\n\n<p><a href=\"https:\/\/forms.gle\/YdbYQkNsbCcWKMDP8\">018 Avalia\u00e7\u00e3o de intervalos de ter\u00e7a maior ascendente (partitura)<\/a><\/p>\n\n\n\n<h2 class=\"wp-block-heading\">Quarta<\/h2>\n\n\n\n<p><a href=\"https:\/\/forms.gle\/KrWXxhsYtcPg6pwAA\" target=\"_blank\" rel=\"noreferrer noopener\">025 Avalia\u00e7\u00e3o de intervalos de quarta justa ascendente<\/a><\/p>\n\n\n\n<p><a href=\"https:\/\/forms.gle\/nrKgH6kHaz6Skd81A\" target=\"_blank\" rel=\"noreferrer noopener\">026 Avalia\u00e7\u00e3o de intervalos de quarta justa ascendente (partitura)<\/a><\/p>\n\n\n\n<p><a href=\"https:\/\/forms.gle\/aGkSHp6fL6FPmShKA\" target=\"_blank\" rel=\"noreferrer noopener\">027 Avalia\u00e7\u00e3o de intervalos de quarta justa descendente<\/a><\/p>\n\n\n\n<p><a href=\"https:\/\/forms.gle\/Fj3aD1TY8g6N6GY58\" target=\"_blank\" rel=\"noreferrer noopener\">028 Avalia\u00e7\u00e3o de intervalos de quarta justa descendente (partitura)<\/a><\/p>\n\n\n\n<p><a href=\"https:\/\/forms.gle\/S57Fvx9gXzVc8q336\" target=\"_blank\" rel=\"noreferrer noopener\">029 Avalia\u00e7\u00e3o de intervalos de quarta aumentada descendente<\/a><\/p>\n\n\n\n<p><a href=\"https:\/\/forms.gle\/jwXngu2UaWzotZhj9\" target=\"_blank\" rel=\"noreferrer noopener\">030 Avalia\u00e7\u00e3o de intervalos de quarta aumentada descendente<\/a><\/p>\n\n\n\n<p><a href=\"https:\/\/forms.gle\/xYSqgdLf9pcR7qia9\" target=\"_blank\" rel=\"noreferrer noopener\">031 Avalia\u00e7\u00e3o de intervalos de quarta aumentada ascendente<\/a><\/p>\n\n\n\n<p><a href=\"https:\/\/forms.gle\/BrgqxECCckXA9zzh9\" target=\"_blank\" rel=\"noreferrer noopener\">032 Avalia\u00e7\u00e3o de intervalos de quarta aumentada ascendente (partitura)<\/a><\/p>\n\n\n\n<p><a href=\"https:\/\/forms.gle\/Stes6oSsWcDXgsCa7\" target=\"_blank\" rel=\"noreferrer noopener\">033 Avalia\u00e7\u00e3o de intervalos de quarta diminuta descendente<\/a><\/p>\n\n\n\n<p><a href=\"https:\/\/forms.gle\/hjZLNSYDJrtJGf4fA\" target=\"_blank\" rel=\"noreferrer noopener\">034 Avalia\u00e7\u00e3o de intervalos de quarta diminuta descendente (partitura)<\/a><\/p>\n\n\n\n<p><a href=\"https:\/\/forms.gle\/BkuJ718oPEDjg4c28\" target=\"_blank\" rel=\"noreferrer noopener\">035 Avalia\u00e7\u00e3o de intervalos de quarta diminuta ascendente<\/a><\/p>\n\n\n\n<p><a href=\"https:\/\/forms.gle\/ZzpTKHnKgzbvmJcR8\" target=\"_blank\" rel=\"noreferrer noopener\">036 Avalia\u00e7\u00e3o de intervalos de quarta diminuta ascendente (partitura)<\/a><\/p>\n\n\n\n<h2 class=\"wp-block-heading\">Quinta<\/h2>\n\n\n\n<p><a href=\"https:\/\/forms.gle\/q5sC4iqu9Je4D2JK8\" target=\"_blank\" rel=\"noreferrer noopener\">037 Avalia\u00e7\u00e3o de intervalos de quinta justa ascendente<\/a><\/p>\n\n\n\n<p><a href=\"https:\/\/forms.gle\/J5gkGex9oCiziNLH6\" target=\"_blank\" rel=\"noreferrer noopener\">038 Avalia\u00e7\u00e3o de intervalos de quinta justa ascendente (partitura)<\/a><\/p>\n\n\n\n<p><a href=\"https:\/\/forms.gle\/jkWTd6RPzYiQDHYx8\" target=\"_blank\" rel=\"noreferrer noopener\">039 Avalia\u00e7\u00e3o de intervalos de quinta justa descendente<\/a><\/p>\n\n\n\n<p><a href=\"https:\/\/forms.gle\/DG7CQvS3hzLKnmC4A\" target=\"_blank\" rel=\"noreferrer noopener\">040 Avalia\u00e7\u00e3o de intervalos de quinta justa descendente (partitura)<\/a><\/p>\n\n\n\n<p><a href=\"https:\/\/forms.gle\/H6L8bCeRHKTZ5LbMA\" target=\"_blank\" rel=\"noreferrer noopener\">042 Avalia\u00e7\u00e3o de intervalos de quinta diminuta descendente (partitura)<\/a><\/p>\n\n\n\n<p><a href=\"https:\/\/forms.gle\/YDNFGu1jGiCUap9J6\" target=\"_blank\" rel=\"noreferrer noopener\">044 Avalia\u00e7\u00e3o de intervalos de quinta diminuta ascendente (partitura)<\/a><\/p>\n\n\n\n<p><a href=\"https:\/\/forms.gle\/an1SWhePeYzoMLa98\" target=\"_blank\" rel=\"noreferrer noopener\">046 Avalia\u00e7\u00e3o de intervalos de quinta aumentada descendente (partitura)<\/a><\/p>\n\n\n\n<p><a href=\"https:\/\/forms.gle\/NMMixm7wLJySH2DLA\" target=\"_blank\" rel=\"noreferrer noopener\">048 Avalia\u00e7\u00e3o de intervalos de quinta aumentada ascendente (partitura)<\/a><\/p>\n\n\n\n<p><\/p>\n","protected":false},"excerpt":{"rendered":"<p>Segundas 001 Avalia\u00e7\u00e3o de intervalos de segunda menor ascendente 002 Avalia\u00e7\u00e3o de intervalos de segunda menor ascendente (partitura) 003 Avalia\u00e7\u00e3o de intervalos de segunda menor descendente 004 Avalia\u00e7\u00e3o de intervalos de segunda menor descendente (partitura) 005 Avalia\u00e7\u00e3o de intervalos de segunda maior ascendente 006 Avalia\u00e7\u00e3o de intervalos de segunda maior ascendente (partitura) 007 Avalia\u00e7\u00e3o de &hellip; <\/p>\n<p class=\"link-more\"><a href=\"https:\/\/hugoribeiro.com.br\/index.php\/avaliacoes-de-intervalos-usando-google-forms\/\" class=\"more-link\">Continue lendo<span class=\"screen-reader-text\"> &#8220;Avalia\u00e7\u00f5es de intervalos usando Google Forms&#8221;<\/span><\/a><\/p>\n","protected":false},"author":1,"featured_media":0,"parent":0,"menu_order":0,"comment_status":"closed","ping_status":"closed","template":"","meta":{"_monsterinsights_skip_tracking":false,"_monsterinsights_sitenote_active":false,"_monsterinsights_sitenote_note":"","_monsterinsights_sitenote_category":0,"footnotes":""},"class_list":["post-666","page","type-page","status-publish","hentry"],"_links":{"self":[{"href":"https:\/\/hugoribeiro.com.br\/index.php\/wp-json\/wp\/v2\/pages\/666","targetHints":{"allow":["GET"]}}],"collection":[{"href":"https:\/\/hugoribeiro.com.br\/index.php\/wp-json\/wp\/v2\/pages"}],"about":[{"href":"https:\/\/hugoribeiro.com.br\/index.php\/wp-json\/wp\/v2\/types\/page"}],"author":[{"embeddable":true,"href":"https:\/\/hugoribeiro.com.br\/index.php\/wp-json\/wp\/v2\/users\/1"}],"replies":[{"embeddable":true,"href":"https:\/\/hugoribeiro.com.br\/index.php\/wp-json\/wp\/v2\/comments?post=666"}],"version-history":[{"count":7,"href":"https:\/\/hugoribeiro.com.br\/index.php\/wp-json\/wp\/v2\/pages\/666\/revisions"}],"predecessor-version":[{"id":677,"href":"https:\/\/hugoribeiro.com.br\/index.php\/wp-json\/wp\/v2\/pages\/666\/revisions\/677"}],"wp:attachment":[{"href":"https:\/\/hugoribeiro.com.br\/index.php\/wp-json\/wp\/v2\/media?parent=666"}],"curies":[{"name":"wp","href":"https:\/\/api.w.org\/{rel}","templated":true}]}}