{"id":679,"date":"2023-04-10T17:56:31","date_gmt":"2023-04-10T20:56:31","guid":{"rendered":"https:\/\/hugoribeiro.com.br\/?page_id=679"},"modified":"2023-04-10T17:56:32","modified_gmt":"2023-04-10T20:56:32","slug":"exercicios-de-reconhecimento-de-triades-e-tetrades","status":"publish","type":"page","link":"https:\/\/hugoribeiro.com.br\/index.php\/exercicios-de-reconhecimento-de-triades-e-tetrades\/","title":{"rendered":"Exerc\u00edcios de reconhecimento de Tr\u00edades e T\u00e9trades"},"content":{"rendered":"\n<p><a rel=\"noreferrer noopener\" href=\"https:\/\/hugoribeiro.com.br\/biblioteca-digital\/Exercicio_Triades-01.pdf\" target=\"_blank\">Exerc\u00edcio de Tr\u00edades 01 &#8211; Posi\u00e7\u00e3o fundamental (PDF)<\/a><br><a rel=\"noreferrer noopener\" href=\"https:\/\/hugoribeiro.com.br\/biblioteca-digital\/Exercicio_Triades-01-Folha_resposta.pdf\" target=\"_blank\">Folha de resposta (PDF)<\/a><br><a rel=\"noreferrer noopener\" href=\"https:\/\/hugoribeiro.com.br\/biblioteca-digital\/Exercicio_Triades-01-Folha_resposta.odt\" target=\"_blank\">Folha de resposta (ODT &#8211; Libreoffice)<\/a><br><a rel=\"noreferrer noopener\" href=\"https:\/\/hugoribeiro.com.br\/biblioteca-digital\/Exercicio_Triades-01-Gabarito.pdf\" target=\"_blank\">Gabarito (PDF)<\/a><\/p>\n\n\n\n<p><a href=\"https:\/\/hugoribeiro.com.br\/biblioteca-digital\/Exercicio_Triades-02.pdf\" target=\"_blank\" rel=\"noreferrer noopener\">Exerc\u00edcio de Tr\u00edades 02 &#8211; Primeira invers\u00e3o (PDF)<\/a><br><a href=\"https:\/\/hugoribeiro.com.br\/biblioteca-digital\/Exercicio_Triades-02-Folha_resposta.pdf\" target=\"_blank\" rel=\"noreferrer noopener\">Folha de resposta (PDF)<\/a><br><a href=\"https:\/\/hugoribeiro.com.br\/biblioteca-digital\/Exercicio_Triades-02-Folha_resposta.odt\" target=\"_blank\" rel=\"noreferrer noopener\">Folha de resposta (ODT &#8211; Libreoffice)<\/a><br><a href=\"https:\/\/hugoribeiro.com.br\/biblioteca-digital\/Exercicio_Triades-02-Gabarito.pdf\" target=\"_blank\" rel=\"noreferrer noopener\">Gabarito (PDF)<\/a><\/p>\n\n\n\n<p><a href=\"https:\/\/hugoribeiro.com.br\/biblioteca-digital\/Exercicio_Triades-03.pdf\" target=\"_blank\" rel=\"noreferrer noopener\">Exerc\u00edcio de Tr\u00edades 03 &#8211; Segunda invers\u00e3o (PDF)<\/a><br><a href=\"https:\/\/hugoribeiro.com.br\/biblioteca-digital\/Exercicio_Triades-03-Folha_resposta.pdf\" target=\"_blank\" rel=\"noreferrer noopener\">Folha de resposta (PDF)<\/a><br><a href=\"https:\/\/hugoribeiro.com.br\/biblioteca-digital\/Exercicio_Triades-03-Folha_resposta.odt\" target=\"_blank\" rel=\"noreferrer noopener\">Folha de resposta (ODT &#8211; Libreoffice)<\/a><br><a href=\"https:\/\/hugoribeiro.com.br\/biblioteca-digital\/Exercicio_Triades-03-Gabarito.pdf\" target=\"_blank\" rel=\"noreferrer noopener\">Gabarito (PDF)<\/a><\/p>\n\n\n\n<p><a href=\"https:\/\/hugoribeiro.com.br\/biblioteca-digital\/Exercicio_Triades-04.pdf\" target=\"_blank\" rel=\"noreferrer noopener\">Exerc\u00edcio de Tr\u00edades 04 &#8211; Todas as invers\u00f5es (PDF)<\/a><br><a href=\"https:\/\/hugoribeiro.com.br\/biblioteca-digital\/Exercicio_Triades-04-Folha_resposta.pdf\" target=\"_blank\" rel=\"noreferrer noopener\">Folha de resposta (PDF)<\/a><br><a href=\"https:\/\/hugoribeiro.com.br\/biblioteca-digital\/Exercicio_Triades-04-Folha_resposta.odt\" target=\"_blank\" rel=\"noreferrer noopener\">Folha de resposta (ODT &#8211; Libreoffice)<\/a><br><a href=\"https:\/\/hugoribeiro.com.br\/biblioteca-digital\/Exercicio_Triades-04-Gabarito.pdf\" target=\"_blank\" rel=\"noreferrer noopener\">Gabarito (PDF)<\/a><\/p>\n\n\n\n<p><a href=\"https:\/\/hugoribeiro.com.br\/biblioteca-digital\/Exercicio_Tetrades-01.pdf\" target=\"_blank\" rel=\"noreferrer noopener\">Exerc\u00edcio de T\u00e9trades 01 &#8211; Posi\u00e7\u00e3o fundamental (PDF)<\/a><br><a href=\"https:\/\/hugoribeiro.com.br\/biblioteca-digital\/Exercicio_Tetrades-01-Folha_resposta.pdf\" target=\"_blank\" rel=\"noreferrer noopener\">Folha de resposta (PDF)<\/a><br><a href=\"https:\/\/hugoribeiro.com.br\/biblioteca-digital\/Exercicio_Tetrades-01-Folha_resposta.odt\" target=\"_blank\" rel=\"noreferrer noopener\">Folha de resposta (ODT &#8211; Libreoffice)<\/a><br><a href=\"https:\/\/hugoribeiro.com.br\/biblioteca-digital\/Exercicio_Tetrades-01-Gabarito.pdf\" target=\"_blank\" rel=\"noreferrer noopener\">Gabarito (PDF)<\/a><\/p>\n\n\n\n<p><a href=\"https:\/\/hugoribeiro.com.br\/biblioteca-digital\/Exercicio_Tetrades-02.pdf\" target=\"_blank\" rel=\"noreferrer noopener\">Exerc\u00edcio de T\u00e9trades 02 &#8211; Primeira invers\u00e3o (PDF)<\/a><br><a href=\"https:\/\/hugoribeiro.com.br\/biblioteca-digital\/Exercicio_Tetrades-02-Folha_resposta.pdf\" target=\"_blank\" rel=\"noreferrer noopener\">Folha de resposta (PDF)<\/a><br><a href=\"https:\/\/hugoribeiro.com.br\/biblioteca-digital\/Exercicio_Tetrades-02-Folha_resposta.odt\" target=\"_blank\" rel=\"noreferrer noopener\">Folha de resposta (ODT &#8211; Libreoffice)<\/a><br><a href=\"https:\/\/hugoribeiro.com.br\/biblioteca-digital\/Exercicio_Tetrades-02-Gabarito.pdf\" target=\"_blank\" rel=\"noreferrer noopener\">Gabarito (PDF)<\/a><\/p>\n\n\n\n<p><a href=\"https:\/\/hugoribeiro.com.br\/biblioteca-digital\/Exercicio_Tetrades-03.pdf\" target=\"_blank\" rel=\"noreferrer noopener\">Exerc\u00edcio de T\u00e9trades 03 &#8211; Segunda invers\u00e3o (PDF)<\/a><br><a href=\"https:\/\/hugoribeiro.com.br\/biblioteca-digital\/Exercicio_Tetrades-03-Folha_resposta.pdf\" target=\"_blank\" rel=\"noreferrer noopener\">Folha de resposta (PDF)<\/a><br><a href=\"https:\/\/hugoribeiro.com.br\/biblioteca-digital\/Exercicio_Tetrades-03-Folha_resposta.odt\" target=\"_blank\" rel=\"noreferrer noopener\">Folha de resposta (ODT &#8211; Libreoffice)<\/a><br><a href=\"https:\/\/hugoribeiro.com.br\/biblioteca-digital\/Exercicio_Tetrades-03-Gabarito.pdf\" target=\"_blank\" rel=\"noreferrer noopener\">Gabarito (PDF)<\/a><\/p>\n\n\n\n<p><a href=\"https:\/\/hugoribeiro.com.br\/biblioteca-digital\/Exercicio_Tetrades-04.pdf\" target=\"_blank\" rel=\"noreferrer noopener\">Exerc\u00edcio de T\u00e9trades 04 &#8211; Terceira invers\u00e3o (PDF)<\/a><br><a href=\"https:\/\/hugoribeiro.com.br\/biblioteca-digital\/Exercicio_Tetrades-04-Folha_resposta.pdf\" target=\"_blank\" rel=\"noreferrer noopener\">Folha de resposta (PDF)<\/a><br><a href=\"https:\/\/hugoribeiro.com.br\/biblioteca-digital\/Exercicio_Tetrades-04-Folha_resposta.odt\" target=\"_blank\" rel=\"noreferrer noopener\">Folha de resposta (ODT &#8211; Libreoffice)<\/a><br><a href=\"https:\/\/hugoribeiro.com.br\/biblioteca-digital\/Exercicio_Tetrades-04-Gabarito.pdf\" target=\"_blank\" rel=\"noreferrer noopener\">Gabarito (PDF)<\/a><\/p>\n\n\n\n<p><a rel=\"noreferrer noopener\" href=\"https:\/\/hugoribeiro.com.br\/biblioteca-digital\/Exercicio_Tetrades-05.pdf\" target=\"_blank\">Exerc\u00edcio de T\u00e9trades 05 &#8211; Todas as invers\u00f5es (PDF)<\/a><br><a rel=\"noreferrer noopener\" href=\"https:\/\/hugoribeiro.com.br\/biblioteca-digital\/Exercicio_Tetrades-05-Folha_resposta.pdf\" target=\"_blank\">Folha de resposta (PDF)<\/a><br><a rel=\"noreferrer noopener\" href=\"https:\/\/hugoribeiro.com.br\/biblioteca-digital\/Exercicio_Tetrades-05-Folha_resposta.odt\" target=\"_blank\">Folha de resposta (ODT &#8211; Libreoffice)<\/a><br><a rel=\"noreferrer noopener\" href=\"https:\/\/hugoribeiro.com.br\/biblioteca-digital\/Exercicio_Tetrades-05-Gabarito.pdf\" target=\"_blank\">Gabarito (PDF)<\/a><\/p>\n","protected":false},"excerpt":{"rendered":"<p>Exerc\u00edcio de Tr\u00edades 01 &#8211; Posi\u00e7\u00e3o fundamental (PDF)Folha de resposta (PDF)Folha de resposta (ODT &#8211; Libreoffice)Gabarito (PDF) Exerc\u00edcio de Tr\u00edades 02 &#8211; Primeira invers\u00e3o (PDF)Folha de resposta (PDF)Folha de resposta (ODT &#8211; Libreoffice)Gabarito (PDF) Exerc\u00edcio de Tr\u00edades 03 &#8211; Segunda invers\u00e3o (PDF)Folha de resposta (PDF)Folha de resposta (ODT &#8211; Libreoffice)Gabarito (PDF) Exerc\u00edcio de Tr\u00edades 04 &hellip; <\/p>\n<p class=\"link-more\"><a href=\"https:\/\/hugoribeiro.com.br\/index.php\/exercicios-de-reconhecimento-de-triades-e-tetrades\/\" class=\"more-link\">Continue lendo<span class=\"screen-reader-text\"> &#8220;Exerc\u00edcios de reconhecimento de Tr\u00edades e T\u00e9trades&#8221;<\/span><\/a><\/p>\n","protected":false},"author":1,"featured_media":0,"parent":0,"menu_order":0,"comment_status":"closed","ping_status":"closed","template":"","meta":{"_monsterinsights_skip_tracking":false,"_monsterinsights_sitenote_active":false,"_monsterinsights_sitenote_note":"","_monsterinsights_sitenote_category":0,"footnotes":""},"class_list":["post-679","page","type-page","status-publish","hentry"],"_links":{"self":[{"href":"https:\/\/hugoribeiro.com.br\/index.php\/wp-json\/wp\/v2\/pages\/679","targetHints":{"allow":["GET"]}}],"collection":[{"href":"https:\/\/hugoribeiro.com.br\/index.php\/wp-json\/wp\/v2\/pages"}],"about":[{"href":"https:\/\/hugoribeiro.com.br\/index.php\/wp-json\/wp\/v2\/types\/page"}],"author":[{"embeddable":true,"href":"https:\/\/hugoribeiro.com.br\/index.php\/wp-json\/wp\/v2\/users\/1"}],"replies":[{"embeddable":true,"href":"https:\/\/hugoribeiro.com.br\/index.php\/wp-json\/wp\/v2\/comments?post=679"}],"version-history":[{"count":1,"href":"https:\/\/hugoribeiro.com.br\/index.php\/wp-json\/wp\/v2\/pages\/679\/revisions"}],"predecessor-version":[{"id":680,"href":"https:\/\/hugoribeiro.com.br\/index.php\/wp-json\/wp\/v2\/pages\/679\/revisions\/680"}],"wp:attachment":[{"href":"https:\/\/hugoribeiro.com.br\/index.php\/wp-json\/wp\/v2\/media?parent=679"}],"curies":[{"name":"wp","href":"https:\/\/api.w.org\/{rel}","templated":true}]}}