{"id":723,"date":"2024-02-07T09:24:09","date_gmt":"2024-02-07T12:24:09","guid":{"rendered":"https:\/\/hugoribeiro.com.br\/?page_id=723"},"modified":"2025-05-07T19:49:21","modified_gmt":"2025-05-07T22:49:21","slug":"com-tcm1","status":"publish","type":"page","link":"https:\/\/hugoribeiro.com.br\/index.php\/com-tcm1\/","title":{"rendered":"Teorias Contempor\u00e2neas da M\u00fasica 1"},"content":{"rendered":"\n<p>Compositores do final do S\u00e9culo XIX foram afastando-se cada vez mais das pr\u00e1ticas tradicionais associadas ao per\u00edodo Barroco e ao Classicismo. As t\u00e9cnicas composicionais utilizadas por todo o S\u00e9culo XX nada mais s\u00e3o do que aprofundamento das experimenta\u00e7\u00f5es oriundas do Romantismo. Praticamente n\u00e3o h\u00e1 rupturas, mas uma continuidade. Por isso n\u00e3o \u00e9 f\u00e1cil dizer quando e onde iniciamos o estudo dessas novas t\u00e9cnicas. Alguns falam sobre o famoso acorde de trist\u00e3o da \u00f3pera <em>Trist\u00e3o e Isolda<\/em> de Wagner. Outros falam em <em>Pr\u00e9lude \u00e0 l&#8217;apr\u00e8s-midi d&#8217;un Faune<\/em> de Debussy. De certo \u00e9 que algumas t\u00e9cnicas e\/ou recursos composicionais contribu\u00edram para esse cont\u00ednuo afastamento do sistema tonal tradicional.<\/p>\n\n\n\n<p>Uma das principais &#8220;inova\u00e7\u00f5es&#8221; se deu no campo da escrita r\u00edtmica que, desde a consolida\u00e7\u00e3o das figuras de compasso no per\u00edodo pr\u00e9-Barroco, n\u00e3o via nenhuma novidade. Novas configura\u00e7\u00f5es e rela\u00e7\u00f5es r\u00edtmicas criam novas sonoridades musicais, surgindo, inclusive, m\u00fasica somente para instrumentos de percuss\u00e3o, o que \u00e9 uma novidade na m\u00fasica de concerto ocidental.<\/p>\n\n\n\n<p>Novos usos para escalas j\u00e1 conhecidas (pentat\u00f4nicas e hexat\u00f4nicas), assim como a cria\u00e7\u00e3o de escalas sint\u00e9ticas (artificiais) geram novo material para melodias e harmonias. No campo harm\u00f4nico, a velha hegemonia da tr\u00edade ou das harmonias em ter\u00e7as sobrepostas v\u00e3o perdendo espa\u00e7o para acordes com cinco ou seis notas, ou harmonias em quartas e em segundas (clusters).<\/p>\n\n\n\n<p>Al\u00e9m desses procedimentos composicionais, surgem &#8220;escolas de composi\u00e7\u00e3o&#8221;, no sentido de compositores que passam a compor utilizando algumas caracter\u00edsticas comuns, tais como o dodecafonismo, o minimalismo, a aleatoriedade, e a nova complexidade, entre outros. Tudo isso ao mesmo tempo e n\u00e3o excludente. Compositores como Strawinsky, por exemplo, passearam por diversas &#8220;escolas&#8221;, deixando trabalhos importantes em cada uma de suas fases.<\/p>\n\n\n\n<p>Segue abaixo um apanhado de conceitos, t\u00e9cnicas, procedimentos, utilizados por compositores do p\u00f3s-romantismo. N\u00e3o necessariamente em per\u00edodo cronol\u00f3gico. Divirtam-se.<\/p>\n\n\n\n<h2 class=\"wp-block-heading\">T\u00f3picos relacionados \u00e0 TCM<\/h2>\n\n\n\n<ul class=\"wp-block-list\">\n<li><a href=\"https:\/\/hugoribeiro.com.br\/antiga\/COM\/Sec_XX-Ritmo_Metrica.php\">Ritmo e M\u00e9trica<\/a>\n<ul class=\"wp-block-list\">\n<li>Consson\u00e2ncia e disson\u00e2ncia r\u00edtmica<\/li>\n\n\n\n<li>M\u00e9trica irregular<\/li>\n\n\n\n<li>M\u00e9trica mista<\/li>\n\n\n\n<li>M\u00e9trica complexa (assim\u00e9trica)<\/li>\n\n\n\n<li><a href=\"https:\/\/hugoribeiro.com.br\/antiga\/COM\/Sec_XX-Ritmo_Metrica-modulacao_metrica.php\">Modula\u00e7\u00e3o m\u00e9trica<\/a> &nbsp;<\/li>\n\n\n\n<li>Deslocamento m\u00e9trico<\/li>\n\n\n\n<li>Poliritmo<\/li>\n\n\n\n<li>Polimetria<\/li>\n\n\n\n<li>Politempo<\/li>\n\n\n\n<li>Hem\u00edola<\/li>\n\n\n\n<li>Issoritmo<\/li>\n\n\n\n<li>Ritmo am\u00e9trico<\/li>\n\n\n\n<li>Ritmo aditivo<\/li>\n\n\n\n<li>Valor adicionado<\/li>\n\n\n\n<li>Ritmos n\u00e3o retrograd\u00e1veis<\/li>\n\n\n\n<li>Ostinato<\/li>\n<\/ul>\n<\/li>\n\n\n\n<li>Escala\n<ul class=\"wp-block-list\">\n<li><a href=\"https:\/\/hugoribeiro.com.br\/antiga\/COM\/Sec_XX-escala-pentatonica.php\">Pentat\u00f4nica<\/a> <\/li>\n\n\n\n<li><a href=\"https:\/\/hugoribeiro.com.br\/antiga\/COM\/Sec_XX-escala-hexatonica.php\">Hexat\u00f4nica<\/a> (tons inteiros) &nbsp;<\/li>\n\n\n\n<li>Octat\u00f4nica (tom-semitom)<\/li>\n\n\n\n<li>Modos eclesi\u00e1sticos<\/li>\n\n\n\n<li>Outras possibilidades (artificiais ou sint\u00e9ticas)<\/li>\n<\/ul>\n<\/li>\n\n\n\n<li>Harmonia\n<ul class=\"wp-block-list\">\n<li>Ter\u00e7as sobrepostas (acordes com cinco, seis e sete notas)<\/li>\n\n\n\n<li><a href=\"https:\/\/hugoribeiro.com.br\/index.php\/harmonia-em-quartas\/\">Harmonia em quartas<\/a><\/li>\n\n\n\n<li>Harmonia em segundas<\/li>\n\n\n\n<li>Policordes (poliharmonia)<\/li>\n<\/ul>\n<\/li>\n\n\n\n<li><a href=\"https:\/\/hugoribeiro.com.br\/index.php\/com-bitonalidade-e-politonalidade\/\">Bitonalidade e Politonalidade<\/a><\/li>\n\n\n\n<li>Serialismo (dodecafonismo)<\/li>\n\n\n\n<li>Serialismo integral<\/li>\n\n\n\n<li>Minimalismo<\/li>\n\n\n\n<li>Aleatoriedade<\/li>\n<\/ul>\n\n\n\n<h2 class=\"wp-block-heading\">Arquivos de texto comentados<\/h2>\n\n\n\n<h3 class=\"wp-block-heading\">BENNET, Roy. <a target=\"_blank\" href=\"https:\/\/hugoribeiro.com.br\/antiga\/biblioteca-digital\/Bennet-Historia_da_Musica.pdf\" rel=\"noreferrer noopener\">Uma breve hist\u00f3ria da m\u00fasica<\/a>. Jorge Zahar.<\/h3>\n\n\n\n<p>Pequeno livro de hist\u00f3ria da m\u00fasica ocidental. Como abrange toda a hist\u00f3ria da m\u00fasica ocidental, sobram poucas p\u00e1ginas para o S\u00e9culo XX. \u00c9 breve mas, preciso. Pode ser uma primeira leitura sobre o assunto.<\/p>\n\n\n\n<h3 class=\"wp-block-heading\">GRIFFITS, Paul. <a target=\"_blank\" href=\"https:\/\/hugoribeiro.com.br\/antiga\/biblioteca-digital\/Griffits-Musica_moderna.pdf\" rel=\"noreferrer noopener\">A M\u00fasica moderna<\/a> : uma hist\u00f3ria concisa e ilustrada de Debussy a Boulez. Tradu\u00e7\u00e3o de Cl\u00f3vis Marques. Rio de Janeiro: Jorge Zahar Editor, 1987.<\/h3>\n\n\n\n<p>Um dos livros mais utilizados quando se fala em hist\u00f3ria da m\u00fasica ocidental no S\u00e9culo XX. Importante para ter uma boa no\u00e7\u00e3o sobre o assunto.<\/p>\n\n\n\n<h3 class=\"wp-block-heading\">GROUT, Donald J. e PALISCA, Claude V. <a target=\"_blank\" href=\"https:\/\/hugoribeiro.com.br\/antiga\/biblioteca-digital\/Grout_Palisca-Historia_Musica_Ocidental.pdf\" rel=\"noreferrer noopener\">Hist\u00f3ria da M\u00fasica Ocidental<\/a>.<\/h3>\n\n\n\n<p>Esse livro \u00e9 quase que uma b\u00edblia sobre a hist\u00f3ria da m\u00fasica ocidental. O \u00fanico cap\u00edtulo sobre o assunto o s\u00e9culo XX inicia na p\u00e1gina 696 e vai at\u00e9 a p\u00e1gina 755. Aborda desde a m\u00fasica de Bela Bart\u00f3k at\u00e9 o minimalismo de La Monte Young e Phillip Glass. Leitura obrigat\u00f3ria.<\/p>\n\n\n\n<h3 class=\"wp-block-heading\">KOSTKA, Stefan e PAYNE, Dorothy. <a target=\"_blank\" href=\"https:\/\/hugoribeiro.com.br\/antiga\/biblioteca-digital\/kostka_Payne-Harmonia_Tonal.pdf\" rel=\"noreferrer noopener\">Harmonia Tonal<\/a>: com uma introdu\u00e7\u00e3o \u00e0 m\u00fasica do s\u00e9culo XX. Traduzido por Jamary Oliveira, Hugo Ribeiro e Ricardo Bordini.<\/h3>\n\n\n\n<p>Apesar de ser um livro cujo assunto principal \u00e9 a harmonia tonal, a partir do Cap\u00edtulo 27 &#8220;Harmonia Tonal no final do S\u00e9culo XIX&#8221;, come\u00e7a a abordar quest\u00f5es relacionadas com os t\u00f3picos selecionados. Todavia, \u00e9 na &#8220;Parte Seis: uma introdu\u00e7\u00e3o \u00e0 m\u00fasica do S\u00e9culo XX&#8221;, que inclui os Cap\u00edtulos 28 a 30, que os autores realmente v\u00e3o abordar grande parte do assunto selecionado. Leitura imprescind\u00edvel.<\/p>\n\n\n\n<h3 class=\"wp-block-heading\">BENJAMIN, Thomas; HORVIT, Michael; NELSON, Robert. <a target=\"_blank\" href=\"https:\/\/hugoribeiro.com.br\/antiga\/biblioteca-digital\/Benjamin_Horvit_Nelson-20th_century.pdf\" rel=\"noreferrer noopener\">T\u00e9cnicas e materiais da m\u00fasica tonal<\/a>: com uma introdu\u00e7\u00e3o \u00e0 m\u00fasica do s\u00e9culo XX.<\/h3>\n\n\n\n<p>Esta \u00e9 uma breve tradu\u00e7\u00e3o dos \u00faltimos cap\u00edtulos sobre as t\u00e9cnicas composicionais relacionadas ao s\u00e9culo XX. Breve e conciso.<\/p>\n\n\n\n<h3 class=\"wp-block-heading\">RIBEIRO, Hugo. <a target=\"_blank\" href=\"https:\/\/hugoribeiro.com.br\/antiga\/biblioteca-digital\/Ribeiro-Aula_ritmo_sec_XX.pdf\" rel=\"noreferrer noopener\">Aula sobre Ritmo no s\u00e9culo XX<\/a>.<\/h3>\n\n\n\n<p>Slide utilizado em aula, com resumo do conte\u00fado dos livros que abordam assuntos referente ao r\u00edtmo e m\u00e9trica no s\u00e9culo XX.<\/p>\n\n\n\n<h2 class=\"wp-block-heading\">Lista de compositores<\/h2>\n\n\n\n<p>Os compositores s\u00e3o praticamente os mesmos selecionados para o conte\u00fado da disciplina de <a href=\"https:\/\/hugoribeiro.com.br\/antiga\/COM\/HM-sec_XX.php\">Hist\u00f3ria da M\u00fasica no S\u00e9culo XX<\/a>, acrescentando alguns nomes do final do <a href=\"https:\/\/hugoribeiro.com.br\/antiga\/COM\/HM-romantismo.php\">Romantismo<\/a>.<\/p>\n\n\n\n<ul class=\"wp-block-list\">\n<li><a href=\"https:\/\/hugoribeiro.com.br\/index.php\/richard-wagner\/\">Richard Wagner<\/a> (1813-1883) &nbsp;<img decoding=\"async\" height=\"10\" src=\"https:\/\/hugoribeiro.com.br\/antiga\/imagens\/ok.jpg\"><\/li>\n\n\n\n<li><a href=\"https:\/\/hugoribeiro.com.br\/index.php\/claude-debussy\/\">Claude Debussy<\/a> (1862-1918) &nbsp;<img decoding=\"async\" height=\"10\" src=\"https:\/\/hugoribeiro.com.br\/antiga\/imagens\/ok.jpg\"><\/li>\n\n\n\n<li>Richard Strauss (1864-1949)<\/li>\n\n\n\n<li>Erik Satie (1866-1925)<\/li>\n\n\n\n<li>Charles Ives (1874-1954)<\/li>\n\n\n\n<li>Arnold Schoenberg (1874-1951)<\/li>\n\n\n\n<li>Maurice Ravel (1875-1937)<\/li>\n\n\n\n<li>B\u00e9la Bart\u00f3k (1881-1945)<\/li>\n\n\n\n<li>Igor Stravinsky (1882-1971)<\/li>\n\n\n\n<li>Edgard Var\u00e8se (1883-1965)<\/li>\n\n\n\n<li>Anton Webern (1883-1945)<\/li>\n\n\n\n<li>Alban Berg (1885-1935)<\/li>\n\n\n\n<li>Heitor Villa-Lobos (1887-1959)<\/li>\n\n\n\n<li>Darius Milhaud (1892-1974)<\/li>\n\n\n\n<li>Alois H\u00e1ba (1893-1973)<\/li>\n\n\n\n<li>Henry Cowell (1897-1965)<\/li>\n\n\n\n<li>George Gershwin (1898-1937)<\/li>\n\n\n\n<li>Aaron Copland (1900-1990)<\/li>\n\n\n\n<li>Luigi Dallapiccola (1904-1975)<\/li>\n\n\n\n<li>Elliott Carter (1908-2012)<\/li>\n\n\n\n<li>Olivier Messiaen (1908-1992)<\/li>\n\n\n\n<li>Samuel Barber (1910-1981)<\/li>\n\n\n\n<li>John Cage (1912-1992)<\/li>\n\n\n\n<li>Milton Babbitt (1916-2011)<\/li>\n\n\n\n<li>Bruno Maderna (1920-1973)<\/li>\n\n\n\n<li>Iannis Xenakis (1922-2001)<\/li>\n\n\n\n<li>Gyorgy Ligeti (1923-2006)<\/li>\n\n\n\n<li>Luigi Nono (1924-1990)<\/li>\n\n\n\n<li>Luciano Berio (1925-2003)<\/li>\n\n\n\n<li>Pierre Boulez (1925-)<\/li>\n\n\n\n<li>Gunther Schuller (1925-)<\/li>\n\n\n\n<li>Earle Brown (1926-2002)<\/li>\n\n\n\n<li>Morton Feldman (1926-1987)<\/li>\n\n\n\n<li>Karlheinz Stockhausen (1928-2007)<\/li>\n\n\n\n<li>Toru Takemitsu (1930-1996)<\/li>\n\n\n\n<li>Terry Riley (1935- )<\/li>\n\n\n\n<li>La Monte Young (1935- )<\/li>\n\n\n\n<li>Philip Glass (1937- )<\/li>\n<\/ul>\n","protected":false},"excerpt":{"rendered":"<p>Compositores do final do S\u00e9culo XIX foram afastando-se cada vez mais das pr\u00e1ticas tradicionais associadas ao per\u00edodo Barroco e ao Classicismo. As t\u00e9cnicas composicionais utilizadas por todo o S\u00e9culo XX nada mais s\u00e3o do que aprofundamento das experimenta\u00e7\u00f5es oriundas do Romantismo. Praticamente n\u00e3o h\u00e1 rupturas, mas uma continuidade. Por isso n\u00e3o \u00e9 f\u00e1cil dizer quando &hellip; <\/p>\n<p class=\"link-more\"><a href=\"https:\/\/hugoribeiro.com.br\/index.php\/com-tcm1\/\" class=\"more-link\">Continue lendo<span class=\"screen-reader-text\"> &#8220;Teorias Contempor\u00e2neas da M\u00fasica 1&#8221;<\/span><\/a><\/p>\n","protected":false},"author":1,"featured_media":0,"parent":0,"menu_order":0,"comment_status":"closed","ping_status":"closed","template":"","meta":{"_monsterinsights_skip_tracking":false,"_monsterinsights_sitenote_active":false,"_monsterinsights_sitenote_note":"","_monsterinsights_sitenote_category":0,"footnotes":""},"class_list":["post-723","page","type-page","status-publish","hentry"],"_links":{"self":[{"href":"https:\/\/hugoribeiro.com.br\/index.php\/wp-json\/wp\/v2\/pages\/723","targetHints":{"allow":["GET"]}}],"collection":[{"href":"https:\/\/hugoribeiro.com.br\/index.php\/wp-json\/wp\/v2\/pages"}],"about":[{"href":"https:\/\/hugoribeiro.com.br\/index.php\/wp-json\/wp\/v2\/types\/page"}],"author":[{"embeddable":true,"href":"https:\/\/hugoribeiro.com.br\/index.php\/wp-json\/wp\/v2\/users\/1"}],"replies":[{"embeddable":true,"href":"https:\/\/hugoribeiro.com.br\/index.php\/wp-json\/wp\/v2\/comments?post=723"}],"version-history":[{"count":7,"href":"https:\/\/hugoribeiro.com.br\/index.php\/wp-json\/wp\/v2\/pages\/723\/revisions"}],"predecessor-version":[{"id":796,"href":"https:\/\/hugoribeiro.com.br\/index.php\/wp-json\/wp\/v2\/pages\/723\/revisions\/796"}],"wp:attachment":[{"href":"https:\/\/hugoribeiro.com.br\/index.php\/wp-json\/wp\/v2\/media?parent=723"}],"curies":[{"name":"wp","href":"https:\/\/api.w.org\/{rel}","templated":true}]}}