{"id":744,"date":"2024-02-07T09:55:54","date_gmt":"2024-02-07T12:55:54","guid":{"rendered":"https:\/\/hugoribeiro.com.br\/?page_id=744"},"modified":"2025-05-04T21:32:30","modified_gmt":"2025-05-05T00:32:30","slug":"com-bitonalidade-e-politonalidade","status":"publish","type":"page","link":"https:\/\/hugoribeiro.com.br\/index.php\/com-bitonalidade-e-politonalidade\/","title":{"rendered":"Bitonalidade e Politonalidade"},"content":{"rendered":"\n<p>Bitonalidade \u00e9 o uso de apenas duas tonalidades diferentes ao mesmo tempo. Politonalidade \u00e9 o uso musical de mais de duas tonalidades simultaneamente. O que diferencia a bitonalidade e a politonalidade de uma m\u00fasica atonal \u00e9 o fato de ouvirmos de forma clara dois ou mais centros tonais se sobrepondo. <\/p>\n\n\n\n<p>Um exemplo bem simpl\u00f3rio seria uma composi\u00e7\u00e3o para piano na qual a m\u00e3o direita toca na tonalidade de L\u00e1 maior e a m\u00e3o direita toca na tonalidade de F\u00e1 maior. Se tocarmos cada m\u00e3o separadamente, ouvir\u00edamos de forma clara as tonalidades. <\/p>\n\n\n\n<h2 class=\"wp-block-heading\">Links para arquivos de textos<\/h2>\n\n\n\n<p>WIKIPEDIA. <a href=\"https:\/\/en.wikipedia.org\/wiki\/Polytonality\" target=\"_blank\" rel=\"noreferrer noopener\">Polytonality<\/a>. P\u00e1gina da wikip\u00e9dia em ingl\u00eas.<\/p>\n\n\n\n<h2 class=\"wp-block-heading\">Links para exemplos de Youtube<\/h2>\n\n\n\n<p>Ravel, Maurice. <em><a href=\"https:\/\/youtu.be\/OaiUtwYU9S8?si=tf5AWp4Pra-aJrTh&amp;t=285\" data-type=\"link\" data-id=\"https:\/\/youtu.be\/OaiUtwYU9S8?si=J0ZBeB1g_gh-qYyy\" target=\"_blank\" rel=\"noreferrer noopener\">Concerto in G, 2nd mov. Adagio assai<\/a><\/em>. Martha Argerich (piano), Claudio Abado (reg\u00eancia), Sinf\u00f4nica de Berlim. Video com partitura. Trecho com bitonalidade a partir de 4:50.<\/p>\n\n\n\n<p>Milhaude, Darius. <a href=\"https:\/\/youtu.be\/VZLfIKYg0Pg?si=xsmzZkZ7W3QW5kiM\">Le beuf sur le toit<\/a>. Op. 58. Ulster Orchestra. V\u00eddeo com partitura.<\/p>\n\n\n\n<p><a href=\"https:\/\/youtu.be\/LZgWp3oZa-s?si=SPaKr9jSOAQo95O2\">O que \u00e9 Politonalidade?<\/a> V\u00eddeo postado no cana de &#8220;Vini Neves Guitar&#8221;, mas que \u00e9 uma tradu\u00e7\u00e3o de um v\u00eddeo original em ingl\u00eas de Adam Neely. <\/p>\n","protected":false},"excerpt":{"rendered":"<p>Bitonalidade \u00e9 o uso de apenas duas tonalidades diferentes ao mesmo tempo. Politonalidade \u00e9 o uso musical de mais de duas tonalidades simultaneamente. O que diferencia a bitonalidade e a politonalidade de uma m\u00fasica atonal \u00e9 o fato de ouvirmos de forma clara dois ou mais centros tonais se sobrepondo. Um exemplo bem simpl\u00f3rio seria &hellip; <\/p>\n<p class=\"link-more\"><a href=\"https:\/\/hugoribeiro.com.br\/index.php\/com-bitonalidade-e-politonalidade\/\" class=\"more-link\">Continue lendo<span class=\"screen-reader-text\"> &#8220;Bitonalidade e Politonalidade&#8221;<\/span><\/a><\/p>\n","protected":false},"author":1,"featured_media":0,"parent":0,"menu_order":0,"comment_status":"closed","ping_status":"closed","template":"","meta":{"_monsterinsights_skip_tracking":false,"_monsterinsights_sitenote_active":false,"_monsterinsights_sitenote_note":"","_monsterinsights_sitenote_category":0,"footnotes":""},"class_list":["post-744","page","type-page","status-publish","hentry"],"_links":{"self":[{"href":"https:\/\/hugoribeiro.com.br\/index.php\/wp-json\/wp\/v2\/pages\/744","targetHints":{"allow":["GET"]}}],"collection":[{"href":"https:\/\/hugoribeiro.com.br\/index.php\/wp-json\/wp\/v2\/pages"}],"about":[{"href":"https:\/\/hugoribeiro.com.br\/index.php\/wp-json\/wp\/v2\/types\/page"}],"author":[{"embeddable":true,"href":"https:\/\/hugoribeiro.com.br\/index.php\/wp-json\/wp\/v2\/users\/1"}],"replies":[{"embeddable":true,"href":"https:\/\/hugoribeiro.com.br\/index.php\/wp-json\/wp\/v2\/comments?post=744"}],"version-history":[{"count":2,"href":"https:\/\/hugoribeiro.com.br\/index.php\/wp-json\/wp\/v2\/pages\/744\/revisions"}],"predecessor-version":[{"id":793,"href":"https:\/\/hugoribeiro.com.br\/index.php\/wp-json\/wp\/v2\/pages\/744\/revisions\/793"}],"wp:attachment":[{"href":"https:\/\/hugoribeiro.com.br\/index.php\/wp-json\/wp\/v2\/media?parent=744"}],"curies":[{"name":"wp","href":"https:\/\/api.w.org\/{rel}","templated":true}]}}