{"id":773,"date":"2025-05-04T20:58:18","date_gmt":"2025-05-04T23:58:18","guid":{"rendered":"https:\/\/hugoribeiro.com.br\/?page_id=773"},"modified":"2025-05-04T21:15:19","modified_gmt":"2025-05-05T00:15:19","slug":"richard-wagner","status":"publish","type":"page","link":"https:\/\/hugoribeiro.com.br\/index.php\/richard-wagner\/","title":{"rendered":"Richard Wagner"},"content":{"rendered":"\n<p>Leipzig, 22 de maio de 1813 &#8211; Veneza, 13 de fevereiro de 1883)<\/p>\n\n\n\n<p>Maestro, compositor, diretor de teatro e ensaista alem\u00e3o. Ele se tornou famoso por suas \u00f3peras (ou drama musical).<\/p>\n\n\n\n<hr class=\"wp-block-separator has-alpha-channel-opacity\"\/>\n\n\n\n<p><strong>Links para arquivos de textos<\/strong><\/p>\n\n\n\n<p>MILLINGTON, Barry et ali. <a href=\"https:\/\/hugoribeiro.com.br\/wp-content\/uploads\/2025\/05\/Wagner-New_Grove.pdf\" target=\"_blank\" rel=\"noreferrer noopener\">Wagner<\/a>. Verbete no New Grove Online sobre a fam\u00edlia Wagner, que inclui:(Wilhelm) Richard Wagner; Johanna Wagner; Siegfried (Helferich Richard) Wagner; Wieland (Adolf Gottfried) Wagner; Wolfgang (Manfred Martin) Wagner.<\/p>\n\n\n\n<p>SHAW, Bernard. <a href=\"https:\/\/hugoribeiro.com.br\/wp-content\/uploads\/2025\/05\/Shaw-The_Perfect_Wagnerite.pdf\" target=\"_blank\" rel=\"noreferrer noopener\">The Perfect Wagnerite<\/a>: A Commentary on the Niblung&#8217;s Ring.<\/p>\n\n\n\n<p>WAGNER, Richard. <a href=\"https:\/\/hugoribeiro.com.br\/wp-content\/uploads\/2025\/05\/Wagner-On_Conducting.pdf\" target=\"_blank\" rel=\"noreferrer noopener\">On conducting<\/a>. Traduzido para o ingl\u00eas Edward Dannreuther.<\/p>\n\n\n\n<p>WAGNER, Richard. <a href=\"https:\/\/hugoribeiro.com.br\/wp-content\/uploads\/2025\/05\/Wagner-Judaism_music.pdf\" target=\"_blank\" rel=\"noreferrer noopener\">Judaism in Music<\/a>. Traduzido para o ingl\u00eas por William Ashton Ellis.<\/p>\n\n\n\n<p>PIEDADE, Ac\u00e1cio. <a href=\"https:\/\/hugoribeiro.com.br\/biblioteca-digital\/Piedade-Acorde-Tristao.pdf\" target=\"_blank\" rel=\"noreferrer noopener\">Anota\u00e7\u00f5es sobre o Trist\u00e3o no Fauno<\/a>: dois prel\u00fadios ao p\u00f3s-tonal. Simp\u00f3sio de Pesquisa em M\u00fasica 2007 &#8211; DEARTES\/UFPR.<\/p>\n\n\n\n<p>LIBERATO, Jo\u00e3o. <a href=\"https:\/\/hugoribeiro.com.br\/biblioteca-digital\/Liberato-Acorde-tristao.pdf\" target=\"_blank\" rel=\"noreferrer noopener\">O acorde trist\u00e3o como s\u00edmbolo de supera\u00e7\u00e3o da teoria musical tonal<\/a>.<\/p>\n\n\n\n<p><a target=\"_blank\" href=\"http:\/\/en.wikipedia.org\/wiki\/Richard_Wagner\" rel=\"noreferrer noopener\">Wikipedia<\/a>: verbete sobre Wagner em ingl\u00eas.<\/p>\n\n\n\n<p><a target=\"_blank\" href=\"http:\/\/pt.wikipedia.org\/wiki\/Richard_Wagner\" rel=\"noreferrer noopener\">Wikipedia<\/a>: verbete sobre Wagner em portugu\u00eas.<\/p>\n\n\n\n<p><a target=\"_blank\" href=\"http:\/\/www.wagnermania.com\/\" rel=\"noreferrer noopener\">Wagnermania<\/a>: site em espanhol.<\/p>\n\n\n\n<hr class=\"wp-block-separator has-alpha-channel-opacity\"\/>\n\n\n\n<p><strong>Links para arquivos de \u00e1udio e v\u00eddeo<\/strong><\/p>\n\n\n\n<p><a target=\"_blank\" href=\"https:\/\/www.youtube.com\/watch?v=Pwk3BKipjtQ\" rel=\"noreferrer noopener\">Prel\u00fadio de Trist\u00e3o e Isolda<\/a>: v\u00eddeo de youtube. An\u00e1lise da partitura (em ingl\u00eas).<\/p>\n","protected":false},"excerpt":{"rendered":"<p>Leipzig, 22 de maio de 1813 &#8211; Veneza, 13 de fevereiro de 1883) Maestro, compositor, diretor de teatro e ensaista alem\u00e3o. Ele se tornou famoso por suas \u00f3peras (ou drama musical). Links para arquivos de textos MILLINGTON, Barry et ali. Wagner. Verbete no New Grove Online sobre a fam\u00edlia Wagner, que inclui:(Wilhelm) Richard Wagner; Johanna &hellip; <\/p>\n<p class=\"link-more\"><a href=\"https:\/\/hugoribeiro.com.br\/index.php\/richard-wagner\/\" class=\"more-link\">Continue lendo<span class=\"screen-reader-text\"> &#8220;Richard Wagner&#8221;<\/span><\/a><\/p>\n","protected":false},"author":1,"featured_media":0,"parent":0,"menu_order":0,"comment_status":"closed","ping_status":"closed","template":"","meta":{"_monsterinsights_skip_tracking":false,"_monsterinsights_sitenote_active":false,"_monsterinsights_sitenote_note":"","_monsterinsights_sitenote_category":0,"footnotes":""},"class_list":["post-773","page","type-page","status-publish","hentry"],"_links":{"self":[{"href":"https:\/\/hugoribeiro.com.br\/index.php\/wp-json\/wp\/v2\/pages\/773","targetHints":{"allow":["GET"]}}],"collection":[{"href":"https:\/\/hugoribeiro.com.br\/index.php\/wp-json\/wp\/v2\/pages"}],"about":[{"href":"https:\/\/hugoribeiro.com.br\/index.php\/wp-json\/wp\/v2\/types\/page"}],"author":[{"embeddable":true,"href":"https:\/\/hugoribeiro.com.br\/index.php\/wp-json\/wp\/v2\/users\/1"}],"replies":[{"embeddable":true,"href":"https:\/\/hugoribeiro.com.br\/index.php\/wp-json\/wp\/v2\/comments?post=773"}],"version-history":[{"count":5,"href":"https:\/\/hugoribeiro.com.br\/index.php\/wp-json\/wp\/v2\/pages\/773\/revisions"}],"predecessor-version":[{"id":788,"href":"https:\/\/hugoribeiro.com.br\/index.php\/wp-json\/wp\/v2\/pages\/773\/revisions\/788"}],"wp:attachment":[{"href":"https:\/\/hugoribeiro.com.br\/index.php\/wp-json\/wp\/v2\/media?parent=773"}],"curies":[{"name":"wp","href":"https:\/\/api.w.org\/{rel}","templated":true}]}}