{"id":775,"date":"2025-05-04T21:00:47","date_gmt":"2025-05-05T00:00:47","guid":{"rendered":"https:\/\/hugoribeiro.com.br\/?page_id=775"},"modified":"2025-05-04T21:19:36","modified_gmt":"2025-05-05T00:19:36","slug":"claude-debussy","status":"publish","type":"page","link":"https:\/\/hugoribeiro.com.br\/index.php\/claude-debussy\/","title":{"rendered":"Claude Debussy"},"content":{"rendered":"\n<p>(22 de Augosto de 1862 &#8211; 25 de Mar\u00e7o de 1918)<\/p>\n\n\n\n<p>Debussy \u00e9 um compositor franc\u00eas geralmente associado \u00e0&nbsp; escola impressionista. Segue abaixo alguns links para textos sobre o compositor e obras essenciais para ouvir.<\/p>\n\n\n\n<hr class=\"wp-block-separator has-alpha-channel-opacity\"\/>\n\n\n\n<p><strong>Links para arquivos de textos<\/strong><\/p>\n\n\n\n<p>GRIFFITS, Paul. A M\u00fasica moderna : uma hist\u00f3ria concisa e ilustrada de Debussy a Boulez. Tradu\u00e7\u00e3o de Cl\u00f3vis Marques. Rio de Janeiro: Jorge Zahar Editor, 1987. Dispon\u00edvel na \u00e1rea restrita da Biblioteca Digital. Ver, principalmente, Cap\u00edtulos 1 e 4.<\/p>\n\n\n\n<p>LESURE, Fran\u00e7ois e HOWAT, Roy. <a href=\"https:\/\/hugoribeiro.com.br\/wp-content\/uploads\/2025\/05\/Debussy-New_Grove.pdf\" target=\"_blank\" rel=\"noreferrer noopener\">Debussy, (Achille-)Claude<\/a>. Verbete no New Grove Online.<\/p>\n\n\n\n<p><a target=\"_blank\" href=\"http:\/\/en.wikipedia.org\/wiki\/Claude_Debussy\" rel=\"noreferrer noopener\">Wikipedia<\/a>: verbete sobre Debussy em ingl\u00eas. O texto em portugu\u00eas \u00e9 muito fraquinho.<\/p>\n\n\n\n<p><a target=\"_blank\" href=\"http:\/\/www.britannica.com\/EBchecked\/topic\/154804\/Claude-Debussy\" rel=\"noreferrer noopener\">Enciclopaedia Britannica<\/a>: verbete sobre Debussy,<\/p>\n\n\n\n<hr class=\"wp-block-separator has-alpha-channel-opacity\"\/>\n\n\n\n<p><strong>Links para arquivos de \u00e1udio e v\u00eddeo<\/strong><\/p>\n\n\n\n<p><a target=\"_blank\" href=\"https:\/\/www.youtube.com\/watch?v=43rzoDrD4e0\" rel=\"noreferrer noopener\">Prelude a l&#8217;apres-midi d&#8217;un Faune<\/a>: v\u00eddeo de youtube com partitura.<\/p>\n\n\n\n<p><a target=\"_blank\" href=\"https:\/\/www.youtube.com\/watch?v=HgHgCVUSLEw\" rel=\"noreferrer noopener\">Pr\u00e9lude \u00e0 l&#8217;apr\u00e8s-midi d&#8217;un faune<\/a> vers\u00e3o para piano solo: v\u00eddeo do youtube com partitura (piano). Solo piano transcription, Leonard Borwick.<\/p>\n\n\n\n<p><a target=\"_blank\" href=\"http:\/\/youtu.be\/cJsyMmC76aM\" rel=\"noreferrer noopener\">Clair de lune<\/a>: v\u00eddeo de youtube da <em>Music Animation Machine<\/em>.<\/p>\n\n\n\n<p><a target=\"_blank\" href=\"http:\/\/youtu.be\/NmG4LaRoF88\" rel=\"noreferrer noopener\">Reflets dans l&#8217;eau<\/a>: v\u00eddeo de youtube (animado). James Boyk, piano solo.<\/p>\n\n\n\n<p><a target=\"_blank\" href=\"https:\/\/www.youtube.com\/watch?v=Yh36PaE-Pf0\" rel=\"noreferrer noopener\">First Arabesque<\/a>: v\u00eddeo de youtube com partitura.<\/p>\n\n\n\n<p><a target=\"_blank\" href=\"https:\/\/www.youtube.com\/watch?v=lswHSnJ0Rlw\" rel=\"noreferrer noopener\">Estampes (1903) &#8211; 1. Pagodes<\/a>: v\u00eddeo de youtube com partitura.<\/p>\n\n\n\n<p><a target=\"_blank\" href=\"https:\/\/www.youtube.com\/watch?v=yTwvtwlSh5U\" rel=\"noreferrer noopener\">Cathedral Engloutie<\/a>: v\u00eddeo de youtube com an\u00e1lise harm\u00f4nica (em ingl\u00eas).<\/p>\n\n\n\n<p><a target=\"_blank\" href=\"https:\/\/www.youtube.com\/watch?v=vqXwzUW_fhM\" rel=\"noreferrer noopener\">Riverie<\/a>: v\u00eddeo de youtube com partitura.<\/p>\n","protected":false},"excerpt":{"rendered":"<p>(22 de Augosto de 1862 &#8211; 25 de Mar\u00e7o de 1918) Debussy \u00e9 um compositor franc\u00eas geralmente associado \u00e0&nbsp; escola impressionista. Segue abaixo alguns links para textos sobre o compositor e obras essenciais para ouvir. Links para arquivos de textos GRIFFITS, Paul. A M\u00fasica moderna : uma hist\u00f3ria concisa e ilustrada de Debussy a Boulez. &hellip; <\/p>\n<p class=\"link-more\"><a href=\"https:\/\/hugoribeiro.com.br\/index.php\/claude-debussy\/\" class=\"more-link\">Continue lendo<span class=\"screen-reader-text\"> &#8220;Claude Debussy&#8221;<\/span><\/a><\/p>\n","protected":false},"author":1,"featured_media":0,"parent":0,"menu_order":0,"comment_status":"closed","ping_status":"closed","template":"","meta":{"_monsterinsights_skip_tracking":false,"_monsterinsights_sitenote_active":false,"_monsterinsights_sitenote_note":"","_monsterinsights_sitenote_category":0,"footnotes":""},"class_list":["post-775","page","type-page","status-publish","hentry"],"_links":{"self":[{"href":"https:\/\/hugoribeiro.com.br\/index.php\/wp-json\/wp\/v2\/pages\/775","targetHints":{"allow":["GET"]}}],"collection":[{"href":"https:\/\/hugoribeiro.com.br\/index.php\/wp-json\/wp\/v2\/pages"}],"about":[{"href":"https:\/\/hugoribeiro.com.br\/index.php\/wp-json\/wp\/v2\/types\/page"}],"author":[{"embeddable":true,"href":"https:\/\/hugoribeiro.com.br\/index.php\/wp-json\/wp\/v2\/users\/1"}],"replies":[{"embeddable":true,"href":"https:\/\/hugoribeiro.com.br\/index.php\/wp-json\/wp\/v2\/comments?post=775"}],"version-history":[{"count":2,"href":"https:\/\/hugoribeiro.com.br\/index.php\/wp-json\/wp\/v2\/pages\/775\/revisions"}],"predecessor-version":[{"id":791,"href":"https:\/\/hugoribeiro.com.br\/index.php\/wp-json\/wp\/v2\/pages\/775\/revisions\/791"}],"wp:attachment":[{"href":"https:\/\/hugoribeiro.com.br\/index.php\/wp-json\/wp\/v2\/media?parent=775"}],"curies":[{"name":"wp","href":"https:\/\/api.w.org\/{rel}","templated":true}]}}