{"id":794,"date":"2025-05-07T19:48:17","date_gmt":"2025-05-07T22:48:17","guid":{"rendered":"https:\/\/hugoribeiro.com.br\/?page_id=794"},"modified":"2025-05-07T19:48:17","modified_gmt":"2025-05-07T22:48:17","slug":"harmonia-em-quartas","status":"publish","type":"page","link":"https:\/\/hugoribeiro.com.br\/index.php\/harmonia-em-quartas\/","title":{"rendered":"Harmonia em quartas"},"content":{"rendered":"\n<p>Falamos em harmonia quartal ou em quartas, quando os acordes s\u00e3o formados pela sobreposi\u00e7\u00e3o de quartas ao inv\u00e9s de ter\u00e7as. Por exemplo, uma tr\u00edade tradicional de Sol Maior \u00e9 formada pelas notas Sol, Si, R\u00e9. Uma harmonia quartal a partir da nota Sol seria formada pelas notas Sol, D\u00f3, F\u00e1.<\/p>\n\n\n\n<p><strong>Links para arquivos de textos<\/strong><\/p>\n\n\n\n<p>KOSTKA, Stefan e PAYNE, Dorothy. Harmonia Tonal: com uma introdu\u00e7\u00e3o \u00e0 m\u00fasica do s\u00e9culo XX. Traduzido por Jamary Oliveira, Hugo Ribeiro e Ricardo Bordini.<\/p>\n\n\n\n<p>No Cap\u00edtulo 28 h\u00e1 uma breve men\u00e7\u00e3o \u00e0 harmonia quartal, e um exemplo de Paul Hindemith. Procure pelo exemplo 28-21.<\/p>\n\n\n\n<p>WIKIPEDIA. Quartal and quintal harmony. Excelente p\u00e1gina da Wikipedia em ingl\u00eas sobre o assunto, com diversos exemplos de \u00e9pocas e estilos diferentes.<\/p>\n\n\n\n<p>P\u00e1gina com explica\u00e7\u00e3o sobre elementos de harmonia. O trecho sobre harmonia quartal \u00e9 bem curto mas bem explicado, com exemplos em partitura.<\/p>\n\n\n\n<p>ARTMUSICA. Harmonia quartal. Pequena p\u00e1gina sobre harmonia do site da Academia Artmusica.<\/p>\n\n\n\n<p>P\u00e1gina com explica\u00e7\u00e3o sobre elementos de harmonia. O trecho sobre harmonia quartal \u00e9 bem curto mas bem explicado, com exemplos em partitura.<\/p>\n\n\n\n<p><strong>Links para arquivos de \u00c1udio e v\u00eddeo<\/strong><\/p>\n\n\n\n<p>COREA, Chick. Childrens Song, No. 12. Video de youtube .<\/p>\n\n\n\n<p>DEBUSSY, Claude. <a href=\"https:\/\/youtu.be\/FymZsN_NiB4?si=vJN32JDmorvTT7Ez&amp;t=386\" target=\"_blank\" rel=\"noreferrer noopener\">12 Estudos<\/a>. Video de youtube disponibilizado pelo perfil de BLOP888. Executado por Mitsuko Uchida, com partitura. \u00c9 poss\u00edvel ir direto para o estudo 3 (quartas).<\/p>\n\n\n\n<p>EMERSON, Keith. Tarkus: Eruption, parte 1. Video de youtube disponibilizado pelo perfil de Keyboardscool. Keyboardworkshop por Dietmar Steinhauer, com partitura.<\/p>\n\n\n\n<p>Bebop Piano Legend Walter Bishop, Jr. Explains His Theory of Fourths. Video de youtube disponibilizado pelo perfil de Jazz Video Guy. Muito interessante. Exemplifica o uso de mel\u00f3dico de quartas. Est\u00e1 em ingl\u00eas.<\/p>\n\n\n\n<p>Jazz Harmony Tutorial: 2-5-1 &#8211; Fourths Voicings. Video de youtube disponibilizado pelo perfil de Noah Kellman. Exemplifica o uso de quartas sobrepostas sobre uma progress\u00e3o muito utilizada (ii-V-I). Est\u00e1 em ingl\u00eas.<\/p>\n\n\n\n<p>Jazz Piano &#8211; Fourths Piano Voicings. Video de youtube disponibilizado pelo perfil de Earl McDonald. Exemplifica o uso de quartas sobrepostas sobre acordes maiores, menores e dominantes. Muito bem explicado, com exemplos em partitura. Est\u00e1 em ingl\u00eas.<\/p>\n","protected":false},"excerpt":{"rendered":"<p>Falamos em harmonia quartal ou em quartas, quando os acordes s\u00e3o formados pela sobreposi\u00e7\u00e3o de quartas ao inv\u00e9s de ter\u00e7as. Por exemplo, uma tr\u00edade tradicional de Sol Maior \u00e9 formada pelas notas Sol, Si, R\u00e9. Uma harmonia quartal a partir da nota Sol seria formada pelas notas Sol, D\u00f3, F\u00e1. Links para arquivos de textos &hellip; <\/p>\n<p class=\"link-more\"><a href=\"https:\/\/hugoribeiro.com.br\/index.php\/harmonia-em-quartas\/\" class=\"more-link\">Continue lendo<span class=\"screen-reader-text\"> &#8220;Harmonia em quartas&#8221;<\/span><\/a><\/p>\n","protected":false},"author":1,"featured_media":0,"parent":0,"menu_order":0,"comment_status":"closed","ping_status":"closed","template":"","meta":{"_monsterinsights_skip_tracking":false,"_monsterinsights_sitenote_active":false,"_monsterinsights_sitenote_note":"","_monsterinsights_sitenote_category":0,"footnotes":""},"class_list":["post-794","page","type-page","status-publish","hentry"],"_links":{"self":[{"href":"https:\/\/hugoribeiro.com.br\/index.php\/wp-json\/wp\/v2\/pages\/794","targetHints":{"allow":["GET"]}}],"collection":[{"href":"https:\/\/hugoribeiro.com.br\/index.php\/wp-json\/wp\/v2\/pages"}],"about":[{"href":"https:\/\/hugoribeiro.com.br\/index.php\/wp-json\/wp\/v2\/types\/page"}],"author":[{"embeddable":true,"href":"https:\/\/hugoribeiro.com.br\/index.php\/wp-json\/wp\/v2\/users\/1"}],"replies":[{"embeddable":true,"href":"https:\/\/hugoribeiro.com.br\/index.php\/wp-json\/wp\/v2\/comments?post=794"}],"version-history":[{"count":1,"href":"https:\/\/hugoribeiro.com.br\/index.php\/wp-json\/wp\/v2\/pages\/794\/revisions"}],"predecessor-version":[{"id":795,"href":"https:\/\/hugoribeiro.com.br\/index.php\/wp-json\/wp\/v2\/pages\/794\/revisions\/795"}],"wp:attachment":[{"href":"https:\/\/hugoribeiro.com.br\/index.php\/wp-json\/wp\/v2\/media?parent=794"}],"curies":[{"name":"wp","href":"https:\/\/api.w.org\/{rel}","templated":true}]}}