{"id":8,"date":"2020-11-27T10:45:54","date_gmt":"2020-11-27T13:45:54","guid":{"rendered":"https:\/\/hugoribeiro.com.br\/?page_id=8"},"modified":"2022-10-25T19:15:01","modified_gmt":"2022-10-25T22:15:01","slug":"unb","status":"publish","type":"page","link":"https:\/\/hugoribeiro.com.br\/index.php\/unb\/","title":{"rendered":"Disciplinas UnB"},"content":{"rendered":"\n<h2 class=\"wp-block-heading\">Disciplinas UnB &#8211; 2022\/2<\/h2>\n\n\n\n<p><a href=\"https:\/\/hugoribeiro.com.br\/index.php\/harmonia-2-2022-2\/\">Harmonia Superior <\/a>2<\/p>\n\n\n\n<h2 class=\"wp-block-heading\">Disciplinas UnB &#8211; 2021\/2<\/h2>\n\n\n\n<p><a href=\"https:\/\/hugoribeiro.com.br\/index.php\/unb-harmonia-1-2021-2\/\">Harmonia Superior 1<\/a>&nbsp;(diurno)<\/p>\n\n\n\n<p><a href=\"https:\/\/hugoribeiro.com.br\/index.php\/unb-harmonia-1-2021-2\/\">Harmonia Superior 2<\/a>&nbsp;(diurno)<\/p>\n\n\n\n<p><a href=\"https:\/\/hugoribeiro.com.br\/index.php\/unb-2021-2-tcm1\">Teorias Contempor\u00e2neas da M\u00fasica 1<\/a><\/p>\n\n\n\n<h2 class=\"wp-block-heading\">Disciplinas UnB &#8211; 2021\/1<\/h2>\n\n\n\n<p><a href=\"https:\/\/hugoribeiro.com.br\/index.php\/unb-harmonia-1-2021-1\/\">Harmonia Superior 1<\/a>&nbsp;(diurno e noturno)<\/p>\n\n\n\n<p><a href=\"https:\/\/hugoribeiro.com.br\/index.php\/unb-2021-1-tcm1\">Teorias Contempor\u00e2neas da M\u00fasica 1<\/a><\/p>\n\n\n\n<h3 class=\"wp-block-heading\">Disciplinas UnB &#8211; 2020\/2<\/h3>\n\n\n\n<p>Teorias Contempor\u00e2neas da M\u00fasica 1<\/p>\n\n\n\n<p><a href=\"https:\/\/hugoribeiro.com.br\/index.php\/unb-harmonia-1-2020-2\/\">Harmonia Superior 1<\/a>&nbsp;(diurno)<\/p>\n\n\n\n<p>Harmonia Superior 2<\/p>\n\n\n\n<h3 class=\"wp-block-heading\">Disciplinas UnB &#8211; 2020\/1<\/h3>\n\n\n\n<p>Teorias Contempor\u00e2neas da M\u00fasica 1<\/p>\n\n\n\n<p>Teorias Contempor\u00e2neas da M\u00fasica 2<\/p>\n\n\n\n<p><a href=\"https:\/\/hugoribeiro.com.br\/index.php\/unb-harmonia-1-2020-1\/\">Harmonia Superior 1<\/a>&nbsp;(diurno e noturno)<\/p>\n\n\n\n<p>Harmonia Superior 2<\/p>\n\n\n\n<p>Fundamentos da T\u00e9cnica Vocal\/Instrumental 1<\/p>\n\n\n\n<p><\/p>\n\n\n\n<h3 class=\"wp-block-heading\">Disciplinas UnB &#8211; 2019\/2<\/h3>\n\n\n\n<p><a href=\"https:\/\/hugoribeiro.com.br\/antiga\/tcm1-2019-2.php\">Teorias Contempor\u00e2neas da M\u00fasica 1<\/a><\/p>\n\n\n\n<p><a href=\"https:\/\/hugoribeiro.com.br\/antiga\/Harmonia-Superior-2-2019-2.php\">Harmonia Superior 2<\/a><\/p>\n\n\n\n<p><a href=\"https:\/\/hugoribeiro.com.br\/antiga\/contraponto-1-diurno-2019-2.php\">Contraponto 1 (Diurno)<\/a><\/p>\n\n\n\n<p><a href=\"https:\/\/hugoribeiro.com.br\/antiga\/contraponto-1-noturno-2019-2.php\">Contraponto 1 (Noturno<\/a><\/p>\n\n\n\n<p><a href=\"https:\/\/hugoribeiro.com.br\/antiga\/pratica-conjunto-2019-2.php\">Pr\u00e1tica de Conjunto 1, 2, 3, 4, 5 e 6<\/a><\/p>\n\n\n\n<p><\/p>\n\n\n\n<h3 class=\"wp-block-heading\">Disciplinas UnB &#8211; 2019\/1<\/h3>\n\n\n\n<p><a href=\"https:\/\/hugoribeiro.com.br\/antiga\/tcm1-2019-1.php\">Teorias Contempor\u00e2neas da M\u00fasica 1<\/a><\/p>\n\n\n\n<p><a href=\"https:\/\/hugoribeiro.com.br\/antiga\/Harmonia-Superior-2-2019-1.php\">Harmonia Superior 2<\/a><\/p>\n\n\n\n<p><a href=\"https:\/\/hugoribeiro.com.br\/antiga\/pratica-conjunto-2019-1.php\">Pr\u00e1tica de Conjunto 1, 2, 3, 4, 5 e 6<\/a><\/p>\n\n\n\n<p><\/p>\n\n\n\n<h3 class=\"wp-block-heading\">Disciplinas UnB &#8211; 2018\/2<\/h3>\n\n\n\n<p><a href=\"https:\/\/hugoribeiro.com.br\/antiga\/Heavy-Metal_iniciantes-2018-2.php\">Heavy Metal para iniciantes<\/a><\/p>\n\n\n\n<p><a href=\"https:\/\/hugoribeiro.com.br\/antiga\/tcm1-2018-2.php\">Teorias Contempor\u00e2neas da M\u00fasica 1<\/a><\/p>\n\n\n\n<p><a href=\"https:\/\/hugoribeiro.com.br\/antiga\/Harmonia-Superior-2-2018-2.php\">Harmonia Superior 2<\/a><\/p>\n\n\n\n<p><a href=\"https:\/\/hugoribeiro.com.br\/antiga\/Contraponto-1-2018-2.php\">Contraponto e Fuga 1<\/a><\/p>\n\n\n\n<p><a href=\"https:\/\/hugoribeiro.com.br\/antiga\/Historia-Musica-3-2018-2.php\">Hist\u00f3ria da M\u00fasica 3<\/a><\/p>\n\n\n\n<p><a href=\"https:\/\/hugoribeiro.com.br\/antiga\/pratica-conjunto-2018-2.php\">Pr\u00e1tica de Conjunto 1, 2, 3, 4, 5 e 6<\/a><\/p>\n\n\n\n<p><a href=\"https:\/\/hugoribeiro.com.br\/antiga\/fundamentos-tec-inst-1-2018-2.php\">Fundamentos da T\u00e9cnica Vocal\/Instrumental 1<\/a><\/p>\n\n\n\n<p><\/p>\n\n\n\n<h3 class=\"wp-block-heading\">Disciplinas UnB &#8211; 2018\/1<\/h3>\n\n\n\n<p><a href=\"https:\/\/hugoribeiro.com.br\/antiga\/tcm1-2018-1.php\">Teorias Contempor\u00e2neas da M\u00fasica 1<\/a><\/p>\n\n\n\n<p><a href=\"https:\/\/hugoribeiro.com.br\/antiga\/Harmonia-Superior-1-2018-1.php\">Harmonia Superior 1<\/a><\/p>\n\n\n\n<p><a href=\"https:\/\/hugoribeiro.com.br\/antiga\/pratica-conjunto-2018-1.php\">Pr\u00e1tica de Conjunto 1, 2, 3, 4, 5 e 6<\/a><\/p>\n\n\n\n<p><a href=\"https:\/\/hugoribeiro.com.br\/antiga\/fundamentos-tec-inst-1-2018-1.php\">Fundamentos da T\u00e9cnica Vocal\/Instrumental 1<\/a><\/p>\n\n\n\n<p><\/p>\n\n\n\n<h3 class=\"wp-block-heading\">Disciplinas UnB &#8211; 2017\/2<\/h3>\n\n\n\n<p><a href=\"https:\/\/hugoribeiro.com.br\/antiga\/tcm1-2017-2.php\">Teorias Contempor\u00e2neas da M\u00fasica 1<\/a><\/p>\n\n\n\n<p><a href=\"https:\/\/hugoribeiro.com.br\/antiga\/Harmonia-Superior-2-2017-2.php\">Harmonia Superior 2<\/a><\/p>\n\n\n\n<p><a href=\"https:\/\/hugoribeiro.com.br\/antiga\/pratica-conjunto-2017-2.php\">Pr\u00e1tica de Conjunto 1, 2, 3, 4, 5 e 6<\/a><\/p>\n\n\n\n<p><a href=\"https:\/\/hugoribeiro.com.br\/antiga\/etnografia-musica-2017-2.php\">Etnografia em M\u00fasica<\/a><\/p>\n\n\n\n<p><\/p>\n\n\n\n<h3 class=\"wp-block-heading\">Disciplinas UnB &#8211; 2017\/1<\/h3>\n\n\n\n<p><a href=\"https:\/\/hugoribeiro.com.br\/antiga\/tcm1-2017-1.php\">Teorias Contempor\u00e2neas da M\u00fasica 1<\/a><\/p>\n\n\n\n<p><a href=\"https:\/\/hugoribeiro.com.br\/antiga\/Harmonia-Superior-1-2017-1.php\">Harmonia Superior 1<\/a><\/p>\n\n\n\n<p><a href=\"https:\/\/hugoribeiro.com.br\/antiga\/Harmonia-Superior-2-2017-1.php\">Harmonia Superior 2<\/a><\/p>\n\n\n\n<p><a href=\"https:\/\/hugoribeiro.com.br\/antiga\/pratica-conjunto-2017-1.php\">Pr\u00e1tica de Conjunto 1, 2, 3, 4, 5 e 6<\/a><\/p>\n\n\n\n<p><a href=\"https:\/\/hugoribeiro.com.br\/antiga\/etnomusicologia-2017-1.php\">Etnomusicologia<\/a><\/p>\n\n\n\n<p><a href=\"https:\/\/hugoribeiro.com.br\/antiga\/fundamentos-tec-inst-1-2017-1.php\">Fundamentos da T\u00e9cnica Vocal\/Instrumental 1<\/a><\/p>\n\n\n\n<p><a href=\"https:\/\/hugoribeiro.com.br\/antiga\/analise-schenkeriana-2017-1.php\">Introdu\u00e7\u00e3o \u00e0 an\u00e1lise Schenkeriana (Curso de Extens\u00e3o)<\/a><\/p>\n\n\n\n<p><\/p>\n\n\n\n<h3 class=\"wp-block-heading\">Disciplinas UnB &#8211; 2016\/2<\/h3>\n\n\n\n<p><a href=\"https:\/\/hugoribeiro.com.br\/antiga\/Harmonia-Superior-1-2016-2.php\">Harmonia Superior 1<\/a><\/p>\n\n\n\n<p><a href=\"https:\/\/hugoribeiro.com.br\/antiga\/Harmonia-Superior-2-2016-2.php\">Harmonia Superior 2<\/a><\/p>\n\n\n\n<p><a href=\"https:\/\/hugoribeiro.com.br\/antiga\/pratica-conjunto-2016-2.php\">Pr\u00e1tica de Conjunto 1, 2, 3, 4, 5 e 6<\/a><\/p>\n\n\n\n<p><a href=\"https:\/\/hugoribeiro.com.br\/antiga\/etnografia-musica-2016-2.php\">Etnografia da M\u00fasica<\/a><\/p>\n\n\n\n<p><a href=\"https:\/\/hugoribeiro.com.br\/antiga\/fundamentos-tec-inst-1-2016-2.php\">Fundamentos da T\u00e9cnica Vocal\/Instrumental 1<\/a><\/p>\n\n\n\n<p><\/p>\n\n\n\n<h3 class=\"wp-block-heading\">Disciplinas UnB &#8211; 2016\/1<\/h3>\n\n\n\n<p><a href=\"https:\/\/hugoribeiro.com.br\/antiga\/tcm1-2016-1.php\">Teorias Contempor\u00e2neas da M\u00fasica 1<\/a><\/p>\n\n\n\n<p><a href=\"https:\/\/hugoribeiro.com.br\/antiga\/Harmonia-Superior-1-2016-1.php\">Harmonia Superior 1<\/a><\/p>\n\n\n\n<p><a href=\"https:\/\/hugoribeiro.com.br\/antiga\/pratica-conjunto-2016-1.php\">Pr\u00e1tica de Conjunto 1, 2, 3, 4, 5 e 6<\/a><\/p>\n\n\n\n<p><a href=\"https:\/\/hugoribeiro.com.br\/antiga\/etnomusicologia-2016-1.php\">Etnomusicologia (Mestrado)<\/a><\/p>\n\n\n\n<p><a href=\"https:\/\/hugoribeiro.com.br\/antiga\/software-livre-2016-1.php\">Softwares livres para elabora\u00e7\u00e3o de material did\u00e1tico em m\u00fasica<\/a><\/p>\n\n\n\n<p><\/p>\n\n\n\n<h3 class=\"wp-block-heading\">Disciplinas UnB &#8211; 2015\/2<\/h3>\n\n\n\n<p><a href=\"https:\/\/hugoribeiro.com.br\/antiga\/tcm1-2015-2.php\">Teorias Contempor\u00e2neas da M\u00fasica 1<\/a><\/p>\n\n\n\n<p><a href=\"https:\/\/hugoribeiro.com.br\/antiga\/Harmonia-Superior-2-2015-2.php\">Harmonia Superior 2<\/a><\/p>\n\n\n\n<p><a href=\"https:\/\/hugoribeiro.com.br\/antiga\/pmc2-2015-2.php\">Pr\u00e1ticas Musicais da Cultura 2<\/a><\/p>\n\n\n\n<p><a href=\"https:\/\/hugoribeiro.com.br\/antiga\/pratica-conjunto-2015-2.php\">Pr\u00e1tica de Conjunto 1, 2, 3, 4, 5 e 6<\/a><\/p>\n\n\n\n<p><a href=\"https:\/\/hugoribeiro.com.br\/antiga\/etnografia-musica-2015-2.php\">Etnografia da M\u00fasica<\/a><\/p>\n\n\n\n<p><a href=\"https:\/\/hugoribeiro.com.br\/antiga\/metodologia_pesquisa-2015-2.php\">Metodologia da Pesquisa<\/a><\/p>\n\n\n\n<p><\/p>\n\n\n\n<h3 class=\"wp-block-heading\">Disciplinas UnB &#8211; 2015\/1<\/h3>\n\n\n\n<p><a href=\"https:\/\/hugoribeiro.com.br\/antiga\/tcm1-2015-1.php\">Teorias Contempor\u00e2neas da M\u00fasica 1<\/a><\/p>\n\n\n\n<p><a href=\"https:\/\/hugoribeiro.com.br\/antiga\/Harmonia-Superior-1-2015-1.php\">Harmonia Superior 1<\/a><\/p>\n\n\n\n<p><a href=\"https:\/\/hugoribeiro.com.br\/antiga\/Contraponto-1-2015-1.php\">Contraponto 1<\/a><\/p>\n\n\n\n<p><a href=\"https:\/\/hugoribeiro.com.br\/antiga\/pmc1-2015-1.php\">Pr\u00e1ticas Musicais da Cultura 1<\/a><\/p>\n\n\n\n<p><a href=\"https:\/\/hugoribeiro.com.br\/antiga\/pratica-conjunto-2015-1.php\">Pr\u00e1tica de Conjunto 1, 2, 3, 4, 5 e 6<\/a><\/p>\n\n\n\n<p><\/p>\n\n\n\n<h3 class=\"wp-block-heading\">Disciplinas UnB &#8211; 2014\/2<\/h3>\n\n\n\n<p><a href=\"https:\/\/hugoribeiro.com.br\/antiga\/etnografia-musica-2014-2.php\">Etnografia em M\u00fasica (Mestrado)<\/a><\/p>\n\n\n\n<p><a href=\"https:\/\/hugoribeiro.com.br\/antiga\/tcm1-2014-2.php\">Teorias Contempor\u00e2neas da M\u00fasica 1<\/a><\/p>\n\n\n\n<p><a href=\"https:\/\/hugoribeiro.com.br\/antiga\/pratica-conjunto-2014-2.php\">Pr\u00e1tica de Conjunto 1, 2, 3, 4, 5 e 6<\/a><\/p>\n\n\n\n<p><a href=\"https:\/\/hugoribeiro.com.br\/antiga\/Harmonia-Superior-2-2014-2.php\">Harmonia Superior 2<\/a><\/p>\n\n\n\n<p><\/p>\n\n\n\n<h3 class=\"wp-block-heading\">Disciplinas UnB &#8211; 2014\/1<\/h3>\n\n\n\n<p>Etnomusicologia (Mestrado)<\/p>\n\n\n\n<p>Teorias Contempor\u00e2neas da M\u00fasica 1<\/p>\n\n\n\n<p><a href=\"https:\/\/hugoribeiro.com.br\/antiga\/Harmonia-Superior-1-2014-1.php\">Harmonia Superior 1<\/a><\/p>\n\n\n\n<p><a href=\"https:\/\/hugoribeiro.com.br\/antiga\/pratica-conjunto-2014-1.php\">Pr\u00e1tica de Conjunto 1, 2, 3, 4, 5 e 6<\/a><\/p>\n\n\n\n<p><\/p>\n\n\n\n<h3 class=\"wp-block-heading\">Disciplinas UnB &#8211; 2013\/2<\/h3>\n\n\n\n<p><a href=\"https:\/\/hugoribeiro.com.br\/antiga\/etnografia-musica-2013-2.php\">Etnografia em M\u00fasica (Mestrado)<\/a><\/p>\n\n\n\n<p><a href=\"https:\/\/hugoribeiro.com.br\/antiga\/eleha3-2013-2.php\">Elementos de Linguagem, Est\u00e9tica e Hist\u00f3ria da Arte 3<\/a><\/p>\n\n\n\n<p><a href=\"https:\/\/hugoribeiro.com.br\/antiga\/tcm1-2013-2.php\">Teorias Contempor\u00e2neas da M\u00fasica 1<\/a><\/p>\n\n\n\n<p><a href=\"https:\/\/hugoribeiro.com.br\/antiga\/guitarra-2013-2.php\">Guitarra 1, 2, 3 e 4<\/a><\/p>\n\n\n\n<p><a href=\"https:\/\/hugoribeiro.com.br\/antiga\/pratica-conjunto-2013-2.php\">Pr\u00e1tica de Conjunto 1, 2, 3, 4, 5 e 6<\/a><\/p>\n\n\n\n<p><\/p>\n\n\n\n<h3 class=\"wp-block-heading\">Disciplinas UnB &#8211; 2013\/1<\/h3>\n\n\n\n<p><a href=\"https:\/\/hugoribeiro.com.br\/antiga\/texto-contexto-musica-2013-1.php\">Texto e Contexto em M\u00fasica (Mestrado)<\/a><\/p>\n\n\n\n<p><a href=\"https:\/\/hugoribeiro.com.br\/antiga\/Harmonia-Superior-2-2013-1.php\">Harmonia Superior 2<\/a><\/p>\n\n\n\n<p><\/p>\n\n\n\n<h3 class=\"wp-block-heading\">Disciplinas UnB &#8211; 2012\/2<\/h3>\n\n\n\n<p><a href=\"https:\/\/hugoribeiro.com.br\/antiga\/etnografia-musica-2012-2.php\">Etnografia das Pr\u00e1ticas Musicais Regionais (Mestrado)<\/a><\/p>\n","protected":false},"excerpt":{"rendered":"<p>Disciplinas UnB &#8211; 2022\/2 Harmonia Superior 2 Disciplinas UnB &#8211; 2021\/2 Harmonia Superior 1&nbsp;(diurno) Harmonia Superior 2&nbsp;(diurno) Teorias Contempor\u00e2neas da M\u00fasica 1 Disciplinas UnB &#8211; 2021\/1 Harmonia Superior 1&nbsp;(diurno e noturno) Teorias Contempor\u00e2neas da M\u00fasica 1 Disciplinas UnB &#8211; 2020\/2 Teorias Contempor\u00e2neas da M\u00fasica 1 Harmonia Superior 1&nbsp;(diurno) Harmonia Superior 2 Disciplinas UnB &#8211; 2020\/1 &hellip; <\/p>\n<p class=\"link-more\"><a href=\"https:\/\/hugoribeiro.com.br\/index.php\/unb\/\" class=\"more-link\">Continue lendo<span class=\"screen-reader-text\"> &#8220;Disciplinas UnB&#8221;<\/span><\/a><\/p>\n","protected":false},"author":1,"featured_media":0,"parent":0,"menu_order":0,"comment_status":"closed","ping_status":"closed","template":"","meta":{"_monsterinsights_skip_tracking":false,"_monsterinsights_sitenote_active":false,"_monsterinsights_sitenote_note":"","_monsterinsights_sitenote_category":0,"footnotes":""},"class_list":["post-8","page","type-page","status-publish","hentry"],"_links":{"self":[{"href":"https:\/\/hugoribeiro.com.br\/index.php\/wp-json\/wp\/v2\/pages\/8","targetHints":{"allow":["GET"]}}],"collection":[{"href":"https:\/\/hugoribeiro.com.br\/index.php\/wp-json\/wp\/v2\/pages"}],"about":[{"href":"https:\/\/hugoribeiro.com.br\/index.php\/wp-json\/wp\/v2\/types\/page"}],"author":[{"embeddable":true,"href":"https:\/\/hugoribeiro.com.br\/index.php\/wp-json\/wp\/v2\/users\/1"}],"replies":[{"embeddable":true,"href":"https:\/\/hugoribeiro.com.br\/index.php\/wp-json\/wp\/v2\/comments?post=8"}],"version-history":[{"count":23,"href":"https:\/\/hugoribeiro.com.br\/index.php\/wp-json\/wp\/v2\/pages\/8\/revisions"}],"predecessor-version":[{"id":620,"href":"https:\/\/hugoribeiro.com.br\/index.php\/wp-json\/wp\/v2\/pages\/8\/revisions\/620"}],"wp:attachment":[{"href":"https:\/\/hugoribeiro.com.br\/index.php\/wp-json\/wp\/v2\/media?parent=8"}],"curies":[{"name":"wp","href":"https:\/\/api.w.org\/{rel}","templated":true}]}}